{"id":121586,"date":"2026-04-07T00:00:00","date_gmt":"2026-04-06T22:00:00","guid":{"rendered":"https:\/\/gpl-love.com\/fr\/produit\/woocommerce-pre-orders\/"},"modified":"2026-04-10T18:47:56","modified_gmt":"2026-04-10T16:47:56","slug":"woocommerce-pre-orders","status":"publish","type":"product","link":"https:\/\/gpl-love.com\/fr\/produit\/woocommerce-pre-orders\/","title":{"rendered":"WooCommerce Pre Orders 2.3.4"},"content":{"rendered":"<h3>WooCommerce Pre Orders Traits<\/h3>\n<p>WooCommerce Prers, un outil incroyablement robuste et dynamique, permet aux propri\u00e9taires de magasins en ligne en leur offrant l&rsquo;occasion exceptionnelle d&rsquo;offrir \u00e0 leurs clients estim\u00e9s la capacit\u00e9 unique de pr\u00e9commander des produits qui n&rsquo;ont pas encore \u00e9t\u00e9 mis \u00e0 disposition \u00e0 l&rsquo;achat. Cette fonctionnalit\u00e9 extraordinaire permet non seulement aux entreprises de g\u00e9n\u00e9rer efficacement et efficacement des ventes, mais leur permet \u00e9galement d&rsquo;\u00e9valuer et d&rsquo;\u00e9valuer de mani\u00e8re experte la demande pour leurs produits nouveaux et \u00e0 venir avant leur version r\u00e9elle. De plus, cet outil exceptionnel poss\u00e8de une interface remarquablement conviviale, qui facilite sans effort le processus de mise en place de pr\u00e9commandes pour des produits sp\u00e9cifiques ou m\u00eame des cat\u00e9gories de produits enti\u00e8res. En outre, ce syst\u00e8me extraordinaire est \u00e9quip\u00e9 d&rsquo;une capacit\u00e9 incroyable de g\u00e9rer automatiquement les stocks et de r\u00e9aliser des commandes d\u00e8s que ces produits attendus sont finalement disponibles. Par cons\u00e9quent, avec les pr\u00e9-commandes de WooCommerce \u00e0 leur disposition, les d\u00e9taillants en ligne peuvent amplifier avec succ\u00e8s leurs revenus, minimiser consid\u00e9rablement les d\u00e9chets et, finalement, offrir \u00e0 leurs clients estim\u00e9s une exp\u00e9rience d&rsquo;achat sans pr\u00e9c\u00e9dent, plus gicrosante et extr\u00eamement personnalis\u00e9e.<\/p>\n<ul>\n<li>Permet aux clients de pr\u00e9commander des produits qui ne sont pas encore disponibles<\/li>\n<li>Permet aux magasins de percevoir les paiements pour les pr\u00e9commandes \u00e0 l&rsquo;avance<\/li>\n<li>Fournit des options pour d\u00e9finir une date de sortie pour les produits pr\u00e9command\u00e9s<\/li>\n<li>S&rsquo;int\u00e8gre parfaitement \u00e0 WooCommerce, la populaire plateforme de commerce \u00e9lectronique<\/li>\n<li>\u00c9conomise du temps et des ressources en automatisant le processus de pr\u00e9commande<\/li>\n<li>Offre une flexibilit\u00e9 dans la gestion des pr\u00e9commandes, y compris des exp\u00e9ditions partielles et des annulations<\/li>\n<li>Augmente les ventes en permettant aux clients de s\u00e9curiser leurs commandes avant que les produits ne soient en rupture de stock<\/li>\n<\/ul>\n","protected":false},"excerpt":{"rendered":"<p>Le plugin WooCommerce Prers est un outil incroyablement robuste et influent qui permet aux entreprises d&rsquo;accepter sans effort des pr\u00e9commandes au sein de leur magasin WooCommerce. En utilisant ce plugin, les entreprises ont la possibilit\u00e9 de configurer et d&rsquo;\u00e9tablir sans effort des options de pr\u00e9commande pour leurs produits, garantissant ainsi une exp\u00e9rience de pr\u00e9commande transparente et sans effort pour leurs pr\u00e9cieux clients. De plus, le plugin permet une personnalisation approfondie des messages de pr\u00e9commande, permettant aux entreprises d&rsquo;adapter ces messages pr\u00e9cis\u00e9ment \u00e0 leur marque et \u00e0 la client\u00e8le uniques. De plus, le plugin offre aux entreprises la flexibilit\u00e9 d&rsquo;\u00e9tablir des dates de lib\u00e9ration distinctes pour chaque produit individuel, am\u00e9liorant davantage leur capacit\u00e9 \u00e0 g\u00e9rer et \u00e0 organiser efficacement leur processus de pr\u00e9commande. Il est clair sans \u00e9quivoque que le plugin WooCommerce Prers est un outil absolument essentiel pour toute entreprise qui cherche \u00e0 augmenter l&rsquo;engagement des clients, \u00e0 \u00e9lever les ventes de pr\u00e9commande et \u00e0 optimiser ses op\u00e9rations globales de gestion des commandes.<\/p>\n","protected":false},"featured_media":145975,"comment_status":"open","ping_status":"open","template":"","meta":[],"product_brand":[2440],"product_cat":[1182,1223,1181],"product_tag":[1398],"class_list":{"0":"post-121586","1":"product","2":"type-product","3":"status-publish","4":"has-post-thumbnail","6":"product_brand-woocommerce","7":"product_cat-commerce-electronique-plugins","8":"product_cat-personnalisation-commerce-electronique-plugins","9":"product_cat-plugins","10":"product_tag-woocommerce","11":"member-discount","12":"discount-restricted","14":"first","15":"instock","16":"sale","17":"downloadable","18":"virtual","19":"sold-individually","20":"purchasable","21":"product-type-simple"},"_links":{"self":[{"href":"https:\/\/gpl-love.com\/fr\/wp-json\/wp\/v2\/product\/121586","targetHints":{"allow":["GET"]}}],"collection":[{"href":"https:\/\/gpl-love.com\/fr\/wp-json\/wp\/v2\/product"}],"about":[{"href":"https:\/\/gpl-love.com\/fr\/wp-json\/wp\/v2\/types\/product"}],"replies":[{"embeddable":true,"href":"https:\/\/gpl-love.com\/fr\/wp-json\/wp\/v2\/comments?post=121586"}],"wp:featuredmedia":[{"embeddable":true,"href":"https:\/\/gpl-love.com\/fr\/wp-json\/wp\/v2\/media\/145975"}],"wp:attachment":[{"href":"https:\/\/gpl-love.com\/fr\/wp-json\/wp\/v2\/media?parent=121586"}],"wp:term":[{"taxonomy":"product_brand","embeddable":true,"href":"https:\/\/gpl-love.com\/fr\/wp-json\/wp\/v2\/product_brand?post=121586"},{"taxonomy":"product_cat","embeddable":true,"href":"https:\/\/gpl-love.com\/fr\/wp-json\/wp\/v2\/product_cat?post=121586"},{"taxonomy":"product_tag","embeddable":true,"href":"https:\/\/gpl-love.com\/fr\/wp-json\/wp\/v2\/product_tag?post=121586"}],"curies":[{"name":"wp","href":"https:\/\/api.w.org\/{rel}","templated":true}]}}