{"id":121584,"date":"2022-02-17T00:00:00","date_gmt":"2022-02-16T23:00:00","guid":{"rendered":"https:\/\/gpl-love.com\/fr\/produit\/woocommerce-paypal-advanced\/"},"modified":"2026-04-10T18:47:44","modified_gmt":"2026-04-10T16:47:44","slug":"woocommerce-paypal-advanced","status":"publish","type":"product","link":"https:\/\/gpl-love.com\/fr\/produit\/woocommerce-paypal-advanced\/","title":{"rendered":"WooCommerce PayPal Advanced 1.24.12"},"content":{"rendered":"<h3>WooCommerce PayPal Advanced Traits<\/h3>\n<p>WooCommerce PayPal Advanced, une passerelle de paiement hautement s\u00e9curis\u00e9e et conviviale, s&rsquo;adresse aux entreprises en ligne mondiales en facilitant l&rsquo;acceptation des paiements des clients du monde entier. Cet outil remarquable int\u00e8gre de mani\u00e8re transparente la plate-forme de commerce \u00e9lectronique extr\u00eamement populaire, WooCommerce, avec le service de paiement num\u00e9rique de renomm\u00e9e mondiale, PayPal. Gr\u00e2ce \u00e0 l&rsquo;utilisation de WooCommerce PayPal Advanced, les commer\u00e7ants sont autoris\u00e9s \u00e0 optimiser leur processus de paiement, offrant ainsi \u00e0 leurs clients exigeants une option de paiement \u00e0 la fois pratique et fiable. En outre, cet outil inestimable incite les entreprises \u00e0 la possibilit\u00e9 de g\u00e9rer efficacement leurs transactions au sein d&rsquo;une plate-forme centralis\u00e9e, leur offrant un acc\u00e8s en temps r\u00e9el aux donn\u00e9es de vente pivot, des proc\u00e9dures de remboursement et des r\u00e9solutions de litige. Dans l&rsquo;ensemble, les capacit\u00e9s \u00e0 multiples facettes de WooCommerce PayPal Advanced en font une solution in\u00e9branlable et tr\u00e8s efficace pour les entreprises qui aspirent \u00e0 \u00e9largir leur client\u00e8le et \u00e0 favoriser la croissance des ventes en ligne.<\/p>\n<ul>\n<li>Int\u00e8gre de mani\u00e8re transparente la passerelle de paiement avanc\u00e9 PayPal avec WooCommerce<\/li>\n<li>Accepte les paiements de toutes les principales cartes de cr\u00e9dit et de d\u00e9bit, y compris Visa, MasterCard, American Express et Discover<\/li>\n<li>Prend en charge les paiements r\u00e9currents pour les abonnements et les abonnements<\/li>\n<li>Fournit un processus de paiement s\u00e9curis\u00e9 et convivial pour les clients<\/li>\n<li>Permet aux commer\u00e7ants de personnaliser la page de paiement avec leur propre marque et leur conception<\/li>\n<li>Offre des outils de protection contre la fraude et de gestion des risques pour sauvegarder les transactions frauduleuses<\/li>\n<li>Mette \u00e0 jour automatiquement l&rsquo;\u00e9tat de commande et envoie des notifications aux clients et aux commer\u00e7ants pour les paiements r\u00e9ussis<\/li>\n<li>Donne acc\u00e8s \u00e0 des rapports de vente d\u00e9taill\u00e9s et aux donn\u00e9es de transaction pour de meilleures informations et analyses commerciales<\/li>\n<li>Offre un soutien et une documentation r\u00e9actifs des \u00e9quipes WooCommerce et PayPal<\/li>\n<\/ul>\n","protected":false},"excerpt":{"rendered":"<p>WooCommerce Paypal Advanced pr\u00e9sente un outil de traitement des paiements exceptionnellement efficace, facilitant ainsi l&rsquo;acceptation transparente des paiements de carte de cr\u00e9dit et de d\u00e9bit directement sur votre boutique en ligne. Gr\u00e2ce \u00e0 l&rsquo;int\u00e9gration transparente avec PayPal, vous avez la capacit\u00e9 de traiter en toute s\u00e9curit\u00e9 les paiements et de g\u00e9rer efficacement les commandes, le tout \u00e0 partir d&rsquo;un emplacement centralis\u00e9. Ce plugin remarquable poss\u00e8de une vaste gamme d&rsquo;options de paiement, pour s&rsquo;adapter \u00e0 l&rsquo;utilisation du paiement PayPal Express, PayPal Payments Pro et PayPal Payflow Pro. Avec la mise en \u0153uvre de fonctionnalit\u00e9s de paiement de pointe telles que le paiement personnalisable, la protection compl\u00e8te de la fraude et la possibilit\u00e9 de faciliter les paiements r\u00e9currents, vous \u00eates en mesure de rationaliser votre processus de paiement complet, favorisant finalement un niveau in\u00e9gal\u00e9 de satisfaction client. Nous vous exhortons \u00e0 vous lancer dans votre voyage avec WooCommerce Paypal avanc\u00e9 aujourd&rsquo;hui, et assistez de premi\u00e8re main \u00e0 la puissance transformatrice qu&rsquo;il poss\u00e8de pour offrir une exp\u00e9rience de paiement impeccablement douce et gratifiante pour votre pr\u00e9cieuse client\u00e8le!<\/p>\n","protected":false},"featured_media":145957,"comment_status":"open","ping_status":"open","template":"","meta":[],"product_brand":[2440],"product_cat":[1182,1401,1181],"product_tag":[1398],"class_list":{"0":"post-121584","1":"product","2":"type-product","3":"status-publish","4":"has-post-thumbnail","6":"product_brand-woocommerce","7":"product_cat-commerce-electronique-plugins","8":"product_cat-paiement-commerce-electronique-plugins","9":"product_cat-plugins","10":"product_tag-woocommerce","11":"member-discount","12":"discount-restricted","14":"first","15":"instock","16":"sale","17":"downloadable","18":"virtual","19":"sold-individually","20":"purchasable","21":"product-type-simple"},"_links":{"self":[{"href":"https:\/\/gpl-love.com\/fr\/wp-json\/wp\/v2\/product\/121584","targetHints":{"allow":["GET"]}}],"collection":[{"href":"https:\/\/gpl-love.com\/fr\/wp-json\/wp\/v2\/product"}],"about":[{"href":"https:\/\/gpl-love.com\/fr\/wp-json\/wp\/v2\/types\/product"}],"replies":[{"embeddable":true,"href":"https:\/\/gpl-love.com\/fr\/wp-json\/wp\/v2\/comments?post=121584"}],"wp:featuredmedia":[{"embeddable":true,"href":"https:\/\/gpl-love.com\/fr\/wp-json\/wp\/v2\/media\/145957"}],"wp:attachment":[{"href":"https:\/\/gpl-love.com\/fr\/wp-json\/wp\/v2\/media?parent=121584"}],"wp:term":[{"taxonomy":"product_brand","embeddable":true,"href":"https:\/\/gpl-love.com\/fr\/wp-json\/wp\/v2\/product_brand?post=121584"},{"taxonomy":"product_cat","embeddable":true,"href":"https:\/\/gpl-love.com\/fr\/wp-json\/wp\/v2\/product_cat?post=121584"},{"taxonomy":"product_tag","embeddable":true,"href":"https:\/\/gpl-love.com\/fr\/wp-json\/wp\/v2\/product_tag?post=121584"}],"curies":[{"name":"wp","href":"https:\/\/api.w.org\/{rel}","templated":true}]}}