{"id":121582,"date":"2022-02-17T00:00:00","date_gmt":"2022-02-16T23:00:00","guid":{"rendered":"https:\/\/gpl-love.com\/fr\/produit\/woocommerce-paypal-adaptive-payments\/"},"modified":"2026-04-10T18:47:43","modified_gmt":"2026-04-10T16:47:43","slug":"woocommerce-paypal-adaptive-payments","status":"publish","type":"product","link":"https:\/\/gpl-love.com\/fr\/produit\/woocommerce-paypal-adaptive-payments\/","title":{"rendered":"WooCommerce PayPal Adaptive Payments 1.1.11"},"content":{"rendered":"<h3>WooCommerce PayPal Adaptive Payments Traits<\/h3>\n<p>WooCommerce PayPal Adaptive Payments est une passerelle de paiement tr\u00e8s efficace et robuste qui offre aux entreprises la capacit\u00e9 exceptionnelle d&rsquo;accepter de mani\u00e8re transparente les paiements des clients du monde via PayPal. Cette passerelle de paiement incroyable facilite non seulement la gestion sans compensation des paiements, des remboursements et des litiges, mais pr\u00e9sente \u00e9galement un \u00e9ventail d&rsquo;options de paiement flexibles, englobant les paiements parall\u00e8les, les paiements encha\u00een\u00e9s et les pr\u00e9-approvisionnements. En outre, son processus de configuration simple permet aux entreprises de commencer rapidement \u00e0 accepter les paiements en quelques minutes. Essentiellement, l&rsquo;int\u00e9gration de cette passerelle de paiement exceptionnelle dans tout cadre de l&rsquo;entreprise sert de moyen magnifique pour \u00e9largir des alternatives de paiement et am\u00e9liorer l&rsquo;efficacit\u00e9 du syst\u00e8me de gestion des paiements.<\/p>\n<ul>\n<li>Int\u00e8gre de mani\u00e8re transparente le syst\u00e8me de paiement adaptatif de PayPal avec WooCommerce<\/li>\n<li>Permet des paiements divis\u00e9s entre plusieurs destinataires<\/li>\n<li>Offre une distribution automatique des fonds aux destinataires d\u00e9sign\u00e9s<\/li>\n<li>Fournit un suivi et des rapports de transactions en temps r\u00e9el<\/li>\n<li>Permet un traitement de paiement s\u00e9curis\u00e9 et fiable pour les clients et les commer\u00e7ants<\/li>\n<li>Compatible avec toutes les principales devises et m\u00e9thodes de paiement<\/li>\n<li>Param\u00e8tres et options personnalisables pour r\u00e9pondre aux besoins des entreprises individuelles<\/li>\n<li>Fournit un support client exceptionnel pour tout probl\u00e8me ou pr\u00e9occupation technique.<\/li>\n<\/ul>\n","protected":false},"excerpt":{"rendered":"<p>Le plugin WooCommerce PayPal Adaptive Payments offre la possibilit\u00e9 de diviser les paiements entre plusieurs destinataires, en chargeant des sc\u00e9narios de transaction complexes. Cette fonctionnalit\u00e9 vous permet d&rsquo;allouer sans effort les revenus entre les fournisseurs ou les partenaires, tous dans les limites pratiques de votre magasin WooCommerce. Avec les paiements adaptatifs, vous obtenez la capacit\u00e9 d&rsquo;autoriser et de capturer les paiements gr\u00e2ce \u00e0 diverses m\u00e9thodes, englobant les pr\u00e9-approbations et retard\u00e9 les paiements encha\u00een\u00e9s. Cet outil robuste vous garantit un contr\u00f4le sans pr\u00e9c\u00e9dent sur les flux de paiement et l&rsquo;adaptabilit\u00e9 pour accueillir une pl\u00e9thore de sc\u00e9narios de paiement, facilitant finalement une exp\u00e9rience de paiement transparente pour vos pr\u00e9cieux clients.<\/p>\n","protected":false},"featured_media":145956,"comment_status":"open","ping_status":"open","template":"","meta":[],"product_brand":[2440],"product_cat":[1182,1401,1181],"product_tag":[1398],"class_list":{"0":"post-121582","1":"product","2":"type-product","3":"status-publish","4":"has-post-thumbnail","6":"product_brand-woocommerce","7":"product_cat-commerce-electronique-plugins","8":"product_cat-paiement-commerce-electronique-plugins","9":"product_cat-plugins","10":"product_tag-woocommerce","11":"member-discount","12":"discount-restricted","14":"first","15":"instock","16":"sale","17":"downloadable","18":"virtual","19":"sold-individually","20":"purchasable","21":"product-type-simple"},"_links":{"self":[{"href":"https:\/\/gpl-love.com\/fr\/wp-json\/wp\/v2\/product\/121582","targetHints":{"allow":["GET"]}}],"collection":[{"href":"https:\/\/gpl-love.com\/fr\/wp-json\/wp\/v2\/product"}],"about":[{"href":"https:\/\/gpl-love.com\/fr\/wp-json\/wp\/v2\/types\/product"}],"replies":[{"embeddable":true,"href":"https:\/\/gpl-love.com\/fr\/wp-json\/wp\/v2\/comments?post=121582"}],"wp:featuredmedia":[{"embeddable":true,"href":"https:\/\/gpl-love.com\/fr\/wp-json\/wp\/v2\/media\/145956"}],"wp:attachment":[{"href":"https:\/\/gpl-love.com\/fr\/wp-json\/wp\/v2\/media?parent=121582"}],"wp:term":[{"taxonomy":"product_brand","embeddable":true,"href":"https:\/\/gpl-love.com\/fr\/wp-json\/wp\/v2\/product_brand?post=121582"},{"taxonomy":"product_cat","embeddable":true,"href":"https:\/\/gpl-love.com\/fr\/wp-json\/wp\/v2\/product_cat?post=121582"},{"taxonomy":"product_tag","embeddable":true,"href":"https:\/\/gpl-love.com\/fr\/wp-json\/wp\/v2\/product_tag?post=121582"}],"curies":[{"name":"wp","href":"https:\/\/api.w.org\/{rel}","templated":true}]}}