{"id":121580,"date":"2022-02-17T00:00:00","date_gmt":"2022-02-16T23:00:00","guid":{"rendered":"https:\/\/gpl-love.com\/fr\/produit\/woocommerce-mailchimp-discount\/"},"modified":"2026-04-10T18:47:16","modified_gmt":"2026-04-10T16:47:16","slug":"woocommerce-mailchimp-discount","status":"publish","type":"product","link":"https:\/\/gpl-love.com\/fr\/produit\/woocommerce-mailchimp-discount\/","title":{"rendered":"WooCommerce Mailchimp Discount 4.1"},"content":{"rendered":"<h3>WooCommerce Mailchimp Discount Traits<\/h3>\n<p>Le plugin de r\u00e9duction WooCommerce MailChimp est un outil tr\u00e8s efficace et robuste qui permet aux entreprises d&rsquo;am\u00e9liorer leurs taux de vente et de r\u00e9tention de client\u00e8le en offrant des remises attrayantes \u00e0 leurs abonn\u00e9s MailChimp. Gr\u00e2ce \u00e0 l&rsquo;utilisation de ce plugin, les propri\u00e9taires de magasins poss\u00e8dent la possibilit\u00e9 de g\u00e9n\u00e9rer des codes de r\u00e9duction personnalis\u00e9s et r\u00e9glables qui sont automatiquement mis en \u0153uvre lors de l&rsquo;achat d&rsquo;un client. Par cons\u00e9quent, cela ne sert pas seulement \u00e0 stimuler les achats r\u00e9p\u00e9t\u00e9s, mais il agit \u00e9galement comme un catalyseur pour que les clients partagent leurs exp\u00e9riences positives avec les autres, amplifiant ainsi la notori\u00e9t\u00e9 de la marque et favorisant un sentiment de loyaut\u00e9 renforc\u00e9. De plus, en plus de ces fonctionnalit\u00e9s, le plugin comprend \u00e9galement un \u00e9ventail de fonctionnalit\u00e9s avanc\u00e9es de rapports et d&rsquo;analyses, permettant aux entreprises de surveiller m\u00e9ticuleusement le triomphe de leurs campagnes et de prendre des d\u00e9cisions \u00e9clair\u00e9es en fonction des donn\u00e9es, ainsi am\u00e9liorant ainsi davantage leurs efforts de marketing. Tout bien consid\u00e9r\u00e9, le plugin de r\u00e9duction WooCommerce MailChimp est un actif indispensable pour toute entreprise qui s&rsquo;efforce d&rsquo;\u00e9lever ses ventes et d&rsquo;augmenter l&rsquo;engagement client.<\/p>\n<ul>\n<li>Codes de r\u00e9duction g\u00e9n\u00e9r\u00e9s automatiquement et synchronis\u00e9s entre WooCommerce et MailChimp<\/li>\n<li>Configuration et int\u00e9gration faciles avec les deux plateformes<\/li>\n<li>Capacit\u00e9 \u00e0 cr\u00e9er et \u00e0 personnaliser des codes de r\u00e9duction uniques pour chaque abonn\u00e9<\/li>\n<li>Option pour d\u00e9finir les dates d&rsquo;expiration ou les limites d&rsquo;utilisation pour les codes de r\u00e9duction<\/li>\n<li>Notification par e-mail automatique aux abonn\u00e9s avec leur code de r\u00e9duction personnalis\u00e9<\/li>\n<li>Suivi en temps r\u00e9el et rapport du rachat et de l&rsquo;utilisation des codes de r\u00e9duction<\/li>\n<li>Augmentation de la fid\u00e9lit\u00e9 et de l&rsquo;engagement de la client\u00e8le en incitant les achats avec des remises exclusives<\/li>\n<li>Stimulation des ventes et des revenus gr\u00e2ce \u00e0 des campagnes de marketing par e-mail cibl\u00e9es \u00e0 l&rsquo;aide de codes de r\u00e9duction personnalis\u00e9s.<\/li>\n<\/ul>\n","protected":false},"excerpt":{"rendered":"<p>Le plugin de r\u00e9duction WooCommerce MailChimp est un outil incroyablement formidable et influent qui s&rsquo;int\u00e8gre de mani\u00e8re transparente \u00e0 votre boutique WooCommerce et \u00e0 la plateforme de marketing par e-mail MailChimp. En utilisant ce plugin, vous avez la possibilit\u00e9 de fournir sans effort des remises personnalis\u00e9es \u00e0 vos abonn\u00e9s, de surveiller et d&rsquo;analyser m\u00e9ticuleusement les performances de vos campagnes d&rsquo;e-mail et, finalement, et d&rsquo;am\u00e9liorer vos ventes en mettant en \u0153uvre des promotions cibl\u00e9es. De plus, ce plugin vous accorde la possibilit\u00e9 d&rsquo;\u00e9tablir des r\u00e8gles de segmentation complexes qui sont fond\u00e9es sur le comportement de vos clients, l&rsquo;historique des achats et diverses autres mesures, garantissant que vos remises sont efficacement distribu\u00e9es \u00e0 l&rsquo;audience appropri\u00e9e. Que vous aspirez \u00e0 stimuler les ventes, \u00e0 favoriser la fid\u00e9lit\u00e9 \u00e0 la marque ou \u00e0 \u00e9tendre votre liste de diffusion, le plugin de r\u00e9duction WooCommerce MailChimp repr\u00e9sente ind\u00e9niablement un actif vital et indispensable pour toute personne qui poss\u00e8de une boutique WooCommerce et cherche \u00e0 optimiser sa strat\u00e9gie de marketing par e-mail.<\/p>\n","protected":false},"featured_media":145917,"comment_status":"open","ping_status":"open","template":"","meta":[],"product_brand":[2435],"product_cat":[1182,1200,1181],"product_tag":[1231],"class_list":{"0":"post-121580","1":"product","2":"type-product","3":"status-publish","4":"has-post-thumbnail","6":"product_brand-codecanyon","7":"product_cat-commerce-electronique-plugins","8":"product_cat-commercialisation","9":"product_cat-plugins","10":"product_tag-codecanyon","11":"member-discount","12":"discount-restricted","14":"first","15":"instock","16":"sale","17":"downloadable","18":"virtual","19":"sold-individually","20":"purchasable","21":"product-type-simple"},"_links":{"self":[{"href":"https:\/\/gpl-love.com\/fr\/wp-json\/wp\/v2\/product\/121580","targetHints":{"allow":["GET"]}}],"collection":[{"href":"https:\/\/gpl-love.com\/fr\/wp-json\/wp\/v2\/product"}],"about":[{"href":"https:\/\/gpl-love.com\/fr\/wp-json\/wp\/v2\/types\/product"}],"replies":[{"embeddable":true,"href":"https:\/\/gpl-love.com\/fr\/wp-json\/wp\/v2\/comments?post=121580"}],"wp:featuredmedia":[{"embeddable":true,"href":"https:\/\/gpl-love.com\/fr\/wp-json\/wp\/v2\/media\/145917"}],"wp:attachment":[{"href":"https:\/\/gpl-love.com\/fr\/wp-json\/wp\/v2\/media?parent=121580"}],"wp:term":[{"taxonomy":"product_brand","embeddable":true,"href":"https:\/\/gpl-love.com\/fr\/wp-json\/wp\/v2\/product_brand?post=121580"},{"taxonomy":"product_cat","embeddable":true,"href":"https:\/\/gpl-love.com\/fr\/wp-json\/wp\/v2\/product_cat?post=121580"},{"taxonomy":"product_tag","embeddable":true,"href":"https:\/\/gpl-love.com\/fr\/wp-json\/wp\/v2\/product_tag?post=121580"}],"curies":[{"name":"wp","href":"https:\/\/api.w.org\/{rel}","templated":true}]}}