{"id":121578,"date":"2026-02-18T00:00:00","date_gmt":"2026-02-17T23:00:00","guid":{"rendered":"https:\/\/gpl-love.com\/fr\/produit\/woocommerce-customer-order-csv-export\/"},"modified":"2026-04-10T18:46:36","modified_gmt":"2026-04-10T16:46:36","slug":"woocommerce-customer-order-csv-export","status":"publish","type":"product","link":"https:\/\/gpl-love.com\/fr\/produit\/woocommerce-customer-order-csv-export\/","title":{"rendered":"WooCommerce Customer Order CSV Export 5.5.7"},"content":{"rendered":"<h3>WooCommerce Customer Order CSV Export Traits<\/h3>\n<p>L&rsquo;exportation CSV de commande client WooCommerce est un outil incroyablement robuste et efficace, offrant aux utilisateurs la capacit\u00e9 exceptionnelle d&rsquo;exporter sans effort leurs pr\u00e9cieuses donn\u00e9es de commande client directement \u00e0 partir de leur magasin WooCommerce dans le format CSV largement reconnu. Il accorde aux utilisateurs la capacit\u00e9 in\u00e9gal\u00e9e \u00e0 r\u00e9cup\u00e9rer de mani\u00e8re transparente une multitude d&rsquo;informations client cruciales, de d\u00e9tails de commande complexes et d&rsquo;informations compl\u00e8tes sur les produits de leur magasin WooCommerce, qui peuvent tous \u00eatre export\u00e9s dans un format \u00e0 la fois sans effort et incroyablement accessible. Le format CSV lui-m\u00eame poss\u00e8de une nature incroyablement universelle, car il s&rsquo;agit d&rsquo;un format de fichier hautement standardis\u00e9 qui peut \u00eatre ouvertement transparente et \u00e9dit\u00e9 efficacement avec tout logiciel de calcul de la choix, rendant ainsi le processus de manipulation et d&rsquo;analyse approfondie des donn\u00e9es d&rsquo;une enqu\u00eate vraiment sans effort. Incontestablement, ce plugin remarquable sert de solution par excellence pour les propri\u00e9taires de magasins en ligne diligents qui se trouvent dans un besoin urgent de moyens exceptionnellement efficaces et rationalis\u00e9s de garder efficacement chacune de leurs commandes client, tout en aspirant simultan\u00e9ment \u00e0 une avenue conviviale utilisateur \u00e0 travers lesquels ils peuvent exporter et analyser en profondeur sans effort leurs donn\u00e9es inestimables.<\/p>\n<ul>\n<li>Exporter les donn\u00e9es de commande client de votre magasin WooCommerce au format CSV<\/li>\n<li>Interface facile \u00e0 utiliser, avec des options pour s\u00e9lectionner des champs de donn\u00e9es sp\u00e9cifiques \u00e0 inclure dans le fichier CSV<\/li>\n<li>Personnalisez la plage de dates pour laquelle les commandes sont export\u00e9es, vous permettant de suivre facilement les ventes \u00e0 partir d&rsquo;une p\u00e9riode sp\u00e9cifique<\/li>\n<li>Les donn\u00e9es export\u00e9es incluent les d\u00e9tails du client tels que le nom, l&rsquo;adresse et le courrier \u00e9lectronique, ainsi que les d\u00e9tails de commande tels que le num\u00e9ro de commande, les noms de produits et les quantit\u00e9s achet\u00e9es<\/li>\n<li>Id\u00e9al pour les entreprises qui ont besoin d&rsquo;analyser les donn\u00e9es de vente ou d&rsquo;utiliser les informations \u00e0 des fins de gestion de la relation client<\/li>\n<li>Compatible avec un large \u00e9ventail d&rsquo;applications et de logiciels qui peuvent lire les fichiers CSV, y compris Microsoft Excel et Google Sheets<\/li>\n<li>Mises \u00e0 jour logicielles r\u00e9guli\u00e8res et excellent support client pour s&rsquo;assurer que le plugin reste \u00e0 jour et enti\u00e8rement fonctionnel avec la derni\u00e8re version de WooCommerce.<\/li>\n<\/ul>\n","protected":false},"excerpt":{"rendered":"<p>L&rsquo;exportation CSV de commande client WooCommerce est un outil extr\u00eamement puissant qui a \u00e9t\u00e9 m\u00e9ticuleusement con\u00e7u pour vous aider \u00e0 exporter facilement toutes les donn\u00e9es de commande de votre client estim\u00e9es dans un fichier CSV impeccablement organis\u00e9. En utilisant ce plugin exceptionnellement efficace, vous serez \u00e9quip\u00e9 de la capacit\u00e9 de g\u00e9n\u00e9rer sans effort des rapports de commande complets, d&rsquo;analyser m\u00e9ticuleusement les performances des ventes et de g\u00e9rer astucieusement vos op\u00e9rations commerciales d&rsquo;une mani\u00e8re beaucoup plus rationalis\u00e9e. Le fichier CSV g\u00e9n\u00e9r\u00e9 via cet outil inestimable comprend une richesse de donn\u00e9es de commande m\u00e9ticuleusement d\u00e9taill\u00e9es, y compris des informations essentielles telles que le nom du client, le num\u00e9ro de commande, le nom du produit et un \u00e9ventail d&rsquo;autres d\u00e9tails pertinents qui sont garantis pour vous fournir des Des informations inestimables sur les mod\u00e8les et les pr\u00e9f\u00e9rences d&rsquo;achat de vos clients ch\u00e9ris. Il est essentiel de souligner le fait que cet outil convivial simplifie le processus d&rsquo;exportation des commandes de votre client estim\u00e9es dans une mesure extraordinaire, en l&rsquo;\u00e9tablissant effectivement comme un plugin indispensable qu&rsquo;aucun propri\u00e9taire de magasin WooCommerce discernant ne peut se permettre de n\u00e9gliger ou de sous-estimer.<\/p>\n","protected":false},"featured_media":145854,"comment_status":"open","ping_status":"open","template":"","meta":[],"product_brand":[2440],"product_cat":[1183,1182,1181],"product_tag":[1398],"class_list":{"0":"post-121578","1":"product","2":"type-product","3":"status-publish","4":"has-post-thumbnail","6":"product_brand-woocommerce","7":"product_cat-administration","8":"product_cat-commerce-electronique-plugins","9":"product_cat-plugins","10":"product_tag-woocommerce","11":"member-discount","12":"discount-restricted","14":"first","15":"instock","16":"sale","17":"downloadable","18":"virtual","19":"sold-individually","20":"purchasable","21":"product-type-simple"},"_links":{"self":[{"href":"https:\/\/gpl-love.com\/fr\/wp-json\/wp\/v2\/product\/121578","targetHints":{"allow":["GET"]}}],"collection":[{"href":"https:\/\/gpl-love.com\/fr\/wp-json\/wp\/v2\/product"}],"about":[{"href":"https:\/\/gpl-love.com\/fr\/wp-json\/wp\/v2\/types\/product"}],"replies":[{"embeddable":true,"href":"https:\/\/gpl-love.com\/fr\/wp-json\/wp\/v2\/comments?post=121578"}],"wp:featuredmedia":[{"embeddable":true,"href":"https:\/\/gpl-love.com\/fr\/wp-json\/wp\/v2\/media\/145854"}],"wp:attachment":[{"href":"https:\/\/gpl-love.com\/fr\/wp-json\/wp\/v2\/media?parent=121578"}],"wp:term":[{"taxonomy":"product_brand","embeddable":true,"href":"https:\/\/gpl-love.com\/fr\/wp-json\/wp\/v2\/product_brand?post=121578"},{"taxonomy":"product_cat","embeddable":true,"href":"https:\/\/gpl-love.com\/fr\/wp-json\/wp\/v2\/product_cat?post=121578"},{"taxonomy":"product_tag","embeddable":true,"href":"https:\/\/gpl-love.com\/fr\/wp-json\/wp\/v2\/product_tag?post=121578"}],"curies":[{"name":"wp","href":"https:\/\/api.w.org\/{rel}","templated":true}]}}