{"id":121576,"date":"2022-02-17T00:00:00","date_gmt":"2022-02-16T23:00:00","guid":{"rendered":"https:\/\/gpl-love.com\/fr\/produit\/woocommerce-constant-contact-integration\/"},"modified":"2026-04-10T18:46:27","modified_gmt":"2026-04-10T16:46:27","slug":"woocommerce-constant-contact-integration","status":"publish","type":"product","link":"https:\/\/gpl-love.com\/fr\/produit\/woocommerce-constant-contact-integration\/","title":{"rendered":"WooCommerce Constant Contact Integration 1.12.0"},"content":{"rendered":"<h3>WooCommerce Constant Contact Integration Traits<\/h3>\n<p>L&rsquo;int\u00e9gration de contact constant WooCommerce est un outil extr\u00eamement puissant qui \u00e9tablit impeccablement une connexion transparente entre votre boutique en ligne WooCommerce et votre campagne de marketing par e-mail de contact constant. Cette int\u00e9gration hautement sophistiqu\u00e9e vous offre la capacit\u00e9 in\u00e9gal\u00e9e de synchroniser sans effort vos pr\u00e9cieuses donn\u00e9es clients, informations sur les produits et les d\u00e9tails de la commande entre ces deux plateformes exceptionnelles. En tirant parti de cette int\u00e9gration, vous pouvez concevoir et ex\u00e9cuter sans effort des campagnes de marketing par e-mail ax\u00e9es au laser, vous permettant ainsi de dispenser des e-mails personnalis\u00e9s et sur mesure \u00e0 vos clients estim\u00e9s, qui \u00e0 son tour augmenterait indubitablement votre strat\u00e9gie marketing globale avec un succ\u00e8s retentissant. En rationalisant et en harmonisant efficacement vos efforts de marketing par e-mail, vous seriez en mesure d&rsquo;am\u00e9liorer et d&rsquo;intensifier l&rsquo;engagement des clients \u00e0 des niveaux sans pr\u00e9c\u00e9dent, tout en amplifiant simultan\u00e9ment vos chiffres de vente et en propulsant votre entreprise vers des hauteurs de prosp\u00e9rit\u00e9 sans pr\u00e9c\u00e9dent. Avec l&rsquo;int\u00e9gration de contact constant prodigieuse WooCommerce, vous seriez dot\u00e9 d&rsquo;un arsenal imbattable d&rsquo;outils et de ressources pour g\u00e9rer et administrer habilement votre boutique en ligne et vos campagnes de messagerie m\u00e9ticuleusement con\u00e7ues avec un degr\u00e9 de commodit\u00e9, d&rsquo;efficacit\u00e9 et d&rsquo;efficacit\u00e9 in\u00e9branlable.<\/p>\n<ul>\n<li>Connecte de mani\u00e8re transparente votre boutique WooCommerce avec une plateforme de marketing par e-mail de contact constant<\/li>\n<li>Automatise les campagnes par e-mail en fonction du comportement des clients et de l&rsquo;historique des achats<\/li>\n<li>Synchronise les informations, les commandes et les produits des clients de WooCommerce au contact constant<\/li>\n<li>Permet la segmentation de la liste et le marketing par e-mail cibl\u00e9<\/li>\n<li>Trace les performances de la campagne par e-mail avec des analyses et des rapports d\u00e9taill\u00e9s<\/li>\n<li>Gave le temps et les efforts en \u00e9liminant le besoin de saisie et de gestion des donn\u00e9es manuelles<\/li>\n<li>Augmente l&rsquo;engagement et la fid\u00e9lit\u00e9 des clients gr\u00e2ce \u00e0 des communications marketing par e-mail personnalis\u00e9es et pertinentes<\/li>\n<li>Offre des mod\u00e8les de messagerie personnalisables et l&rsquo;\u00e9diteur de messagerie glisser-d\u00e9poser pour une conception et une impl\u00e9mentation faciles<\/li>\n<li>Fournit une int\u00e9gration fiable et s\u00e9curis\u00e9e avec un guide complet de l&rsquo;utilisateur et un support client<\/li>\n<\/ul>\n","protected":false},"excerpt":{"rendered":"<p>L&rsquo;entr\u00e9e: l&rsquo;int\u00e9gration de contact constant de WooCommerce est un outil incroyablement robuste et dynamique qui fusionne parfaitement votre boutique WooCommerce avec un contact constant, vous offrant la capacit\u00e9 exceptionnelle de superviser et de r\u00e9guler sans effort vos campagnes de marketing par e-mail. En vertu de cette int\u00e9gration remarquable, vous poss\u00e9dez la capacit\u00e9 remarquable d&rsquo;int\u00e9grer sans effort et automatiquement les donn\u00e9es des clients dans vos listes de diffusion, artisanat des campagnes m\u00e9ticuleusement adapt\u00e9es et surveillez m\u00e9ticuleusement les taux de conversion des e-mails directement \u00e0 partir de votre tableau de bord WooCommerce. Adieu \u00e0 la t\u00e2che ardue de saisir manuellement les donn\u00e9es et de r\u00e9jouir dans l&rsquo;av\u00e8nement d&rsquo;une entreprise de marketing par e-mail beaucoup plus productive gracieuset\u00e9 de l&rsquo;entr\u00e9e extraordinaire: WooCommerce Contact Int\u00e9gration de contact.<\/p>\n","protected":false},"featured_media":145842,"comment_status":"open","ping_status":"open","template":"","meta":[],"product_brand":[2440],"product_cat":[1182,1200,1181],"product_tag":[1398],"class_list":{"0":"post-121576","1":"product","2":"type-product","3":"status-publish","4":"has-post-thumbnail","6":"product_brand-woocommerce","7":"product_cat-commerce-electronique-plugins","8":"product_cat-commercialisation","9":"product_cat-plugins","10":"product_tag-woocommerce","11":"member-discount","12":"discount-restricted","14":"first","15":"instock","16":"sale","17":"downloadable","18":"virtual","19":"sold-individually","20":"purchasable","21":"product-type-simple"},"_links":{"self":[{"href":"https:\/\/gpl-love.com\/fr\/wp-json\/wp\/v2\/product\/121576","targetHints":{"allow":["GET"]}}],"collection":[{"href":"https:\/\/gpl-love.com\/fr\/wp-json\/wp\/v2\/product"}],"about":[{"href":"https:\/\/gpl-love.com\/fr\/wp-json\/wp\/v2\/types\/product"}],"replies":[{"embeddable":true,"href":"https:\/\/gpl-love.com\/fr\/wp-json\/wp\/v2\/comments?post=121576"}],"wp:featuredmedia":[{"embeddable":true,"href":"https:\/\/gpl-love.com\/fr\/wp-json\/wp\/v2\/media\/145842"}],"wp:attachment":[{"href":"https:\/\/gpl-love.com\/fr\/wp-json\/wp\/v2\/media?parent=121576"}],"wp:term":[{"taxonomy":"product_brand","embeddable":true,"href":"https:\/\/gpl-love.com\/fr\/wp-json\/wp\/v2\/product_brand?post=121576"},{"taxonomy":"product_cat","embeddable":true,"href":"https:\/\/gpl-love.com\/fr\/wp-json\/wp\/v2\/product_cat?post=121576"},{"taxonomy":"product_tag","embeddable":true,"href":"https:\/\/gpl-love.com\/fr\/wp-json\/wp\/v2\/product_tag?post=121576"}],"curies":[{"name":"wp","href":"https:\/\/api.w.org\/{rel}","templated":true}]}}