{"id":121574,"date":"2022-02-17T00:00:00","date_gmt":"2022-02-16T23:00:00","guid":{"rendered":"https:\/\/gpl-love.com\/fr\/produit\/woocommerce-alipay-cross-border-payment-gateway\/"},"modified":"2026-04-10T18:46:01","modified_gmt":"2026-04-10T16:46:01","slug":"woocommerce-alipay-cross-border-payment-gateway","status":"publish","type":"product","link":"https:\/\/gpl-love.com\/fr\/produit\/woocommerce-alipay-cross-border-payment-gateway\/","title":{"rendered":"WooCommerce Alipay Cross Border Payment Gateway 3.0"},"content":{"rendered":"<h3>WooCommerce Alipay Cross Border Payment Gateway Traits<\/h3>\n<p>La passerelle WooCommerce Alipay Cross Border Payway est une solution incroyablement robuste et tr\u00e8s efficace qui permet aux marchands en facilitant le traitement transparent des paiements transfrontaliers d\u00e9riv\u00e9s de clients chinois. Cette passerelle de paiement exceptionnelle offre aux entreprises une occasion in\u00e9gal\u00e9e d&rsquo;int\u00e9grer sans effort Alipay, qui est incontestablement la plate-forme de paiement en ligne la plus importante de la Chine, dans leur magasin WooCommerce. De plus, ce plugin remarquable poss\u00e8de sa compatibilit\u00e9 avec une pl\u00e9thore de devises, tout en offrant simultan\u00e9ment sur les consommateurs chinois une exp\u00e9rience de paiement simplifi\u00e9e et familiaris\u00e9e. De plus, la passerelle de paiement transfrontali\u00e8re WooCommerce Alipay garantit la plus grande s\u00e9curit\u00e9 dans toutes les transactions et habilite davantage les marchands en leur offrant la capacit\u00e9 de g\u00e9rer de mani\u00e8re approfondie les remboursements et les r\u00e9trofacturation. By virtue of its unparalleled ability to facilitate cross-border payments, this invaluable payment gateway undeniably opens the proverbial floodgates to an inimitable array of new and exhilarating business opportunities, most notably for those intrepid entrepreneurs eagerly seeking to tap into the seemingly boundless potential of the March\u00e9 chinois.<\/p>\n<ul>\n<li>Int\u00e9gration transparente avec les magasins en ligne WooCommerce<\/li>\n<li>Acceptation des paiements transfrontaliers d&rsquo;Alipay, la plus grande plate-forme de paiement mobile et en ligne en Chine<\/li>\n<li>Capacit\u00e9 \u00e0 augmenter la client\u00e8le et \u00e0 atteindre un public plus large<\/li>\n<li>Traitement de paiement s\u00e9curis\u00e9 et fiable<\/li>\n<li>Frais comp\u00e9titifs et taux de transaction<\/li>\n<li>Configuration et configuration faciles, avec une documentation et une prise en charge claires<\/li>\n<li>Compatible avec toutes les principales devises et les champs de paiement personnalis\u00e9s<\/li>\n<li>Am\u00e9liore l&rsquo;exp\u00e9rience client en fournissant une m\u00e9thode de paiement famili\u00e8re et fiable pour les consommateurs chinois<\/li>\n<li>Processus de paiement pratique et rationalis\u00e9 pour les commer\u00e7ants et les clients<\/li>\n<li>Pages de paiement personnalisables et options de marque disponibles.<\/li>\n<\/ul>\n","protected":false},"excerpt":{"rendered":"<p>La passerelle de paiement transversale Alipay WooCommerce est con\u00e7ue pour r\u00e9pondre aux besoins des propri\u00e9taires de magasins en ligne WooCommerce qui souhaitent une solution de paiement sans tracas leur permettant d&rsquo;accepter les paiements des clients \u00e0 travers les limites internationales. En int\u00e9grant cette passerelle de paiement dans votre boutique en ligne, vous obtenez la capacit\u00e9 de recevoir sans effort les paiements via Alipay, qui se trouve \u00eatre une plate-forme de paiement largement utilis\u00e9e en Chine. Cette passerelle garantit non seulement le traitement s\u00e9curis\u00e9 des paiements, mais facilite \u00e9galement l&rsquo;expansion de votre entreprise \u00e0 l&rsquo;\u00e9chelle mondiale. Sans aucun doute, cet outil est indispensable \u00e0 toute entreprise qui abrite des aspirations \u00e0 p\u00e9n\u00e9trer le march\u00e9 chinois.<\/p>\n","protected":false},"featured_media":145799,"comment_status":"open","ping_status":"open","template":"","meta":[],"product_brand":[2440],"product_cat":[1182,1401,1181],"product_tag":[1398],"class_list":{"0":"post-121574","1":"product","2":"type-product","3":"status-publish","4":"has-post-thumbnail","6":"product_brand-woocommerce","7":"product_cat-commerce-electronique-plugins","8":"product_cat-paiement-commerce-electronique-plugins","9":"product_cat-plugins","10":"product_tag-woocommerce","11":"member-discount","12":"discount-restricted","14":"first","15":"instock","16":"sale","17":"downloadable","18":"virtual","19":"sold-individually","20":"purchasable","21":"product-type-simple"},"_links":{"self":[{"href":"https:\/\/gpl-love.com\/fr\/wp-json\/wp\/v2\/product\/121574","targetHints":{"allow":["GET"]}}],"collection":[{"href":"https:\/\/gpl-love.com\/fr\/wp-json\/wp\/v2\/product"}],"about":[{"href":"https:\/\/gpl-love.com\/fr\/wp-json\/wp\/v2\/types\/product"}],"replies":[{"embeddable":true,"href":"https:\/\/gpl-love.com\/fr\/wp-json\/wp\/v2\/comments?post=121574"}],"wp:featuredmedia":[{"embeddable":true,"href":"https:\/\/gpl-love.com\/fr\/wp-json\/wp\/v2\/media\/145799"}],"wp:attachment":[{"href":"https:\/\/gpl-love.com\/fr\/wp-json\/wp\/v2\/media?parent=121574"}],"wp:term":[{"taxonomy":"product_brand","embeddable":true,"href":"https:\/\/gpl-love.com\/fr\/wp-json\/wp\/v2\/product_brand?post=121574"},{"taxonomy":"product_cat","embeddable":true,"href":"https:\/\/gpl-love.com\/fr\/wp-json\/wp\/v2\/product_cat?post=121574"},{"taxonomy":"product_tag","embeddable":true,"href":"https:\/\/gpl-love.com\/fr\/wp-json\/wp\/v2\/product_tag?post=121574"}],"curies":[{"name":"wp","href":"https:\/\/api.w.org\/{rel}","templated":true}]}}