{"id":121572,"date":"2021-02-09T00:00:00","date_gmt":"2021-02-08T23:00:00","guid":{"rendered":"https:\/\/gpl-love.com\/fr\/produit\/woocommerce-2checkout-inline-checkout\/"},"modified":"2026-04-10T18:45:54","modified_gmt":"2026-04-10T16:45:54","slug":"woocommerce-2checkout-inline-checkout","status":"publish","type":"product","link":"https:\/\/gpl-love.com\/fr\/produit\/woocommerce-2checkout-inline-checkout\/","title":{"rendered":"WooCommerce 2Checkout Inline Checkout 1.1.15"},"content":{"rendered":"<h3>WooCommerce 2Checkout Inline Checkout Traits<\/h3>\n<p>Le plugin de paiement en ligne WooCommerce 2Checkout est un outil incroyablement robuste, m\u00e9ticuleusement con\u00e7u pour rationaliser la proc\u00e9dure de paiement pour les vitrines num\u00e9riques. Gr\u00e2ce \u00e0 son int\u00e9gration transparente avec WooCommerce, ce plugin ing\u00e9nieux permet aux clients de finaliser sans effort leurs transactions, impr\u00e9gnant le processus d&rsquo;un sentiment de facilit\u00e9 et d&rsquo;opportunit\u00e9 sans pr\u00e9c\u00e9dent. En plus de sa commodit\u00e9 in\u00e9gal\u00e9e, ce plugin poss\u00e8de une pl\u00e9thore de fonctionnalit\u00e9s de pointe telles que la fonctionnalit\u00e9 de paiement en un clic tr\u00e8s convoit\u00e9e, une conception extr\u00eamement r\u00e9active qui s&rsquo;adresse \u00e0 divers appareils et \u00e0 un support in\u00e9branlable pour un vaste \u00e9ventail de devises et de langues. En t\u00e9moignage de son engagement envers la satisfaction des clients, ce plugin privil\u00e9gie \u00e9galement la plus grande s\u00e9curit\u00e9 dans chaque exp\u00e9rience de paiement, assurant la sauvegarde imperm\u00e9able des donn\u00e9es personnelles et financi\u00e8res sensibles des clients. En r\u00e9sum\u00e9, le plugin de caisse WooCommerce 2Checkout en ligne est la solution par excellence pour les propri\u00e9taires ambitieux des magasins en ligne, cherchant \u00e0 optimiser s\u00e9rieusement leur processus de paiement tout en propulsant simultan\u00e9ment des ventes \u00e0 des hauteurs sans pr\u00e9c\u00e9dent.<\/p>\n<ul>\n<li>Int\u00e9gration transparente de la caisse en ligne de 2Checkout avec WooCommerce.<\/li>\n<li>Passerelle de paiement facile \u00e0 utiliser et personnalisable.<\/li>\n<li>Traitement de paiement s\u00e9curis\u00e9 pour les clients.<\/li>\n<li>Offre plusieurs options de paiement, y compris les cartes de cr\u00e9dit, PayPal, etc.<\/li>\n<li>Prend en charge 87 devises et 15 langues, ce qui facilite les clients mondiaux.<\/li>\n<li>Des rapports et des analyses en temps r\u00e9el pour aider les entreprises \u00e0 prendre des d\u00e9cisions \u00e9clair\u00e9es.<\/li>\n<li>Permet aux commer\u00e7ants de cr\u00e9er une exp\u00e9rience de paiement personnalis\u00e9e avec des options de marque.<\/li>\n<li>Fournit une protection contre la fraude pour emp\u00eacher les transactions non autoris\u00e9es.<\/li>\n<li>Processus d&rsquo;installation et de configuration facile, m\u00eame pour les utilisateurs non techniques.<\/li>\n<li>Support client fiable pour assurer une exp\u00e9rience fluide pour les entreprises et les clients.<\/li>\n<\/ul>\n","protected":false},"excerpt":{"rendered":"<p>Le plugin de paiement en ligne WooCommerce 2Checkout est un outil tr\u00e8s convivial et sans effort qui facilite l&rsquo;int\u00e9gration transparente de la fonction de paiement en ligne de 2Checkout dans votre boutique WooCommerce. En utilisant ce plugin, vous permettez \u00e0 votre client\u00e8le estim\u00e9 de finaliser sans effort leurs transactions sans \u00eatre redirig\u00e9 de votre site Web, am\u00e9liorant ainsi le processus de paiement global et conduisant potentiellement \u00e0 des taux de conversion plus \u00e9lev\u00e9s. Le processus d&rsquo;installation est aussi simple que possible: Ajoutez simplement le plugin \u00e0 votre syst\u00e8me et configurez les param\u00e8tres pour commencer \u00e0 accepter les paiements via 2Checkout sans aucun retard!<\/p>\n","protected":false},"featured_media":145786,"comment_status":"open","ping_status":"open","template":"","meta":[],"product_brand":[2440],"product_cat":[1182,1223,1181],"product_tag":[1398],"class_list":{"0":"post-121572","1":"product","2":"type-product","3":"status-publish","4":"has-post-thumbnail","6":"product_brand-woocommerce","7":"product_cat-commerce-electronique-plugins","8":"product_cat-personnalisation-commerce-electronique-plugins","9":"product_cat-plugins","10":"product_tag-woocommerce","11":"member-discount","12":"discount-restricted","14":"first","15":"instock","16":"sale","17":"downloadable","18":"virtual","19":"sold-individually","20":"purchasable","21":"product-type-simple"},"_links":{"self":[{"href":"https:\/\/gpl-love.com\/fr\/wp-json\/wp\/v2\/product\/121572","targetHints":{"allow":["GET"]}}],"collection":[{"href":"https:\/\/gpl-love.com\/fr\/wp-json\/wp\/v2\/product"}],"about":[{"href":"https:\/\/gpl-love.com\/fr\/wp-json\/wp\/v2\/types\/product"}],"replies":[{"embeddable":true,"href":"https:\/\/gpl-love.com\/fr\/wp-json\/wp\/v2\/comments?post=121572"}],"wp:featuredmedia":[{"embeddable":true,"href":"https:\/\/gpl-love.com\/fr\/wp-json\/wp\/v2\/media\/145786"}],"wp:attachment":[{"href":"https:\/\/gpl-love.com\/fr\/wp-json\/wp\/v2\/media?parent=121572"}],"wp:term":[{"taxonomy":"product_brand","embeddable":true,"href":"https:\/\/gpl-love.com\/fr\/wp-json\/wp\/v2\/product_brand?post=121572"},{"taxonomy":"product_cat","embeddable":true,"href":"https:\/\/gpl-love.com\/fr\/wp-json\/wp\/v2\/product_cat?post=121572"},{"taxonomy":"product_tag","embeddable":true,"href":"https:\/\/gpl-love.com\/fr\/wp-json\/wp\/v2\/product_tag?post=121572"}],"curies":[{"name":"wp","href":"https:\/\/api.w.org\/{rel}","templated":true}]}}