{"id":121568,"date":"2022-12-24T00:00:00","date_gmt":"2022-12-23T23:00:00","guid":{"rendered":"https:\/\/gpl-love.com\/fr\/produit\/themify-builder-pricing-table\/"},"modified":"2026-03-20T23:39:56","modified_gmt":"2026-03-20T22:39:56","slug":"themify-builder-pricing-table","status":"publish","type":"product","link":"https:\/\/gpl-love.com\/fr\/produit\/themify-builder-pricing-table\/","title":{"rendered":"Themify Builder Pricing Table 3.0.2"},"content":{"rendered":"<h3>Themify Builder Pricing Table Traits<\/h3>\n<p>La table de tarification du constructeur TheThiefy est un outil incroyablement robuste et efficace qui r\u00e9pond aux besoins des propri\u00e9taires de sites Web et des d\u00e9veloppeurs en leur offrant une plate-forme pour pr\u00e9senter leurs options de tarification d&rsquo;une mani\u00e8re non seulement claire mais aussi ind\u00e9niablement professionnelle. Cet outil incroyable permette aux utilisateurs de son interface de glisser-d\u00e9poser tr\u00e8s intuitive, les permettant de personnaliser et de concevoir sans effort leurs tables de prix d&rsquo;une mani\u00e8re qui s&rsquo;harmonise parfaitement avec leur identit\u00e9 de marque et leur conception globale de site Web. De plus, le tableau des prix est con\u00e7u pour \u00eatre enti\u00e8rement r\u00e9actif, garantissant ainsi que les utilisateurs peuvent facilement acc\u00e9der et explorer les diff\u00e9rentes options de tarification sur tout appareil qu&rsquo;ils choisissent d&rsquo;utiliser. En outre, la table de tarification THEFIFY Builder poss\u00e8de un \u00e9ventail d&rsquo;options de personnalisation, y compris la possibilit\u00e9 de modifier les styles de police, les couleurs et les largeurs de colonne, facilitant ainsi la cr\u00e9ation d&rsquo;un tableau qui r\u00e9pond aux exigences pr\u00e9cises et uniques de chaque utilisateur. De plus, cet outil remarquable est \u00e9quip\u00e9 de la capacit\u00e9 de prendre en charge plusieurs devises et des options de paiement, ce qui en fait un outil exceptionnellement avantageux pour les entreprises qui op\u00e8rent \u00e0 l&rsquo;\u00e9chelle mondiale. Par cons\u00e9quent, il est \u00e9vident que la table de tarification du constructeur THEFIFY est un ajout inestimable \u00e0 tout site Web, offrant une solution esth\u00e9tique et conviviale pour pr\u00e9senter des options de tarification d&rsquo;une mani\u00e8re qui ne se trouve pas.<\/p>\n<ul>\n<li>Un plugin de table de prix r\u00e9actif et personnalisable pour les sites Web WordPress<\/li>\n<li>Choisissez parmi diff\u00e9rentes dispositions de table de tarification, y compris la grille, la liste et les bascules<\/li>\n<li>Afficher les options de tarification en fonction des fonctionnalit\u00e9s, de la dur\u00e9e ou de tout autre crit\u00e8re que vous sp\u00e9cifiez<\/li>\n<li>Ajouter des ic\u00f4nes, des images et des descriptions personnalis\u00e9es \u00e0 chaque option de tarification<\/li>\n<li>Incluez un bouton d&rsquo;appel \u00e0 l&rsquo;action pour chaque option de tarification<\/li>\n<li>Personnalisez les couleurs, les polices et les styles pour correspondre \u00e0 la marque de votre site Web<\/li>\n<li>Interface de glisser-d\u00e9poser pour l&rsquo;\u00e9dition et le r\u00e9arrangement faciles des options de tarification<\/li>\n<li>Int\u00e9gration avec PayPal et autres passerelles de paiement pour un traitement de paiement facile<\/li>\n<li>Am\u00e9lioration des taux d&rsquo;engagement et de conversion des utilisateurs avec une table de tarification claire et visuellement attrayante.<\/li>\n<\/ul>\n","protected":false},"excerpt":{"rendered":"<p>La table de tarification du constructeur The Th\u00e9ify est un outil extr\u00eamement robuste qui rationalise consid\u00e9rablement le processus complexe de g\u00e9n\u00e9ration de tables de tarification qui poss\u00e8dent un air de professionnalisme. Ce plugin WordPress exceptionnel est \u00e9quip\u00e9 d&rsquo;une interface de glisser-d\u00e9poser incroyablement adaptable, qui vous donne la capacit\u00e9 sans effort \u00e0 ins\u00e9rer, \u00e9liminer ou modifier les plans de prix, les fonctionnalit\u00e9s et les prix de tarification. De plus, avec l&rsquo;inclusion de son assortiment remarquable d&rsquo;options de style avanc\u00e9es et de sa r\u00e9activit\u00e9 inn\u00e9e \u00e0 des dispositifs variables, vous avez la capacit\u00e9 de fabrication de tables de tarification qui sont \u00e0 la fois incroyablement fonctionnelles et visuellement captivantes. Par cons\u00e9quent, votre client\u00e8le estim\u00e9e sera b\u00e9nie par la facilit\u00e9 de comparaison des plans et, finalement, la s\u00e9lection de celle qui s&rsquo;aligne impeccablement avec leurs exigences individualis\u00e9es. Par cons\u00e9quent, que vous soyez engag\u00e9 dans la vente de produits ou de services, le tableau des prix de Builder Ph\u00e9nom\u00e9nalement ing\u00e9nieux sert d&rsquo;outil par excellence pour vous aider \u00e0 capitaliser avec succ\u00e8s sur votre site Web.<\/p>\n","protected":false},"featured_media":145512,"comment_status":"open","ping_status":"open","template":"","meta":[],"product_brand":[2674],"product_cat":[1189,1181,1186],"product_tag":[1375],"class_list":{"0":"post-121568","1":"product","2":"type-product","3":"status-publish","4":"has-post-thumbnail","6":"product_brand-themify","7":"product_cat-personnalisation","8":"product_cat-plugins","9":"product_cat-wordpress-plugins","10":"product_tag-themify","11":"member-discount","12":"discount-restricted","14":"first","15":"instock","16":"sale","17":"downloadable","18":"virtual","19":"sold-individually","20":"purchasable","21":"product-type-simple"},"_links":{"self":[{"href":"https:\/\/gpl-love.com\/fr\/wp-json\/wp\/v2\/product\/121568","targetHints":{"allow":["GET"]}}],"collection":[{"href":"https:\/\/gpl-love.com\/fr\/wp-json\/wp\/v2\/product"}],"about":[{"href":"https:\/\/gpl-love.com\/fr\/wp-json\/wp\/v2\/types\/product"}],"replies":[{"embeddable":true,"href":"https:\/\/gpl-love.com\/fr\/wp-json\/wp\/v2\/comments?post=121568"}],"wp:featuredmedia":[{"embeddable":true,"href":"https:\/\/gpl-love.com\/fr\/wp-json\/wp\/v2\/media\/145512"}],"wp:attachment":[{"href":"https:\/\/gpl-love.com\/fr\/wp-json\/wp\/v2\/media?parent=121568"}],"wp:term":[{"taxonomy":"product_brand","embeddable":true,"href":"https:\/\/gpl-love.com\/fr\/wp-json\/wp\/v2\/product_brand?post=121568"},{"taxonomy":"product_cat","embeddable":true,"href":"https:\/\/gpl-love.com\/fr\/wp-json\/wp\/v2\/product_cat?post=121568"},{"taxonomy":"product_tag","embeddable":true,"href":"https:\/\/gpl-love.com\/fr\/wp-json\/wp\/v2\/product_tag?post=121568"}],"curies":[{"name":"wp","href":"https:\/\/api.w.org\/{rel}","templated":true}]}}