{"id":121566,"date":"2024-02-26T00:00:00","date_gmt":"2024-02-25T23:00:00","guid":{"rendered":"https:\/\/gpl-love.com\/fr\/produit\/themify-builder-masked-image\/"},"modified":"2026-04-10T18:42:38","modified_gmt":"2026-04-10T16:42:38","slug":"themify-builder-masked-image","status":"publish","type":"product","link":"https:\/\/gpl-love.com\/fr\/produit\/themify-builder-masked-image\/","title":{"rendered":"Themify Builder Masked Image 3.5.1"},"content":{"rendered":"<h3>Themify Builder Masked Image Traits<\/h3>\n<p>L&rsquo;image masqu\u00e9e de Builder Th\u00e9ify est un outil tr\u00e8s comp\u00e9tent qui permet aux utilisateurs de g\u00e9n\u00e9rer sans effort des images masqu\u00e9es remarquables. Ce plugin comprend une myriade d&rsquo;options personnalisables qui vous accordent la possibilit\u00e9 de forger des conceptions distinctives et exquises. En tirant parti des capacit\u00e9s de l&rsquo;image masqu\u00e9e par le constructeur de The Th\u00e9siy, vous avez la capacit\u00e9 d&rsquo;infuser les superpositions, les textures, les gradients et divers autres effets sur vos images, les \u00e9levant ainsi \u00e0 un niveau de pro\u00e9minence in\u00e9gal\u00e9. La pure convivialit\u00e9 des utilisateurs de ce plugin le rend accessible aux novices et aux experts dans le domaine. Peu importe que vous vous efforcez de construire un site Web, de d\u00e9velopper une brochure ou de fa\u00e7onner une publication captivante sur les r\u00e9seaux sociaux, l&rsquo;image masqu\u00e9e par le constructeur The Thify est l&rsquo;outil par excellence pour inculquer une couche suppl\u00e9mentaire d&rsquo;ing\u00e9niosit\u00e9 et d&rsquo;art dans vos cr\u00e9ations.<\/p>\n<ul>\n<li>Ajoutez facilement des images masqu\u00e9es \u00e0 votre site Web \u00e0 l&rsquo;aide de TheFify Builder<\/li>\n<li>Choisissez parmi une vari\u00e9t\u00e9 de formes de masques pr\u00e9-faites ou cr\u00e9ez vos propres masques personnalis\u00e9s<\/li>\n<li>T\u00e9l\u00e9chargez vos propres images ou choisissez parmi la biblioth\u00e8que d&rsquo;images int\u00e9gr\u00e9e<\/li>\n<li>Ajustez l&rsquo;opacit\u00e9 et la position du masque pour l&rsquo;apparence et la sensation parfaites<\/li>\n<li>Utiliser en conjonction avec d&rsquo;autres modules de constructeur THEFIFY pour une conception de site Web compl\u00e8tement personnalis\u00e9e<\/li>\n<li>Compatible avec tous les th\u00e8mes THEFIFY afin que vous puissiez l&rsquo;int\u00e9grer de mani\u00e8re transparente dans votre site Web<\/li>\n<li>Vous permet d&rsquo;ajouter des \u00e9l\u00e9ments visuels uniques et accrocheurs \u00e0 votre site Web sans aucune connaissance de codage requise.<\/li>\n<\/ul>\n","protected":false},"excerpt":{"rendered":"<p>L&rsquo;image masqu\u00e9e de Builder The Th\u00e9ify est un outil incroyablement puissant et efficace qui vous permet de produire sans effort et rapidement des images visuellement captivantes pour votre site Web. Gr\u00e2ce \u00e0 quelques clics, vous avez la possibilit\u00e9 d&rsquo;incorporer des formes et des couches distinctives et complexes dans vos images, leur permettant ainsi de vraiment briller et captiver l&rsquo;attention de vos visiteurs estim\u00e9s. Que vous vous identifiiez comme un concepteur Web chevronn\u00e9 ou un propri\u00e9taire d&rsquo;entreprise d\u00e9vou\u00e9, cet outil remarquable poss\u00e8de la capacit\u00e9 de vous aider \u00e0 fa\u00e7onner un site Web qui d\u00e9gage un professionnalisme, laissant ainsi une impression ind\u00e9l\u00e9bile sur votre pr\u00e9cieux client\u00e8le et incitant une augmentation significative des conversions. Alors, pourquoi retarder plus longtemps? Saisissez l&rsquo;opportunit\u00e9 de d\u00e9couvrir le pouvoir transformateur de l&rsquo;image masqu\u00e9e du constructeur de The Th\u00e9ify aujourd&rsquo;hui et assister \u00e0 la progression remarquable de votre site Web vers des hauteurs sans pr\u00e9c\u00e9dent!<\/p>\n","protected":false},"featured_media":145509,"comment_status":"open","ping_status":"open","template":"","meta":[],"product_brand":[2674],"product_cat":[1189,1181,1186],"product_tag":[1375],"class_list":{"0":"post-121566","1":"product","2":"type-product","3":"status-publish","4":"has-post-thumbnail","6":"product_brand-themify","7":"product_cat-personnalisation","8":"product_cat-plugins","9":"product_cat-wordpress-plugins","10":"product_tag-themify","11":"member-discount","12":"discount-restricted","14":"first","15":"instock","16":"sale","17":"downloadable","18":"virtual","19":"sold-individually","20":"purchasable","21":"product-type-simple"},"_links":{"self":[{"href":"https:\/\/gpl-love.com\/fr\/wp-json\/wp\/v2\/product\/121566","targetHints":{"allow":["GET"]}}],"collection":[{"href":"https:\/\/gpl-love.com\/fr\/wp-json\/wp\/v2\/product"}],"about":[{"href":"https:\/\/gpl-love.com\/fr\/wp-json\/wp\/v2\/types\/product"}],"replies":[{"embeddable":true,"href":"https:\/\/gpl-love.com\/fr\/wp-json\/wp\/v2\/comments?post=121566"}],"wp:featuredmedia":[{"embeddable":true,"href":"https:\/\/gpl-love.com\/fr\/wp-json\/wp\/v2\/media\/145509"}],"wp:attachment":[{"href":"https:\/\/gpl-love.com\/fr\/wp-json\/wp\/v2\/media?parent=121566"}],"wp:term":[{"taxonomy":"product_brand","embeddable":true,"href":"https:\/\/gpl-love.com\/fr\/wp-json\/wp\/v2\/product_brand?post=121566"},{"taxonomy":"product_cat","embeddable":true,"href":"https:\/\/gpl-love.com\/fr\/wp-json\/wp\/v2\/product_cat?post=121566"},{"taxonomy":"product_tag","embeddable":true,"href":"https:\/\/gpl-love.com\/fr\/wp-json\/wp\/v2\/product_tag?post=121566"}],"curies":[{"name":"wp","href":"https:\/\/api.w.org\/{rel}","templated":true}]}}