{"id":121564,"date":"2025-06-08T00:00:00","date_gmt":"2025-06-07T22:00:00","guid":{"rendered":"https:\/\/gpl-love.com\/fr\/produit\/ninja-forms-zoho-crm\/"},"modified":"2026-04-10T18:34:36","modified_gmt":"2026-04-10T16:34:36","slug":"ninja-forms-zoho-crm","status":"publish","type":"product","link":"https:\/\/gpl-love.com\/fr\/produit\/ninja-forms-zoho-crm\/","title":{"rendered":"Ninja Forms Zoho CRM 3.5.2"},"content":{"rendered":"<h3>Ninja Forms Zoho CRM Traits<\/h3>\n<p>Ninja Forms Zoho CRM, une solution logicielle tr\u00e8s efficace, sert de facilitateur pour les entreprises cherchant \u00e0 rationaliser leurs proc\u00e9dures de gestion de la relation client. Ce logiciel de pointe int\u00e8gre parfaitement le c\u00e9l\u00e8bre plugin Ninja Forms avec les capacit\u00e9s compl\u00e8tes de Zoho CRM, r\u00e9sultant en une plate-forme conviviale mais remarquablement robuste qui s&rsquo;adresse \u00e0 la capture des prospects et \u00e0 la gestion efficace des donn\u00e9es clients. En utilisant des formulaires Ninja Zoho CRM, la t\u00e2che laborieuse de la saisie des donn\u00e9es manuelles devient obsol\u00e8te car le logiciel permet la transmission directe des donn\u00e9es des formulaires de site Web \u00e0 Zoho CRM, augmentant ainsi la pr\u00e9cision des donn\u00e9es. En outre, ce logiciel propose un \u00e9ventail d&rsquo;options de personnalisation avanc\u00e9es qui offrent aux entreprises la possibilit\u00e9 d&rsquo;adapter le syst\u00e8me en fonction de leurs exigences uniques. Par cons\u00e9quent, Ninja Forms Zoho CRM appara\u00eet comme un outil indispensable pour toute entreprise d\u00e9sireuse d&rsquo;optimiser ses pratiques de gestion de la relation client et de renforcer leur productivit\u00e9 globale.<\/p>\n<ul>\n<li>Int\u00e8gre de mani\u00e8re transparente les formulaires de ninja avec Zoho CRM<\/li>\n<li>Envoie automatiquement des soumissions de formulaires \u00e0 Zoho CRM en tant que nouveaux fils<\/li>\n<li>Gagnez du temps en \u00e9liminant la saisie manuelle des donn\u00e9es<\/li>\n<li>Fournit une synchronisation des donn\u00e9es en temps r\u00e9el entre les formulaires Ninja et Zoho CRM<\/li>\n<li>Cartographie personnalisable des champs de formulaire aux champs Zoho CRM<\/li>\n<li>Capacit\u00e9 \u00e0 filtrer et segmenter les soumissions de formulaires dans Zoho CRM<\/li>\n<li>Aide \u00e0 rationaliser la g\u00e9n\u00e9ration de leads et les processus de vente<\/li>\n<li>Compatible avec tous les modules compl\u00e9mentaires et extensions des formulaires ninja<\/li>\n<li>Ne n\u00e9cessite aucune connaissance de codage ni expertise technique pour configurer<\/li>\n<li>Fournit des rapports et des analyses d\u00e9taill\u00e9s sur les soumissions de formulaires dans Zoho CRM.<\/li>\n<\/ul>\n","protected":false},"excerpt":{"rendered":"<p>Les formulaires Ninja Zoho CRM sont un outil d&rsquo;int\u00e9gration tr\u00e8s puissant qui facilite la connexion transparente entre vos formulaires de contact Ninja et votre compte Zoho CRM, permettant une approche rationalis\u00e9e et coh\u00e9rente. En utilisant ce plugin, vous pouvez capturer et transf\u00e9rer sans effort des informations de plomb cruciales directement dans votre syst\u00e8me CRM, optimisant ainsi votre efficacit\u00e9 et acc\u00e9l\u00e9rant votre processus de gestion du lead. De plus, vous avez la capacit\u00e9 de cr\u00e9er des formes de plomb sur mesure et d&rsquo;aligner sans effort vos champs de formulaire avec vos champs Zoho CRM, garantissant l&rsquo;organisation m\u00e9ticuleuse et la synchronisation de toutes vos donn\u00e9es. Que votre objectif soit de g\u00e9n\u00e9rer un volume plus \u00e9lev\u00e9 de prospects, de surveiller les conversions ou de rationaliser votre processus de vente, Ninja Forms Zoho CRM est la solution impeccable pour toute entreprise cherchant \u00e0 \u00e9lever leurs prouesses de gestion des prospects \u00e0 des hauteurs sans pr\u00e9c\u00e9dent.<\/p>\n","protected":false},"featured_media":144810,"comment_status":"open","ping_status":"open","template":"","meta":[],"product_brand":[2605],"product_cat":[1187,1181,1186],"product_tag":[1313],"class_list":{"0":"post-121564","1":"product","2":"type-product","3":"status-publish","4":"has-post-thumbnail","6":"product_brand-ninja-forms","7":"product_cat-administration-wordpress-plugins","8":"product_cat-plugins","9":"product_cat-wordpress-plugins","10":"product_tag-ninja-forms","11":"member-discount","12":"discount-restricted","14":"first","15":"instock","16":"sale","17":"downloadable","18":"virtual","19":"sold-individually","20":"purchasable","21":"product-type-simple"},"_links":{"self":[{"href":"https:\/\/gpl-love.com\/fr\/wp-json\/wp\/v2\/product\/121564","targetHints":{"allow":["GET"]}}],"collection":[{"href":"https:\/\/gpl-love.com\/fr\/wp-json\/wp\/v2\/product"}],"about":[{"href":"https:\/\/gpl-love.com\/fr\/wp-json\/wp\/v2\/types\/product"}],"replies":[{"embeddable":true,"href":"https:\/\/gpl-love.com\/fr\/wp-json\/wp\/v2\/comments?post=121564"}],"wp:featuredmedia":[{"embeddable":true,"href":"https:\/\/gpl-love.com\/fr\/wp-json\/wp\/v2\/media\/144810"}],"wp:attachment":[{"href":"https:\/\/gpl-love.com\/fr\/wp-json\/wp\/v2\/media?parent=121564"}],"wp:term":[{"taxonomy":"product_brand","embeddable":true,"href":"https:\/\/gpl-love.com\/fr\/wp-json\/wp\/v2\/product_brand?post=121564"},{"taxonomy":"product_cat","embeddable":true,"href":"https:\/\/gpl-love.com\/fr\/wp-json\/wp\/v2\/product_cat?post=121564"},{"taxonomy":"product_tag","embeddable":true,"href":"https:\/\/gpl-love.com\/fr\/wp-json\/wp\/v2\/product_tag?post=121564"}],"curies":[{"name":"wp","href":"https:\/\/api.w.org\/{rel}","templated":true}]}}