{"id":121562,"date":"2022-02-17T00:00:00","date_gmt":"2022-02-16T23:00:00","guid":{"rendered":"https:\/\/gpl-love.com\/fr\/produit\/ninja-forms-white-label\/"},"modified":"2026-04-10T18:34:34","modified_gmt":"2026-04-10T16:34:34","slug":"ninja-forms-white-label","status":"publish","type":"product","link":"https:\/\/gpl-love.com\/fr\/produit\/ninja-forms-white-label\/","title":{"rendered":"Ninja Forms White Label 1.0.5"},"content":{"rendered":"<h3>Ninja Forms White Label Traits<\/h3>\n<p>Les formulaires Ninja White Label sont un outil incroyablement robuste et formidable qui vous accorde la possibilit\u00e9 de marquer enti\u00e8rement et de personnaliser vos formulaires pour vos clients estim\u00e9s. Gr\u00e2ce \u00e0 l&rsquo;utilisation de ce produit remarquable, vous poss\u00e9dez le pouvoir de g\u00e9n\u00e9rer sans effort des formes qui co\u00efncident parfaitement avec l&rsquo;esth\u00e9tique visuelle et l&rsquo;ambiance des sites Web de vos clients. Cette exp\u00e9rience utilisateur harmonieuse et sophistiqu\u00e9e laissera sans aucun doute une marque ind\u00e9l\u00e9bile sur vos clients et leurs clients. De plus, la fonctionnalit\u00e9 de l&rsquo;\u00e9tiquette blanche \u00e9radique efficacement toute trace de l&rsquo;image de marque des formulaires Ninja, vous offrant ainsi la possibilit\u00e9 de personnaliser toute l&rsquo;exp\u00e9rience en fonction des besoins et des pr\u00e9f\u00e9rences uniques de vos clients ch\u00e9ris. En r\u00e9sum\u00e9, les formes Ninja White Label repr\u00e9sentent ind\u00e9niablement une ressource indispensable pour toute agence ou entrepreneur ind\u00e9pendant aspirant \u00e0 fournir \u00e0 leurs clients des formulaires de premier ordre con\u00e7us sur mesure qui incarnent l&rsquo;excellence.<\/p>\n<ul>\n<li>Builder de formulaire enti\u00e8rement personnalisable<\/li>\n<li>Possibilit\u00e9 d&rsquo;ajouter le logo et la marque de l&rsquo;entreprise tout au long du plugin<\/li>\n<li>Masquer ou supprimer la marque et les r\u00e9f\u00e9rences des formulaires ninja<\/li>\n<li>Cr\u00e9er et g\u00e9rer des formulaires pour les clients sans aucune marque de formulaires ninja<\/li>\n<li>Int\u00e9gration facile avec les sites WordPress<\/li>\n<li>Acc\u00e8s \u00e0 un support premium pour l&rsquo;aide \u00e0 l&rsquo;utilisation du plugin<\/li>\n<li>Licence illimit\u00e9e pour une utilisation sur plusieurs sites Web clients<\/li>\n<li>Option pour ajouter CSS personnalis\u00e9 pour encore plus de contr\u00f4le sur la conception<\/li>\n<li>Interface utilisateur simple pour la cr\u00e9ation et la gestion faciles de formulaire.<\/li>\n<\/ul>\n","protected":false},"excerpt":{"rendered":"<p>Ninja Forms White Label est un produit exceptionnel et tr\u00e8s recherch\u00e9 qui a \u00e9t\u00e9 m\u00e9ticuleusement con\u00e7u et con\u00e7u avec l&rsquo;intention explicite de r\u00e9pondre aux besoins et aux d\u00e9sirs sp\u00e9cifiques des entreprises qui aspirent \u00e0 la capacit\u00e9 de personnaliser parfaitement et largement leur logiciel de g\u00e9n\u00e9ration de formulaire. Ce produit impressionnant permet aux entreprises d&rsquo;int\u00e9grer de mani\u00e8re transparente leurs propres \u00e9l\u00e9ments de marque distincts et indubitables tout en \u00e9radicant simultan\u00e9ment tout semblant de logos et de r\u00e9f\u00e9rences Ninja, culminant ainsi dans une exp\u00e9rience in\u00e9gal\u00e9e et sans pr\u00e9c\u00e9dent pour leur client\u00e8le estim\u00e9e. De plus, ce logiciel extraordinaire accorde \u00e9galement aux entreprises l&rsquo;occasion inestimable de l&rsquo;adapter et de l&rsquo;adapter \u00e0 leurs propres sp\u00e9cifications et pr\u00e9f\u00e9rences uniques, leur offrant ainsi un niveau de flexibilit\u00e9 et de polyvalence \u00e9tonnant dans le domaine de la cr\u00e9ation de forme. En outre, il est imp\u00e9ratif de souligner que Ninja Forms White Label repr\u00e9sente une solution incroyablement simple et rentable qui est parfaitement adapt\u00e9e aux entreprises qui s&rsquo;efforcent s\u00e9rieusement d&rsquo;am\u00e9liorer et d&rsquo;amplifier leur reconnaissance de marque et d&rsquo;augmenter leur exp\u00e9rience client \u00e0 des sommets sans pr\u00e9c\u00e9dent.<\/p>\n","protected":false},"featured_media":144807,"comment_status":"open","ping_status":"open","template":"","meta":[],"product_brand":[2605],"product_cat":[1189,1181,1186],"product_tag":[1313],"class_list":{"0":"post-121562","1":"product","2":"type-product","3":"status-publish","4":"has-post-thumbnail","6":"product_brand-ninja-forms","7":"product_cat-personnalisation","8":"product_cat-plugins","9":"product_cat-wordpress-plugins","10":"product_tag-ninja-forms","11":"member-discount","12":"discount-restricted","14":"first","15":"instock","16":"sale","17":"downloadable","18":"virtual","19":"sold-individually","20":"purchasable","21":"product-type-simple"},"_links":{"self":[{"href":"https:\/\/gpl-love.com\/fr\/wp-json\/wp\/v2\/product\/121562","targetHints":{"allow":["GET"]}}],"collection":[{"href":"https:\/\/gpl-love.com\/fr\/wp-json\/wp\/v2\/product"}],"about":[{"href":"https:\/\/gpl-love.com\/fr\/wp-json\/wp\/v2\/types\/product"}],"replies":[{"embeddable":true,"href":"https:\/\/gpl-love.com\/fr\/wp-json\/wp\/v2\/comments?post=121562"}],"wp:featuredmedia":[{"embeddable":true,"href":"https:\/\/gpl-love.com\/fr\/wp-json\/wp\/v2\/media\/144807"}],"wp:attachment":[{"href":"https:\/\/gpl-love.com\/fr\/wp-json\/wp\/v2\/media?parent=121562"}],"wp:term":[{"taxonomy":"product_brand","embeddable":true,"href":"https:\/\/gpl-love.com\/fr\/wp-json\/wp\/v2\/product_brand?post=121562"},{"taxonomy":"product_cat","embeddable":true,"href":"https:\/\/gpl-love.com\/fr\/wp-json\/wp\/v2\/product_cat?post=121562"},{"taxonomy":"product_tag","embeddable":true,"href":"https:\/\/gpl-love.com\/fr\/wp-json\/wp\/v2\/product_tag?post=121562"}],"curies":[{"name":"wp","href":"https:\/\/api.w.org\/{rel}","templated":true}]}}