{"id":121560,"date":"2022-02-17T00:00:00","date_gmt":"2022-02-16T23:00:00","guid":{"rendered":"https:\/\/gpl-love.com\/fr\/produit\/ninja-forms-webmerge\/"},"modified":"2026-04-10T18:34:33","modified_gmt":"2026-04-10T16:34:33","slug":"ninja-forms-webmerge","status":"publish","type":"product","link":"https:\/\/gpl-love.com\/fr\/produit\/ninja-forms-webmerge\/","title":{"rendered":"Ninja Forms WebMerge 3.0.3"},"content":{"rendered":"<h3>Ninja Forms WebMerge Traits<\/h3>\n<p>Ninja Forms Webmerge pr\u00e9sente un m\u00e9canisme tr\u00e8s robuste et efficace pour la fusion transparente des donn\u00e9es d\u00e9riv\u00e9es des formulaires Web en divers documents. Cet outil de pointe permet aux utilisateurs d&rsquo;une interface conviviale qui facilite la cr\u00e9ation et la personnalisation des formulaires Web, leur permettant ainsi d&rsquo;\u00e9tablir sans effort des connexions entre les champs de formulaire et les champs de document correspondants. De plus, Ninja Forms Webmerge \u00e9tend ses fonctionnalit\u00e9s en offrant une gamme diversifi\u00e9e d&rsquo;alternatives de sortie, englobant non seulement les formats PDF et documents Word conventionnels, mais aussi le format Google Sheets plus innovant. Par cons\u00e9quent, les formulaires Ninja WebMerge apparaissent comme une solution exceptionnelle bien adapt\u00e9e aux entit\u00e9s commerciales et aux individus cherchant \u00e0 optimiser leurs proc\u00e9dures de soumission de formulaire et \u00e0 accro\u00eetre l&rsquo;efficacit\u00e9 de leurs flux de travail de g\u00e9n\u00e9ration de documents.<\/p>\n<ul>\n<li>Int\u00e9gration transparente entre les formulaires Ninja et Webmerge<\/li>\n<li>Capacit\u00e9 \u00e0 cr\u00e9er des mod\u00e8les de documents personnalis\u00e9s \u00e0 l&rsquo;aide de WebMerge<\/li>\n<li>Processus de cr\u00e9ation de documents rationalis\u00e9 dans les formulaires ninja<\/li>\n<li>Population de donn\u00e9es automatiques dans les mod\u00e8les de documents de Ninja Forms Soumissions<\/li>\n<li>Option pour envoyer des documents fusionn\u00e9s par e-mail ou stocker dans le stockage cloud<\/li>\n<li>Options de formatage personnalisables pour les documents fusionn\u00e9s<\/li>\n<li>Gave le temps et \u00e9limine les erreurs de saisie des donn\u00e9es manuelles<\/li>\n<li>Efficacit\u00e9 et productivit\u00e9 accrues pour les entreprises utilisant des formulaires Ninja et WebMerge.<\/li>\n<\/ul>\n","protected":false},"excerpt":{"rendered":"<p>Les formulaires Ninja Webmerge sont une solution extr\u00eamement puissante et robuste qui permet aux utilisateurs de fusionner sans effort les donn\u00e9es de formulaire avec un \u00e9ventail de types de documents, y compris, mais sans s&rsquo;y limiter, les documents de mots, les PDF, les feuilles de calcul Excel ou tout autre format de document dont on peut avoir besoin. Cet outil remarquable permet la cr\u00e9ation de workflows automatis\u00e9s qui rationalisent efficacement le processus de collecte de donn\u00e9es et de g\u00e9n\u00e9ration de documents, entra\u00eenant ainsi des \u00e9conomies de temps importantes et une efficacit\u00e9 op\u00e9rationnelle am\u00e9lior\u00e9e. Le plugin s&rsquo;int\u00e8gre de mani\u00e8re transparente aux formes Ninja, facilitant ainsi la conception de formes complexes qui incorporent la logique conditionnelle et les dispositions de plusieurs pages, capturant efficacement les informations n\u00e9cessaires. Que l&rsquo;objectif soit d&rsquo;automatiser les proc\u00e9dures de facturation, de g\u00e9n\u00e9rer des certificats ou de r\u00e9aliser des lettres personnalis\u00e9es, soyez assur\u00e9 que Ninja Forms Webmerge est une solution compl\u00e8te qui peut r\u00e9pondre \u00e0 toutes ces exigences.<\/p>\n","protected":false},"featured_media":144806,"comment_status":"open","ping_status":"open","template":"","meta":[],"product_brand":[2605],"product_cat":[1189,1181,1186],"product_tag":[1313],"class_list":{"0":"post-121560","1":"product","2":"type-product","3":"status-publish","4":"has-post-thumbnail","6":"product_brand-ninja-forms","7":"product_cat-personnalisation","8":"product_cat-plugins","9":"product_cat-wordpress-plugins","10":"product_tag-ninja-forms","11":"member-discount","12":"discount-restricted","14":"first","15":"instock","16":"sale","17":"downloadable","18":"virtual","19":"sold-individually","20":"purchasable","21":"product-type-simple"},"_links":{"self":[{"href":"https:\/\/gpl-love.com\/fr\/wp-json\/wp\/v2\/product\/121560","targetHints":{"allow":["GET"]}}],"collection":[{"href":"https:\/\/gpl-love.com\/fr\/wp-json\/wp\/v2\/product"}],"about":[{"href":"https:\/\/gpl-love.com\/fr\/wp-json\/wp\/v2\/types\/product"}],"replies":[{"embeddable":true,"href":"https:\/\/gpl-love.com\/fr\/wp-json\/wp\/v2\/comments?post=121560"}],"wp:featuredmedia":[{"embeddable":true,"href":"https:\/\/gpl-love.com\/fr\/wp-json\/wp\/v2\/media\/144806"}],"wp:attachment":[{"href":"https:\/\/gpl-love.com\/fr\/wp-json\/wp\/v2\/media?parent=121560"}],"wp:term":[{"taxonomy":"product_brand","embeddable":true,"href":"https:\/\/gpl-love.com\/fr\/wp-json\/wp\/v2\/product_brand?post=121560"},{"taxonomy":"product_cat","embeddable":true,"href":"https:\/\/gpl-love.com\/fr\/wp-json\/wp\/v2\/product_cat?post=121560"},{"taxonomy":"product_tag","embeddable":true,"href":"https:\/\/gpl-love.com\/fr\/wp-json\/wp\/v2\/product_tag?post=121560"}],"curies":[{"name":"wp","href":"https:\/\/api.w.org\/{rel}","templated":true}]}}