{"id":121558,"date":"2022-02-17T00:00:00","date_gmt":"2022-02-16T23:00:00","guid":{"rendered":"https:\/\/gpl-love.com\/fr\/produit\/ninja-forms-vimeo-uploader\/"},"modified":"2026-04-10T18:34:31","modified_gmt":"2026-04-10T16:34:31","slug":"ninja-forms-vimeo-uploader","status":"publish","type":"product","link":"https:\/\/gpl-love.com\/fr\/produit\/ninja-forms-vimeo-uploader\/","title":{"rendered":"Ninja Forms Vimeo Uploader 3.0.2"},"content":{"rendered":"<h3>Ninja Forms Vimeo Uploader Traits<\/h3>\n<p>Ninja Forms Vimeo Uploader, un plugin WordPress remarquablement convivial, offre des capacit\u00e9s de t\u00e9l\u00e9chargement de vid\u00e9os transparentes de votre site Web \u00e0 Vimeo. Ce plugin remarquable vous permet de cr\u00e9er des formes personnalis\u00e9es, permettant aux visiteurs de votre site Web estim\u00e9s de t\u00e9l\u00e9charger sans effort des vid\u00e9os directement sur votre compte Vimeo estim\u00e9. De plus, ce plugin s&rsquo;int\u00e8gre de mani\u00e8re transparente aux formulaires Ninja, garantissant une incorporation sans effort dans votre site Web pr\u00e9existant. Notamment, son interface simpliste mais tr\u00e8s intuitive facilite une exp\u00e9rience de t\u00e9l\u00e9chargement vid\u00e9o sans effort pour les utilisateurs, tout en garantissant la conformit\u00e9 \u00e0 vos exigences et directives m\u00e9ticuleusement d\u00e9finies. Que vous soyez un blogueur estim\u00e9, un marketing ing\u00e9nieux ou un propri\u00e9taire d&rsquo;entreprise ambitieux, Ninja Forms Vimeo Uploader s&rsquo;av\u00e8re \u00eatre un outil inestimable, augmentant consid\u00e9rablement les capacit\u00e9s vid\u00e9o de votre site Web.<\/p>\n<ul>\n<li>Int\u00e9gration simple et sans couture avec les formes ninja<\/li>\n<li>Permet aux utilisateurs de t\u00e9l\u00e9charger facilement leurs vid\u00e9os Vimeo directement \u00e0 partir du formulaire<\/li>\n<li>Prend en charge plusieurs t\u00e9l\u00e9chargements vid\u00e9o<\/li>\n<li>G\u00e9n\u00e8re automatiquement des miniatures vid\u00e9o pour les vid\u00e9os soumises<\/li>\n<li>Fournit une barre de progression pour les t\u00e9l\u00e9chargements vid\u00e9o<\/li>\n<li>S&rsquo;assure que les fichiers vid\u00e9o sont correctement format\u00e9s et r\u00e9pondent aux exigences de t\u00e9l\u00e9chargement de Vimeo<\/li>\n<li>Offre des options de personnalisation pour les titres vid\u00e9o, les descriptions, les param\u00e8tres de confidentialit\u00e9, et plus encore<\/li>\n<li>Rationalise le processus de collecte et de gestion du contenu vid\u00e9o g\u00e9n\u00e9r\u00e9 par les utilisateurs<\/li>\n<li>Am\u00e9liore la fonctionnalit\u00e9 et l&rsquo;exp\u00e9rience utilisateur de votre plateforme Ninja Forms<\/li>\n<li>Gave le temps et r\u00e9duit les efforts manuels dans le t\u00e9l\u00e9chargement de vid\u00e9os et la gestion.<\/li>\n<\/ul>\n","protected":false},"excerpt":{"rendered":"<p>Le Ninja Forms Vimeo Uploader, un plugin WordPress remarquablement puissant, pr\u00e9sente aux utilisateurs la capacit\u00e9 extraordinaire pour exp\u00e9dier de mani\u00e8re transparente leurs vid\u00e9os \u00e0 Vimeo directement \u00e0 partir de leur site Web. Cet outil remarquablement convivial et intuitif permet l&rsquo;incorporation sans effort de champs de t\u00e9l\u00e9chargement de Vimeo dans vos formulaires, permettant ainsi aux visiteurs de soumettre sans effort leurs vid\u00e9os. Avec l&rsquo;incorporation de ce plugin, on peut faire ses adieux \u00e0 l&rsquo;exasp\u00e9ration et \u00e0 l&rsquo;effort associ\u00e9s au t\u00e9l\u00e9chargement manuel des vid\u00e9os sur Vimeo. Embrassez un flux de travail plus efficace et rationalis\u00e9 en acqu\u00e9rant le t\u00e9l\u00e9chargeur Ninja Forms Vimeo aujourd&rsquo;hui. Simplifiez vos efforts de partage de vid\u00e9os et adoptez une approche plus sans tracas.<\/p>\n","protected":false},"featured_media":144804,"comment_status":"open","ping_status":"open","template":"","meta":[],"product_brand":[2605],"product_cat":[1189,1181,1186],"product_tag":[1313],"class_list":{"0":"post-121558","1":"product","2":"type-product","3":"status-publish","4":"has-post-thumbnail","6":"product_brand-ninja-forms","7":"product_cat-personnalisation","8":"product_cat-plugins","9":"product_cat-wordpress-plugins","10":"product_tag-ninja-forms","11":"member-discount","12":"discount-restricted","14":"first","15":"instock","16":"sale","17":"downloadable","18":"virtual","19":"sold-individually","20":"purchasable","21":"product-type-simple"},"_links":{"self":[{"href":"https:\/\/gpl-love.com\/fr\/wp-json\/wp\/v2\/product\/121558","targetHints":{"allow":["GET"]}}],"collection":[{"href":"https:\/\/gpl-love.com\/fr\/wp-json\/wp\/v2\/product"}],"about":[{"href":"https:\/\/gpl-love.com\/fr\/wp-json\/wp\/v2\/types\/product"}],"replies":[{"embeddable":true,"href":"https:\/\/gpl-love.com\/fr\/wp-json\/wp\/v2\/comments?post=121558"}],"wp:featuredmedia":[{"embeddable":true,"href":"https:\/\/gpl-love.com\/fr\/wp-json\/wp\/v2\/media\/144804"}],"wp:attachment":[{"href":"https:\/\/gpl-love.com\/fr\/wp-json\/wp\/v2\/media?parent=121558"}],"wp:term":[{"taxonomy":"product_brand","embeddable":true,"href":"https:\/\/gpl-love.com\/fr\/wp-json\/wp\/v2\/product_brand?post=121558"},{"taxonomy":"product_cat","embeddable":true,"href":"https:\/\/gpl-love.com\/fr\/wp-json\/wp\/v2\/product_cat?post=121558"},{"taxonomy":"product_tag","embeddable":true,"href":"https:\/\/gpl-love.com\/fr\/wp-json\/wp\/v2\/product_tag?post=121558"}],"curies":[{"name":"wp","href":"https:\/\/api.w.org\/{rel}","templated":true}]}}