{"id":121556,"date":"2025-06-08T00:00:00","date_gmt":"2025-06-07T22:00:00","guid":{"rendered":"https:\/\/gpl-love.com\/fr\/produit\/ninja-forms-trello\/"},"modified":"2026-04-10T18:34:28","modified_gmt":"2026-04-10T16:34:28","slug":"ninja-forms-trello","status":"publish","type":"product","link":"https:\/\/gpl-love.com\/fr\/produit\/ninja-forms-trello\/","title":{"rendered":"Ninja Forms Trello 3.0.6"},"content":{"rendered":"<h3>Ninja Forms Trello Traits<\/h3>\n<p>Ninja Forms Trello, un outil robuste sp\u00e9cialement cr\u00e9\u00e9 pour les entreprises et les individus cherchant \u00e0 am\u00e9liorer leur efficacit\u00e9 de workflow et leur productivit\u00e9 globale, offre une int\u00e9gration transparente entre les formulaires Ninja et Trello, une plate-forme de gestion de projet tr\u00e8s recherch\u00e9e. Gr\u00e2ce \u00e0 cette int\u00e9gration, les utilisateurs acqui\u00e8rent la possibilit\u00e9 de transmettre sans effort les soumissions de formulaires directement aux cartes et cartes Trello, facilitant ainsi le suivi du progr\u00e8s, la d\u00e9l\u00e9gation des t\u00e2ches et la collaboration en temps r\u00e9el avec les membres de l&rsquo;\u00e9quipe. B\u00e9n\u00e9ficiant d&rsquo;une configuration et d&rsquo;une interface conviviales, Ninja Forms Trello pr\u00e9sente une pl\u00e9thore d&rsquo;options personnalisables r\u00e9pondant aux divers besoins de ses utilisateurs. Que l&rsquo;on exploite une entreprise \u00e0 petite \u00e9chelle ou supervise un projet \u00e0 grande \u00e9chelle, l&rsquo;utilisation de Ninja Forms Trello est indispensable pour maintenir l&rsquo;ordre organisationnel et accomplir des t\u00e2ches rapidement.<\/p>\n<ul>\n<li>Int\u00e9grez de mani\u00e8re transparente les formulaires Ninja avec Trello<\/li>\n<li>Cr\u00e9ez automatiquement des cartes Trello pour les soumissions de nouvelles formulaires<\/li>\n<li>Affecter des cartes \u00e0 des planches et des listes sp\u00e9cifiques dans Trello<\/li>\n<li>Inclure les donn\u00e9es de soumission de formulaire dans la description de la carte Trello ou les commentaires<\/li>\n<li>Automatiser le flux de travail et la gestion des t\u00e2ches avec Trello<\/li>\n<li>R\u00e9duire la saisie manuelle des donn\u00e9es et gagner du temps<\/li>\n<li>Organisation et collaboration am\u00e9lior\u00e9es pour la gestion de projet<\/li>\n<li>Configuration facile et options personnalisables pour le flux de travail personnalis\u00e9<\/li>\n<li>Compatible avec les formes Ninja et les API Trello<\/li>\n<li>Mises \u00e0 jour r\u00e9guli\u00e8res et support pour assurer une int\u00e9gration et une satisfaction des utilisateurs en douceur<\/li>\n<\/ul>\n","protected":false},"excerpt":{"rendered":"<p>Ninja Forms Trello, une int\u00e9gration tr\u00e8s robuste, offre aux utilisateurs la possibilit\u00e9 d&rsquo;\u00e9tablir sans effort une connexion entre leur compte Ninja Forms et leurs cartes Trello. Avec seulement quelques clics, les individus peuvent automatiser facilement le processus d&rsquo;envoi de soumissions de formulaires en tant que cartes \u00e0 leur tableau Trello, facilitant ainsi la surveillance des progr\u00e8s et la gestion des t\u00e2ches. Que l&rsquo;on cr\u00e9e des plombs, du traitement des ordres ou de l&rsquo;acquisition de commentaires, Ninja Forms Trello simplifie la t\u00e2che d&rsquo;organiser et de rationaliser son flux de travail. De plus, l&rsquo;int\u00e9gration poss\u00e8de des options de personnalisation avanc\u00e9es qui permettent aux utilisateurs d&rsquo;adapter le titre de la carte, la description et d&rsquo;autres composants \u00e0 leurs sp\u00e9cifications pr\u00e9cises, garantissant l&rsquo;organisation des donn\u00e9es d&rsquo;une mani\u00e8re qui r\u00e9pond avec pr\u00e9cision \u00e0 leurs besoins. Embarquez dans le voyage d&rsquo;explorer cette int\u00e9gration transparente aujourd&rsquo;hui et t\u00e9moigne de l&rsquo;immense pouvoir qu&rsquo;il d\u00e9tient!<\/p>\n","protected":false},"featured_media":144800,"comment_status":"open","ping_status":"open","template":"","meta":[],"product_brand":[2605],"product_cat":[1189,1181,1186],"product_tag":[1313],"class_list":{"0":"post-121556","1":"product","2":"type-product","3":"status-publish","4":"has-post-thumbnail","6":"product_brand-ninja-forms","7":"product_cat-personnalisation","8":"product_cat-plugins","9":"product_cat-wordpress-plugins","10":"product_tag-ninja-forms","11":"member-discount","12":"discount-restricted","14":"first","15":"instock","16":"sale","17":"downloadable","18":"virtual","19":"sold-individually","20":"purchasable","21":"product-type-simple"},"_links":{"self":[{"href":"https:\/\/gpl-love.com\/fr\/wp-json\/wp\/v2\/product\/121556","targetHints":{"allow":["GET"]}}],"collection":[{"href":"https:\/\/gpl-love.com\/fr\/wp-json\/wp\/v2\/product"}],"about":[{"href":"https:\/\/gpl-love.com\/fr\/wp-json\/wp\/v2\/types\/product"}],"replies":[{"embeddable":true,"href":"https:\/\/gpl-love.com\/fr\/wp-json\/wp\/v2\/comments?post=121556"}],"wp:featuredmedia":[{"embeddable":true,"href":"https:\/\/gpl-love.com\/fr\/wp-json\/wp\/v2\/media\/144800"}],"wp:attachment":[{"href":"https:\/\/gpl-love.com\/fr\/wp-json\/wp\/v2\/media?parent=121556"}],"wp:term":[{"taxonomy":"product_brand","embeddable":true,"href":"https:\/\/gpl-love.com\/fr\/wp-json\/wp\/v2\/product_brand?post=121556"},{"taxonomy":"product_cat","embeddable":true,"href":"https:\/\/gpl-love.com\/fr\/wp-json\/wp\/v2\/product_cat?post=121556"},{"taxonomy":"product_tag","embeddable":true,"href":"https:\/\/gpl-love.com\/fr\/wp-json\/wp\/v2\/product_tag?post=121556"}],"curies":[{"name":"wp","href":"https:\/\/api.w.org\/{rel}","templated":true}]}}