{"id":121554,"date":"2022-02-17T00:00:00","date_gmt":"2022-02-16T23:00:00","guid":{"rendered":"https:\/\/gpl-love.com\/fr\/produit\/ninja-forms-text-message-notifications\/"},"modified":"2026-04-10T18:34:27","modified_gmt":"2026-04-10T16:34:27","slug":"ninja-forms-text-message-notifications","status":"publish","type":"product","link":"https:\/\/gpl-love.com\/fr\/produit\/ninja-forms-text-message-notifications\/","title":{"rendered":"Ninja Forms Text Message Notifications 1.1"},"content":{"rendered":"<h3>Ninja Forms Text Message Notifications Traits<\/h3>\n<p>La fonctionnalit\u00e9 Ninja Forms Messages texte Formulaires est un outil innovant qui donne aux utilisateurs la possibilit\u00e9 de recevoir rapidement des messages texte pour chaque soumission de formulaire soumise via le plugin Ninja Forms. En tirant parti de cette fonctionnalit\u00e9 de pointe, les utilisateurs peuvent rester \u00e0 jour sans effort avec des soumissions de formulaires cruciales en temps r\u00e9el, simplifiant ainsi la gestion de leurs responsabilit\u00e9s professionnelles ou de leurs efforts commerciaux. De plus, les notifications de SMS sont enti\u00e8rement personnalisables, offrant aux utilisateurs la possibilit\u00e9 de personnaliser le contenu et le format des messages en fonction de leurs pr\u00e9f\u00e9rences et sp\u00e9cifications. Cet attribut remarquable est particuli\u00e8rement avantageux pour les individus ou les entreprises qui n\u00e9cessitent une connectivit\u00e9 continue \u00e0 leurs formes, m\u00eame pendant les p\u00e9riodes d&rsquo;absence physique de leur station informatique ou de leur espace de travail de bureau. Avec l&rsquo;utilit\u00e9 de l&rsquo;utilitaire de notifications de messagerie texte Ninja Forms, les utilisateurs peuvent rationaliser efficacement leurs processus de flux de travail et garantir qu&rsquo;ils ne n\u00e9gligent plus jamais une soumission de formulaire capitale.<\/p>\n<ul>\n<li>Recevez instantan\u00e9ment des notifications de SMS pour les nouvelles soumissions sur les formulaires Ninja de votre site Web<\/li>\n<li>Personnalisez le contenu du message texte pour r\u00e9pondre \u00e0 vos besoins sp\u00e9cifiques<\/li>\n<li>Choisissez les soumissions de formulaire d\u00e9clenchent des notifications de message texte<\/li>\n<li>Id\u00e9al pour rester \u00e0 jour sur une activit\u00e9 de site Web importante m\u00eame \u00e0 la hauteur<\/li>\n<li>Processus de configuration facile avec des instructions \u00e9tape par \u00e9tape fournies<\/li>\n<li>Compatible avec tous les principaux op\u00e9rateurs de t\u00e9l\u00e9phonie cellulaire<\/li>\n<li>Options de tarification abordables disponibles pour les entreprises de toutes tailles<\/li>\n<\/ul>\n","protected":false},"excerpt":{"rendered":"<p>D\u00e9couvrez une connectivit\u00e9 transparente m\u00eame en mouvement avec la caract\u00e9ristique remarquable des notifications de message texte Ninja Forms! En int\u00e9grant ce module compl\u00e9mentaire pratique, vous serez rapidement inform\u00e9 via SMS chaque fois qu&rsquo;un visiteur remplit un formulaire sur votre site Web. Soyez instantan\u00e9ment mis \u00e0 jour avec des notifications en temps r\u00e9el pour les nouveaux clients potentiels, les demandes et les pr\u00e9cieux commentaires des clients directement sur votre appareil mobile, quelle que soit votre emplacement. Assurez-vous de ne jamais manquer d&rsquo;opportunit\u00e9s cruciales et de rester pleinement inform\u00e9 des notifications de message texte des formulaires Ninja exceptionnels.<\/p>\n","protected":false},"featured_media":144799,"comment_status":"open","ping_status":"open","template":"","meta":[],"product_brand":[2605],"product_cat":[1189,1181,1186],"product_tag":[1313],"class_list":{"0":"post-121554","1":"product","2":"type-product","3":"status-publish","4":"has-post-thumbnail","6":"product_brand-ninja-forms","7":"product_cat-personnalisation","8":"product_cat-plugins","9":"product_cat-wordpress-plugins","10":"product_tag-ninja-forms","11":"member-discount","12":"discount-restricted","14":"first","15":"instock","16":"sale","17":"downloadable","18":"virtual","19":"sold-individually","20":"purchasable","21":"product-type-simple"},"_links":{"self":[{"href":"https:\/\/gpl-love.com\/fr\/wp-json\/wp\/v2\/product\/121554","targetHints":{"allow":["GET"]}}],"collection":[{"href":"https:\/\/gpl-love.com\/fr\/wp-json\/wp\/v2\/product"}],"about":[{"href":"https:\/\/gpl-love.com\/fr\/wp-json\/wp\/v2\/types\/product"}],"replies":[{"embeddable":true,"href":"https:\/\/gpl-love.com\/fr\/wp-json\/wp\/v2\/comments?post=121554"}],"wp:featuredmedia":[{"embeddable":true,"href":"https:\/\/gpl-love.com\/fr\/wp-json\/wp\/v2\/media\/144799"}],"wp:attachment":[{"href":"https:\/\/gpl-love.com\/fr\/wp-json\/wp\/v2\/media?parent=121554"}],"wp:term":[{"taxonomy":"product_brand","embeddable":true,"href":"https:\/\/gpl-love.com\/fr\/wp-json\/wp\/v2\/product_brand?post=121554"},{"taxonomy":"product_cat","embeddable":true,"href":"https:\/\/gpl-love.com\/fr\/wp-json\/wp\/v2\/product_cat?post=121554"},{"taxonomy":"product_tag","embeddable":true,"href":"https:\/\/gpl-love.com\/fr\/wp-json\/wp\/v2\/product_tag?post=121554"}],"curies":[{"name":"wp","href":"https:\/\/api.w.org\/{rel}","templated":true}]}}