{"id":121552,"date":"2022-07-18T00:00:00","date_gmt":"2022-07-17T22:00:00","guid":{"rendered":"https:\/\/gpl-love.com\/fr\/produit\/mythemeshop-wp-notification-bar-pro\/"},"modified":"2026-04-10T18:33:26","modified_gmt":"2026-04-10T16:33:26","slug":"mythemeshop-wp-notification-bar-pro","status":"publish","type":"product","link":"https:\/\/gpl-love.com\/fr\/produit\/mythemeshop-wp-notification-bar-pro\/","title":{"rendered":"MyThemeShop WP Notification Bar Pro 1.2.1"},"content":{"rendered":"<h3>MyThemeShop WP Notification Bar Pro Traits<\/h3>\n<p>MyTheShop WP Notification Bar Pro est un outil incroyablement robuste qui est sp\u00e9cialement con\u00e7u pour r\u00e9pondre aux besoins des propri\u00e9taires de sites Web d\u00e9sireux de capter l&rsquo;attention de leurs pr\u00e9cieux visiteurs et, finalement, de conduire des conversions. En utilisant ce plugin exceptionnel, vous avez la capacit\u00e9 remarquable de cr\u00e9er sans effort des barres de notification visuellement frappantes qui peuvent \u00eatre strat\u00e9giquement positionn\u00e9es dans la section sup\u00e9rieure ou inf\u00e9rieure de votre site Web estim\u00e9. Ces barres de notification sont non seulement esth\u00e9tiques, mais elles vous offrent \u00e9galement l&rsquo;occasion inestimable de personnaliser les messages et les boutons qui sont affich\u00e9s en eux. Que votre objectif principal soit de promouvoir efficacement une vente attrayante, d&rsquo;encourager activement vos visiteurs estim\u00e9s \u00e0 s&rsquo;inscrire avec impatience \u00e0 votre newsletter tr\u00e8s informative, ou m\u00eame \u00e0 partager avec ferveur des nouvelles pivots qui ne peuvent tout simplement pas \u00eatre ignor\u00e9es, la facilit\u00e9 et la commodit\u00e9 in\u00e9gal\u00e9es offertes par WP Notification Bar Pro Pro Facilitera sans aucun doute ces efforts avec une facilit\u00e9 in\u00e9gal\u00e9e. De plus, ce plugin extraordinaire est \u00e9galement \u00e9quip\u00e9 d&rsquo;une gamme d&rsquo;options de ciblage avanc\u00e9es, vous permettant ainsi d&rsquo;afficher s\u00e9lectivement vos messages sur mesure \u00e0 des utilisateurs sp\u00e9cifiques qui r\u00e9pondent aux crit\u00e8res pr\u00e9d\u00e9termin\u00e9s tels que leur emplacement g\u00e9ographique, la source de r\u00e9f\u00e9rence ou m\u00eame l&rsquo;appareil qu&rsquo;ils sont Utilisation. Cette combinaison impeccable d&rsquo;une interface v\u00e9ritablement conviviale et d&rsquo;un assortiment de fonctionnalit\u00e9s puissantes et de pointe \u00e9tablit vraiment que WP Notification Bar Pro est un actif indispensable pour tout site Web exigeant qui cherche \u00e0 am\u00e9liorer consid\u00e9rablement son niveau d&rsquo;engagement global et finalement \u00e0 entra\u00eener un boost exponentiel dans les ventes.<\/p>\n<ul>\n<li>Boostez l&rsquo;engagement et les conversions sur votre site Web avec une barre de notification personnalisable<\/li>\n<li>Comprend des mod\u00e8les pr\u00e9-con\u00e7us pour cr\u00e9er rapidement et facilement des barres \u00e9l\u00e9gantes qui correspondent \u00e0 votre marque<\/li>\n<li>Choisissez parmi une vari\u00e9t\u00e9 d&rsquo;options d&rsquo;affichage, y compris les barres fixes ou flottantes, et d\u00e9finissez des d\u00e9clencheurs pour quand et o\u00f9 la barre appara\u00eet<\/li>\n<li>Cr\u00e9ez de l&rsquo;urgence avec les minuteries de compte \u00e0 rebours ou la preuve sociale avec les notifications de vente r\u00e9centes<\/li>\n<li>Ajoutez facilement du texte, des boutons et des liens personnalis\u00e9s pour g\u00e9n\u00e9rer du trafic vers des pages importantes de votre site Web<\/li>\n<li>Gardez un aper\u00e7u de la fa\u00e7on dont votre barre de notification fonctionne avec des analyses d\u00e9taill\u00e9es et un suivi de conversion<\/li>\n<li>Intregate de mani\u00e8re transparente aux services de marketing par e-mail populaires et aux plateformes de m\u00e9dias sociaux<\/li>\n<li>Profitez du soutien 24\/7 de l&rsquo;\u00e9quipe MyTheMeshop pour vous aider \u00e0 tirer le meilleur parti de cet outil puissant.<\/li>\n<\/ul>\n","protected":false},"excerpt":{"rendered":"<p>MytheMeshop WP Notification Bar Pro est un outil incroyablement robuste et polyvalent sp\u00e9cialement con\u00e7u pour les sites Web WordPress. Il vous permet de g\u00e9n\u00e9rer sans effort des barres de notification sur mesure qui servent de supports efficaces pour promouvoir vos derniers produits ou contenu, en capturant des adresses e-mail pr\u00e9cieuses et, en fin de compte, am\u00e9liorer le flux de trafic vers votre site. Ce qui distingue WP Notification Bar Pro Apart, c&rsquo;est son design impeccablement \u00e9l\u00e9gant, une large \u00e9ventail d&rsquo;options d&rsquo;affichage et ses capacit\u00e9s de ciblage avanc\u00e9es in\u00e9gal\u00e9es, qui vous permettent \u00e0 une mani\u00e8re collectivement de vous engager efficacement avec votre public de mani\u00e8re nouvelle et imaginative. Que votre objectif soit d&rsquo;augmenter consid\u00e9rablement vos chiffres de vente, d&rsquo;intensifier consid\u00e9rablement l&rsquo;engagement des utilisateurs ou d&rsquo;am\u00e9liorer simplement l&rsquo;exp\u00e9rience utilisateur globale, la barre de notification WP r\u00e8gne incontestablement comme un ajout indispensable \u00e0 votre bo\u00eete \u00e0 outils marketing.<\/p>\n","protected":false},"featured_media":144707,"comment_status":"open","ping_status":"open","template":"","meta":[],"product_brand":[2601],"product_cat":[1189,1181,1186],"product_tag":[1309],"class_list":{"0":"post-121552","1":"product","2":"type-product","3":"status-publish","4":"has-post-thumbnail","6":"product_brand-my-theme-shop","7":"product_cat-personnalisation","8":"product_cat-plugins","9":"product_cat-wordpress-plugins","10":"product_tag-my-theme-shop","11":"member-discount","12":"discount-restricted","14":"first","15":"instock","16":"sale","17":"downloadable","18":"virtual","19":"sold-individually","20":"purchasable","21":"product-type-simple"},"_links":{"self":[{"href":"https:\/\/gpl-love.com\/fr\/wp-json\/wp\/v2\/product\/121552","targetHints":{"allow":["GET"]}}],"collection":[{"href":"https:\/\/gpl-love.com\/fr\/wp-json\/wp\/v2\/product"}],"about":[{"href":"https:\/\/gpl-love.com\/fr\/wp-json\/wp\/v2\/types\/product"}],"replies":[{"embeddable":true,"href":"https:\/\/gpl-love.com\/fr\/wp-json\/wp\/v2\/comments?post=121552"}],"wp:featuredmedia":[{"embeddable":true,"href":"https:\/\/gpl-love.com\/fr\/wp-json\/wp\/v2\/media\/144707"}],"wp:attachment":[{"href":"https:\/\/gpl-love.com\/fr\/wp-json\/wp\/v2\/media?parent=121552"}],"wp:term":[{"taxonomy":"product_brand","embeddable":true,"href":"https:\/\/gpl-love.com\/fr\/wp-json\/wp\/v2\/product_brand?post=121552"},{"taxonomy":"product_cat","embeddable":true,"href":"https:\/\/gpl-love.com\/fr\/wp-json\/wp\/v2\/product_cat?post=121552"},{"taxonomy":"product_tag","embeddable":true,"href":"https:\/\/gpl-love.com\/fr\/wp-json\/wp\/v2\/product_tag?post=121552"}],"curies":[{"name":"wp","href":"https:\/\/api.w.org\/{rel}","templated":true}]}}