{"id":121550,"date":"2022-02-17T00:00:00","date_gmt":"2022-02-16T23:00:00","guid":{"rendered":"https:\/\/gpl-love.com\/fr\/produit\/mythemeshop-wordx-wordpress-theme\/"},"modified":"2026-04-10T18:33:25","modified_gmt":"2026-04-10T16:33:25","slug":"mythemeshop-wordx-wordpress-theme","status":"publish","type":"product","link":"https:\/\/gpl-love.com\/fr\/produit\/mythemeshop-wordx-wordpress-theme\/","title":{"rendered":"MyThemeShop WordX WordPress Theme 1.3.8"},"content":{"rendered":"<h3>MyThemeShop WordX WordPress Theme Traits<\/h3>\n<p>Le th\u00e8me WordPress de MyTheMeshop est un th\u00e8me WordPress remarquablement personnalisable et plein de fonctionnalit\u00e9s qui r\u00e9pond aux besoins des blogueurs, des publications en ligne et des entreprises cherchant \u00e0 \u00e9tablir une formidable pr\u00e9sence en ligne. B\u00e9n\u00e9ficiant d&rsquo;une conception contemporaine et vierge, d&rsquo;une myriade d&rsquo;options de mise en page et d&rsquo;un design r\u00e9actif, ce th\u00e8me est \u00e9galement \u00e9quip\u00e9 d&rsquo;un panneau d&rsquo;options puissant, permettant une personnalisation sans effort de l&rsquo;apparence, des couleurs, des polices du site et un \u00e9ventail d&rsquo;autres \u00e9l\u00e9ments. De plus, ce th\u00e8me est m\u00e9ticuleusement optimis\u00e9 pour les moteurs de recherche, garantissant que votre site Web atteint une visibilit\u00e9 pro\u00e9minente et est construit en mettant l&rsquo;accent sur la vitesse et les performances, garantissant des temps de chargement rapides et efficaces. Avec son h\u00f4te de fonctionnalit\u00e9s avanc\u00e9es et d&rsquo;interface conviviale, le th\u00e8me MyTheMeshop WordX WordPress s&rsquo;av\u00e8re \u00eatre une option exceptionnelle pour les individus \u00e0 la recherche d&rsquo;un site Web dominant et sophistiqu\u00e9.<\/p>\n<ul>\n<li>Design professionnel et moderne<\/li>\n<li>Mobile r\u00e9actif et optimis\u00e9 pour le r\u00e9f\u00e9rencement<\/li>\n<li>Fonctionnalit\u00e9s int\u00e9gr\u00e9es pour l&rsquo;int\u00e9gration des m\u00e9dias sociaux et les formulaires d&rsquo;abonnement par e-mail<\/li>\n<li>Options de disposition multiples et widgets personnalis\u00e9s pour une personnalisation facile<\/li>\n<li>Importation de d\u00e9monstration en un clic pour configurer rapidement votre site Web<\/li>\n<li>Traduction pr\u00eate pour un public mondial<\/li>\n<li>\u00c9quipe de support d\u00e9di\u00e9e et documentation \u00e9tendue pour une utilisation et un d\u00e9pannage faciles<\/li>\n<li>Compatible avec des plugins populaires comme WooCommerce pour la fonctionnalit\u00e9 du commerce \u00e9lectronique<\/li>\n<\/ul>\n","protected":false},"excerpt":{"rendered":"<p>Le th\u00e8me WordPress MyTheMeshop WordX, qui est extr\u00eamement con\u00e7u et tr\u00e8s adaptable, a \u00e9t\u00e9 ing\u00e9nieusement d\u00e9velopp\u00e9 pour r\u00e9pondre aux besoins uniques des blogueurs et des magazines en ligne. Il pr\u00e9sente fi\u00e8rement un design \u00e9l\u00e9gant et contemporain qui captive sans effort l&rsquo;attention des utilisateurs. De plus, il offre une pl\u00e9thore de dispositions de page d&rsquo;accueil personnalisables, accordant aux utilisateurs la libert\u00e9 de fa\u00e7onner leur site Web en fonction de leurs exigences sp\u00e9cifiques. De plus, il poss\u00e8de une myriade de dispositions de publication et de page, garantissant que chaque \u00e9l\u00e9ment de contenu est affich\u00e9 de la mani\u00e8re la plus attrayante et la plus engageante possible. Pour couronner le tout, le th\u00e8me propose un panneau d&rsquo;options robuste, ce qui permet aux utilisateurs de personnaliser sans effort chaque aspect de leur site. En exploitant les capacit\u00e9s remarquables de Wordx, vous pourrez cr\u00e9er sans effort un site Web qui d\u00e9gage du professionnalisme et de l&rsquo;attrait, le tout en quelques minutes.<\/p>\n","protected":false},"featured_media":144706,"comment_status":"open","ping_status":"open","template":"","meta":[],"product_brand":[2601],"product_cat":[1220,1212,1213],"product_tag":[1309],"class_list":{"0":"post-121550","1":"product","2":"type-product","3":"status-publish","4":"has-post-thumbnail","6":"product_brand-my-theme-shop","7":"product_cat-blog-magazine","8":"product_cat-themes","9":"product_cat-wordpress-themes","10":"product_tag-my-theme-shop","11":"member-discount","12":"discount-restricted","14":"first","15":"instock","16":"sale","17":"downloadable","18":"virtual","19":"sold-individually","20":"purchasable","21":"product-type-simple"},"_links":{"self":[{"href":"https:\/\/gpl-love.com\/fr\/wp-json\/wp\/v2\/product\/121550","targetHints":{"allow":["GET"]}}],"collection":[{"href":"https:\/\/gpl-love.com\/fr\/wp-json\/wp\/v2\/product"}],"about":[{"href":"https:\/\/gpl-love.com\/fr\/wp-json\/wp\/v2\/types\/product"}],"replies":[{"embeddable":true,"href":"https:\/\/gpl-love.com\/fr\/wp-json\/wp\/v2\/comments?post=121550"}],"wp:featuredmedia":[{"embeddable":true,"href":"https:\/\/gpl-love.com\/fr\/wp-json\/wp\/v2\/media\/144706"}],"wp:attachment":[{"href":"https:\/\/gpl-love.com\/fr\/wp-json\/wp\/v2\/media?parent=121550"}],"wp:term":[{"taxonomy":"product_brand","embeddable":true,"href":"https:\/\/gpl-love.com\/fr\/wp-json\/wp\/v2\/product_brand?post=121550"},{"taxonomy":"product_cat","embeddable":true,"href":"https:\/\/gpl-love.com\/fr\/wp-json\/wp\/v2\/product_cat?post=121550"},{"taxonomy":"product_tag","embeddable":true,"href":"https:\/\/gpl-love.com\/fr\/wp-json\/wp\/v2\/product_tag?post=121550"}],"curies":[{"name":"wp","href":"https:\/\/api.w.org\/{rel}","templated":true}]}}