{"id":121548,"date":"2022-02-22T00:00:00","date_gmt":"2022-02-21T23:00:00","guid":{"rendered":"https:\/\/gpl-love.com\/fr\/produit\/mythemeshop-wooshop-wordpress-theme\/"},"modified":"2026-04-10T18:33:24","modified_gmt":"2026-04-10T16:33:24","slug":"mythemeshop-wooshop-wordpress-theme","status":"publish","type":"product","link":"https:\/\/gpl-love.com\/fr\/produit\/mythemeshop-wooshop-wordpress-theme\/","title":{"rendered":"MyThemeShop WooShop WordPress Theme 1.3.11"},"content":{"rendered":"<h3>MyThemeShop WooShop WordPress Theme Traits<\/h3>\n<p>Le th\u00e8me MyTheMeshop Wooshop WordPress est un th\u00e8me incroyablement robuste et tr\u00e8s polyvalent qui a \u00e9t\u00e9 sp\u00e9cifiquement con\u00e7u dans le but de faciliter les magasins en ligne WooCommerce. B\u00e9n\u00e9ficiant d&rsquo;un design propre et contemporain, ce th\u00e8me offre parfaitement aux utilisateurs une exp\u00e9rience \u00e0 la fois sans effort et gratifiante, gr\u00e2ce \u00e0 son syst\u00e8me de navigation simple et \u00e0 sa capacit\u00e9 \u00e0 s&rsquo;adapter aux \u00e9crans de toutes tailles gr\u00e2ce \u00e0 sa disposition r\u00e9active. De plus, ce th\u00e8me est \u00e9quip\u00e9 d&rsquo;une pl\u00e9thore de mod\u00e8les pr\u00e9-con\u00e7us, permettant un degr\u00e9 \u00e9lev\u00e9 de personnalisation en termes de sch\u00e9mas de couleurs et d&rsquo;options de typographie pour garantir que votre boutique en ligne poss\u00e8de une apparence unique et professionnelle. De plus, Wooshop est \u00e9quip\u00e9 d&rsquo;un large \u00e9ventail de fonctionnalit\u00e9s de commerce de commerce \u00e9lectronique puissantes, y compris les go\u00fbts de la vue rapide du produit, le panier Ajax et le filtrage du produit, qui servent tous \u00e0 am\u00e9liorer l&rsquo;exp\u00e9rience globale de l&rsquo;utilisateur. De plus, il comprend un constructeur de pages de glisser-d\u00e9poser incroyablement intuitif et un importateur de d\u00e9monstration en un clic, rationaliser davantage le processus de cr\u00e9ation de votre boutique en ligne de mani\u00e8re rapide et efficace. Tout bien consid\u00e9r\u00e9, il est tout \u00e0 fait clair que le th\u00e8me Wooshop WordPress de MyTheShop est un choix exceptionnel pour les personnes qui esp\u00e8rent faire une impression durable avec leur boutique en ligne.<\/p>\n<ul>\n<li>Design professionnel et \u00e9l\u00e9gant adapt\u00e9 aux magasins en ligne et aux sites Web de commerce \u00e9lectronique<\/li>\n<li>Enti\u00e8rement r\u00e9actif et convivial<\/li>\n<li>Int\u00e9gration WooCommerce int\u00e9gr\u00e9e avec diverses options de personnalisation<\/li>\n<li>Optimis\u00e9 pour la vitesse et le r\u00e9f\u00e9rencement, ce qui entra\u00eene un meilleur classement de moteurs de recherche et des temps de chargement plus rapides<\/li>\n<li>Facile \u00e0 utiliser et hautement personnalisable avec diverses options de mise en page, sch\u00e9mas de couleurs et param\u00e8tres de typographie<\/li>\n<li>Livr\u00e9 avec des sections de page d&rsquo;accueil pr\u00e9-con\u00e7ues, y compris un curseur, des produits en vedette et des t\u00e9moignages<\/li>\n<li>Comprend divers widgets et shortcodes pour des fonctionnalit\u00e9s et une flexibilit\u00e9 suppl\u00e9mentaires<\/li>\n<li>Compatible avec des plugins populaires tels que Yoast SEO, le formulaire de contact 7 et le WPML pour un support multilingue<\/li>\n<li>Mises \u00e0 jour r\u00e9guli\u00e8res et excellent support client inclus pour des performances optimales et une exp\u00e9rience utilisateur.<\/li>\n<\/ul>\n","protected":false},"excerpt":{"rendered":"<p>Le th\u00e8me MyTheMeshop Wooshop WordPress est un th\u00e8me de commerce \u00e9lectronique remarquable et multiforme sp\u00e9cialement con\u00e7u pour faciliter la cr\u00e9ation rapide et sans effort d&rsquo;une boutique en ligne. Ce th\u00e8me extraordinairement con\u00e7u englobe une esth\u00e9tique visuellement agr\u00e9able mais contemporaine, associ\u00e9e \u00e0 une interface extr\u00eamement conviviale et \u00e0 un vaste r\u00e9pertoire de fonctionnalit\u00e9s, qui vous permettent de personnaliser en toute fa\u00e7on en r\u00e9solution votre magasin. Notamment, ce th\u00e8me est enti\u00e8rement r\u00e9actif, garantissant des performances optimales sur tous les appareils et tailles d&rsquo;\u00e9cran. De plus, il a \u00e9t\u00e9 m\u00e9ticuleusement optimis\u00e9 pour la visibilit\u00e9 des moteurs de recherche, augmentant ainsi la pr\u00e9sence en ligne de votre magasin. De plus, le th\u00e8me Wooshop WordPress MyTheShop s&rsquo;int\u00e8gre sans effort avec des plugins estim\u00e9s tels que WooCommerce et Yith WooCommerce Wishlist, vous offrant ainsi une polyvalence et une fonctionnalit\u00e9 in\u00e9gal\u00e9es. En tirant parti du potentiel illimit\u00e9 de ce th\u00e8me, vous pouvez pr\u00e9senter efficacement vos produits, forger sans effort les connexions avec votre client\u00e8le estim\u00e9e et g\u00e9n\u00e9rer syst\u00e9matiquement les ventes \u00e0 des hauteurs sans pr\u00e9c\u00e9dent.<\/p>\n","protected":false},"featured_media":144705,"comment_status":"open","ping_status":"open","template":"","meta":[],"product_brand":[2601],"product_cat":[1238,1851,1212],"product_tag":[1309],"class_list":{"0":"post-121548","1":"product","2":"type-product","3":"status-publish","4":"has-post-thumbnail","6":"product_brand-my-theme-shop","7":"product_cat-commerce-electronique-themes","8":"product_cat-entreprise-commerce-electronique-themes","9":"product_cat-themes","10":"product_tag-my-theme-shop","11":"member-discount","12":"discount-restricted","14":"first","15":"instock","16":"sale","17":"downloadable","18":"virtual","19":"sold-individually","20":"purchasable","21":"product-type-simple"},"_links":{"self":[{"href":"https:\/\/gpl-love.com\/fr\/wp-json\/wp\/v2\/product\/121548","targetHints":{"allow":["GET"]}}],"collection":[{"href":"https:\/\/gpl-love.com\/fr\/wp-json\/wp\/v2\/product"}],"about":[{"href":"https:\/\/gpl-love.com\/fr\/wp-json\/wp\/v2\/types\/product"}],"replies":[{"embeddable":true,"href":"https:\/\/gpl-love.com\/fr\/wp-json\/wp\/v2\/comments?post=121548"}],"wp:featuredmedia":[{"embeddable":true,"href":"https:\/\/gpl-love.com\/fr\/wp-json\/wp\/v2\/media\/144705"}],"wp:attachment":[{"href":"https:\/\/gpl-love.com\/fr\/wp-json\/wp\/v2\/media?parent=121548"}],"wp:term":[{"taxonomy":"product_brand","embeddable":true,"href":"https:\/\/gpl-love.com\/fr\/wp-json\/wp\/v2\/product_brand?post=121548"},{"taxonomy":"product_cat","embeddable":true,"href":"https:\/\/gpl-love.com\/fr\/wp-json\/wp\/v2\/product_cat?post=121548"},{"taxonomy":"product_tag","embeddable":true,"href":"https:\/\/gpl-love.com\/fr\/wp-json\/wp\/v2\/product_tag?post=121548"}],"curies":[{"name":"wp","href":"https:\/\/api.w.org\/{rel}","templated":true}]}}