{"id":121546,"date":"2022-02-25T00:00:00","date_gmt":"2022-02-24T23:00:00","guid":{"rendered":"https:\/\/gpl-love.com\/fr\/produit\/mythemeshop-woocart-wordpress-theme\/"},"modified":"2026-04-10T18:33:24","modified_gmt":"2026-04-10T16:33:24","slug":"mythemeshop-woocart-wordpress-theme","status":"publish","type":"product","link":"https:\/\/gpl-love.com\/fr\/produit\/mythemeshop-woocart-wordpress-theme\/","title":{"rendered":"MyThemeShop WooCart WordPress Theme 1.4.11"},"content":{"rendered":"<h3>MyThemeShop WooCart WordPress Theme Traits<\/h3>\n<p>Le th\u00e8me WOOCART WordPress, d\u00e9velopp\u00e9 par MytheMeshop, offre une multitude d&rsquo;avantages et de fonctionnalit\u00e9s qui r\u00e9pondent aux divers besoins des magasins en ligne. Sa polyvalence et sa convivialit\u00e9 servent d&rsquo;attributs importants, ce qui en fait une solution id\u00e9ale pour les entreprises de commerce \u00e9lectronique. Avec son design \u00e9l\u00e9gant et visuellement attrayant, ce th\u00e8me excelle dans la pr\u00e9sentation de vos produits de mani\u00e8re attrayante, facilitant par cons\u00e9quent une exp\u00e9rience d&rsquo;achat am\u00e9lior\u00e9e et sans couture pour vos clients estim\u00e9s. De plus, sa capacit\u00e9 de personnalisation vous donne la possibilit\u00e9 d&rsquo;adapter votre boutique en ligne pour s&rsquo;adapter \u00e0 votre marque et \u00e0 vos offres uniques. De plus, le th\u00e8me est enti\u00e8rement r\u00e9actif, garantissant que votre site Web s&rsquo;adaptera sans effort \u00e0 n&rsquo;importe quel appareil, garantissant ainsi une exp\u00e9rience de visualisation optimale pour les utilisateurs sur diverses plateformes. De plus, ce th\u00e8me exceptionnel poss\u00e8de un \u00e9ventail de fonctionnalit\u00e9s remarquables, notamment un carrousel produit, qui permet un affichage engageant de votre marchandise, une fonction de vue rapide de produit qui permet aux acheteurs potentiels d&rsquo;acc\u00e9der rapidement aux d\u00e9tails vitaux et une fonction de liste de souhait Une liste personnalis\u00e9e des articles souhait\u00e9s. De plus, WOOCART s&rsquo;int\u00e8gre de mani\u00e8re transparente \u00e0 WooCommerce, un premier plugin de commerce \u00e9lectronique, facilitant ainsi la gestion efficace de votre boutique en ligne. En conclusion, le th\u00e8me WOOCART WordPress de MyTheShop est un choix exemplaire pour les personnes qui cherchent \u00e0 \u00e9tablir une boutique en ligne professionnelle et efficace qui r\u00e9pond \u00e0 la diverses besoins et pr\u00e9f\u00e9rences de leur public cible.<\/p>\n<ul>\n<li>Design \u00e9l\u00e9gant et moderne qui est parfait pour les magasins en ligne de tous types<\/li>\n<li>Prise en charge int\u00e9gr\u00e9e pour le plugin WooCommerce populaire, permettant une gestion facile des produits, des commandes et des paiements<\/li>\n<li>Disposition enti\u00e8rement r\u00e9active qui a fi\u00e8re allure sur tous les appareils, des ordinateurs de bureau aux smartphones<\/li>\n<li>Plusieurs dispositions de page d&rsquo;accueil et options de personnalisation pour vous aider \u00e0 cr\u00e9er la boutique en ligne parfaite pour votre marque<\/li>\n<li>Code de r\u00e9f\u00e9rencement et conception optimis\u00e9e qui aide votre magasin plus haut dans les moteurs de recherche<\/li>\n<li>Widgets et shortcodes personnalis\u00e9s pour am\u00e9liorer les fonctionnalit\u00e9s et ajouter des fonctionnalit\u00e9s suppl\u00e9mentaires \u00e0 votre site<\/li>\n<li>Construit avec la vitesse \u00e0 l&rsquo;esprit, assurer des temps de chargement rapides pour vos clients et une meilleure exp\u00e9rience utilisateur globale<\/li>\n<li>Documentation compl\u00e8te et \u00e9quipe de support d\u00e9di\u00e9e pour vous aider \u00e0 tirer le meilleur parti de votre th\u00e8me et de votre boutique en ligne.<\/li>\n<\/ul>\n","protected":false},"excerpt":{"rendered":"<p>Le th\u00e8me WordPress Woocart MyTheShop, qui a \u00e9t\u00e9 m\u00e9ticuleusement con\u00e7u pour les magasins en ligne, poss\u00e8de \u00e0 la fois l&rsquo;\u00e9l\u00e9gance et l&rsquo;intuitivit\u00e9. Sa disposition captivante, associ\u00e9e \u00e0 sa pl\u00e9thore de fonctionnalit\u00e9s avanc\u00e9es, vous permet de montrer vos produits de la mani\u00e8re la plus favorable imaginable, permettant \u00e0 vos clients de vous d\u00e9lecter d&rsquo;une exp\u00e9dition de commerce extraordinaire. Parmi les attributs notables que WOOCART englobe les capacit\u00e9s de zoom de produit, les filtres, un assortiment d&rsquo;options de tri, un curseur vraiment personnalisable et une conception polyvalente qui s&rsquo;adapte parfaitement sur tous les appareils. Arm\u00e9 de ce th\u00e8me remarquable, vous pouvez \u00e9riger sans effort un Emporium de commerce \u00e9lectronique visuellement poli, commen\u00e7ant ainsi sans effort le processus de vente de votre marchandise dans le vaste domaine en ligne.<\/p>\n","protected":false},"featured_media":144704,"comment_status":"open","ping_status":"open","template":"","meta":[],"product_brand":[2601],"product_cat":[1238,1851,1212],"product_tag":[1309],"class_list":{"0":"post-121546","1":"product","2":"type-product","3":"status-publish","4":"has-post-thumbnail","6":"product_brand-my-theme-shop","7":"product_cat-commerce-electronique-themes","8":"product_cat-entreprise-commerce-electronique-themes","9":"product_cat-themes","10":"product_tag-my-theme-shop","11":"member-discount","12":"discount-restricted","14":"first","15":"instock","16":"sale","17":"downloadable","18":"virtual","19":"sold-individually","20":"purchasable","21":"product-type-simple"},"_links":{"self":[{"href":"https:\/\/gpl-love.com\/fr\/wp-json\/wp\/v2\/product\/121546","targetHints":{"allow":["GET"]}}],"collection":[{"href":"https:\/\/gpl-love.com\/fr\/wp-json\/wp\/v2\/product"}],"about":[{"href":"https:\/\/gpl-love.com\/fr\/wp-json\/wp\/v2\/types\/product"}],"replies":[{"embeddable":true,"href":"https:\/\/gpl-love.com\/fr\/wp-json\/wp\/v2\/comments?post=121546"}],"wp:featuredmedia":[{"embeddable":true,"href":"https:\/\/gpl-love.com\/fr\/wp-json\/wp\/v2\/media\/144704"}],"wp:attachment":[{"href":"https:\/\/gpl-love.com\/fr\/wp-json\/wp\/v2\/media?parent=121546"}],"wp:term":[{"taxonomy":"product_brand","embeddable":true,"href":"https:\/\/gpl-love.com\/fr\/wp-json\/wp\/v2\/product_brand?post=121546"},{"taxonomy":"product_cat","embeddable":true,"href":"https:\/\/gpl-love.com\/fr\/wp-json\/wp\/v2\/product_cat?post=121546"},{"taxonomy":"product_tag","embeddable":true,"href":"https:\/\/gpl-love.com\/fr\/wp-json\/wp\/v2\/product_tag?post=121546"}],"curies":[{"name":"wp","href":"https:\/\/api.w.org\/{rel}","templated":true}]}}