{"id":121544,"date":"2023-06-09T00:00:00","date_gmt":"2023-06-08T22:00:00","guid":{"rendered":"https:\/\/gpl-love.com\/fr\/produit\/mythemeshop-school-wordpress-theme\/"},"modified":"2026-04-10T18:33:14","modified_gmt":"2026-04-10T16:33:14","slug":"mythemeshop-school-wordpress-theme","status":"publish","type":"product","link":"https:\/\/gpl-love.com\/fr\/produit\/mythemeshop-school-wordpress-theme\/","title":{"rendered":"MyThemeShop School WordPress Theme 2.0.2"},"content":{"rendered":"<h3>MyThemeShop School WordPress Theme Traits<\/h3>\n<p>Le th\u00e8me WordPress de l&rsquo;\u00e9cole MyTheShop, \u00e9tant un th\u00e8me complet et personnalisable, a \u00e9t\u00e9 exclusivement con\u00e7u pour r\u00e9pondre aux besoins des \u00e9tablissements d&rsquo;enseignement. Son interface conviviale facilite la navigation facile et la gestion du contenu, tandis que sa conception propre et moderne assure une pr\u00e9sence en ligne professionnelle et captivante. De plus, le th\u00e8me propose une pl\u00e9thore d&rsquo;options de personnalisation, y compris les mises en page et les pieds de pied de page, les sch\u00e9mas de couleurs et les polices multiples, permettant ainsi aux \u00e9coles et aux universit\u00e9s d&rsquo;adapter leur site Web en fonction de leur marque et de leur style uniques. En plus de sa flexibilit\u00e9, ce th\u00e8me poss\u00e8de \u00e9galement une gamme de fonctionnalit\u00e9s utiles telles qu&rsquo;un calendrier d&rsquo;\u00e9v\u00e9nements, un syst\u00e8me de gestion des cours et une galerie, qui facilitent sans effort la pr\u00e9sentation des activit\u00e9s acad\u00e9miques et parascolaires. En conclusion, le th\u00e8me WordPress de l&rsquo;\u00e9cole MyTheMeshop est un choix exceptionnel pour les \u00e9tablissements d&rsquo;enseignement cherchant \u00e0 \u00e9tablir une plate-forme en ligne interactive et sophistiqu\u00e9e.<\/p>\n<ul>\n<li>Design professionnel et moderne pour les sites Web \u00e9ducatifs<\/li>\n<li>Disposition enti\u00e8rement r\u00e9active et adapt\u00e9e aux mobiles<\/li>\n<li>Page d&rsquo;accueil personnalisable avec sections de glisser-d\u00e9poser<\/li>\n<li>Syst\u00e8me de gestion des \u00e9v\u00e9nements et des cours int\u00e9gr\u00e9s<\/li>\n<li>Int\u00e9gration facile avec les plugins LMS populaires<\/li>\n<li>Plusieurs sch\u00e9mas de couleurs et options de typographie<\/li>\n<li>Optimis\u00e9 pour le r\u00e9f\u00e9rencement et la vitesse de chargement rapide<\/li>\n<li>Compatible avec les plugins WordPress populaires<\/li>\n<li>Documentation approfondie et didacticiels vid\u00e9o inclus<\/li>\n<li>Soutien d\u00e9di\u00e9 24\/7 de l&rsquo;\u00e9quipe MyTheMeshop.<\/li>\n<\/ul>\n","protected":false},"excerpt":{"rendered":"<p>Le th\u00e8me WordPress de l&rsquo;\u00e9cole mytheshop a \u00e9t\u00e9 m\u00e9ticuleusement con\u00e7u pour r\u00e9pondre aux besoins des \u00e9coles, des coll\u00e8ges, des universit\u00e9s et d&rsquo;autres sites Web \u00e9ducatifs similaires. B\u00e9n\u00e9ficiant d&rsquo;une conception de pointe et d&rsquo;une aura professionnelle, ce th\u00e8me t\u00e9moigne de la modernit\u00e9. Son interface conviviale assure une exp\u00e9rience transparente pour les utilisateurs, tandis que sa conception r\u00e9active garantit la compatibilit\u00e9 sur tous les appareils. De plus, ce th\u00e8me offre la flexibilit\u00e9 pour personnaliser votre page d&rsquo;accueil, vous permettant de le personnaliser en fonction de vos pr\u00e9f\u00e9rences. En outre, il propose un \u00e9ventail de sections d\u00e9di\u00e9es \u00e0 la mise en \u00e9vidence de vos cours, t\u00e9moignages et \u00e9v\u00e9nements, am\u00e9liorant encore l&rsquo;attrait global de votre site Web. Avec sa disposition distinctive et une large gamme d&rsquo;options de personnalisation avanc\u00e9es, ce th\u00e8me WordPress est un package complet qui vous offre tous les outils n\u00e9cessaires pour cr\u00e9er un site Web impressionnant et tr\u00e8s fonctionnel pour votre \u00e9tablissement d&rsquo;enseignement estim\u00e9.<\/p>\n","protected":false},"featured_media":144692,"comment_status":"open","ping_status":"open","template":"","meta":[],"product_brand":[2601],"product_cat":[1242,1212,1213],"product_tag":[1309],"class_list":{"0":"post-121544","1":"product","2":"type-product","3":"status-publish","4":"has-post-thumbnail","6":"product_brand-my-theme-shop","7":"product_cat-creatif","8":"product_cat-themes","9":"product_cat-wordpress-themes","10":"product_tag-my-theme-shop","11":"member-discount","12":"discount-restricted","14":"first","15":"instock","16":"sale","17":"downloadable","18":"virtual","19":"sold-individually","20":"purchasable","21":"product-type-simple"},"_links":{"self":[{"href":"https:\/\/gpl-love.com\/fr\/wp-json\/wp\/v2\/product\/121544","targetHints":{"allow":["GET"]}}],"collection":[{"href":"https:\/\/gpl-love.com\/fr\/wp-json\/wp\/v2\/product"}],"about":[{"href":"https:\/\/gpl-love.com\/fr\/wp-json\/wp\/v2\/types\/product"}],"replies":[{"embeddable":true,"href":"https:\/\/gpl-love.com\/fr\/wp-json\/wp\/v2\/comments?post=121544"}],"wp:featuredmedia":[{"embeddable":true,"href":"https:\/\/gpl-love.com\/fr\/wp-json\/wp\/v2\/media\/144692"}],"wp:attachment":[{"href":"https:\/\/gpl-love.com\/fr\/wp-json\/wp\/v2\/media?parent=121544"}],"wp:term":[{"taxonomy":"product_brand","embeddable":true,"href":"https:\/\/gpl-love.com\/fr\/wp-json\/wp\/v2\/product_brand?post=121544"},{"taxonomy":"product_cat","embeddable":true,"href":"https:\/\/gpl-love.com\/fr\/wp-json\/wp\/v2\/product_cat?post=121544"},{"taxonomy":"product_tag","embeddable":true,"href":"https:\/\/gpl-love.com\/fr\/wp-json\/wp\/v2\/product_tag?post=121544"}],"curies":[{"name":"wp","href":"https:\/\/api.w.org\/{rel}","templated":true}]}}