{"id":121542,"date":"2022-03-08T00:00:00","date_gmt":"2022-03-07T23:00:00","guid":{"rendered":"https:\/\/gpl-love.com\/fr\/produit\/mythemeshop-salvation-wordpress-theme\/"},"modified":"2026-04-10T18:33:13","modified_gmt":"2026-04-10T16:33:13","slug":"mythemeshop-salvation-wordpress-theme","status":"publish","type":"product","link":"https:\/\/gpl-love.com\/fr\/produit\/mythemeshop-salvation-wordpress-theme\/","title":{"rendered":"MyThemeShop Salvation WordPress Theme 1.2.12"},"content":{"rendered":"<h3>MyThemeShop Salvation WordPress Theme Traits<\/h3>\n<p>Le th\u00e8me WordPress du salut mytheshop, avec un design contemporain et adaptable, vise \u00e0 faciliter la cr\u00e9ation transparente de sites Web visuellement frappants. L&rsquo;allure inh\u00e9rente de ce th\u00e8me r\u00e9side dans sa mise en page immacul\u00e9e et r\u00e9active, ce qui le rend un choix impeccable pour tout site Web, quel que soit l&rsquo;appareil \u00e0 partir duquel il est accessible. Notamment, il est \u00e9quip\u00e9 d&rsquo;une vaste gamme d&rsquo;options de personnalisation, permettant aux utilisateurs d&rsquo;adapter leurs sites Web pour r\u00e9pondre \u00e0 leurs sp\u00e9cifications uniques. De plus, il englobe une pl\u00e9thore de fonctionnalit\u00e9s inestimables, comme un panneau d&rsquo;options robuste et un assortiment de widgets personnalis\u00e9s, entre autres. Avec son interface intuitivement navigable, ce th\u00e8me r\u00e9pond aux besoins des utilisateurs novices et chevronn\u00e9s. Tout bien consid\u00e9r\u00e9, le th\u00e8me WordPress du salut mytheshop appara\u00eet comme une s\u00e9lection exceptionnelle pour les personnes cherchant \u00e0 cr\u00e9er un site Web qui d\u00e9gage le professionnalisme et l&rsquo;attrait visuel.<\/p>\n<ul>\n<li>Un th\u00e8me WordPress professionnel et \u00e9l\u00e9gant qui est parfait pour les blogueurs, les \u00e9crivains et les \u00e9diteurs en ligne.<\/li>\n<li>Livr\u00e9 avec une conception enti\u00e8rement r\u00e9active, garantissant que votre site Web aura fi\u00e8re allure sur n&rsquo;importe quel appareil.<\/li>\n<li>Construit avec le r\u00e9f\u00e9rencement \u00e0 l&rsquo;esprit, ce qui permet \u00e0 votre site Web de se classer facilement dans les pages de r\u00e9sultats des moteurs de recherche.<\/li>\n<li>Offre un certain nombre d&rsquo;options de personnalisation, y compris plusieurs dispositions et options de page d&rsquo;accueil pour les arri\u00e8re-plans, les polices et les couleurs personnalis\u00e9s.<\/li>\n<li>Comprend un panneau d&rsquo;options puissant qui vous permet de personnaliser facilement divers aspects de votre site Web, y compris l&rsquo;en-t\u00eate, le pied de page et les widgets.<\/li>\n<li>Construit pour la vitesse et les performances, en vous assurant que votre site Web se charge rapidement et en douceur pour vos visiteurs.<\/li>\n<li>Comprend une prise en charge int\u00e9gr\u00e9e pour l&rsquo;int\u00e9gration des m\u00e9dias sociaux, vous permettant de vous connecter facilement avec votre public sur Facebook, Twitter et d&rsquo;autres plateformes.<\/li>\n<li>Livr\u00e9 avec une documentation d\u00e9taill\u00e9e et un soutien de l&rsquo;\u00e9quipe MyTheMeshop, en vous assurant que vous pouvez \u00eatre op\u00e9rationnel rapidement et facilement.<\/li>\n<\/ul>\n","protected":false},"excerpt":{"rendered":"<p>Le th\u00e8me WordPress du salut de MyTheMeshop poss\u00e8de un design tr\u00e8s r\u00e9actif et incroyablement flexible, le rendant id\u00e9al pour un large \u00e9ventail de sites Web. Son esth\u00e9tique propre et professionnelle est compl\u00e9t\u00e9e par un large \u00e9ventail d&rsquo;options et de fonctionnalit\u00e9s de personnalisation, permettant aux propri\u00e9taires de sites Web d&rsquo;adapter leur site \u00e0 leurs sp\u00e9cifications exactes. Le th\u00e8me comprend en outre un panneau d&rsquo;options robuste, offrant des choix de couleurs illimit\u00e9s et une pl\u00e9thore d&rsquo;options de mise en page, assurant une conception de site Web transparente et efficace. Son style de pointe et sophistiqu\u00e9 pr\u00e9sente sans effort les articles de blog, les portefeuilles, les services commerciaux et autres contenus, tout en maintenant la compatibilit\u00e9 avec tous les principaux navigateurs et appareils. De plus, il est \u00e9quip\u00e9 d&rsquo;un curseur de pointe, de widgets de m\u00e9dias sociaux et d&rsquo;un \u00e9ventail de fonctionnalit\u00e9s int\u00e9gr\u00e9es, ce qui en fait un choix exceptionnel et contemporain pour les personnes \u00e0 la recherche d&rsquo;un design exceptionnel et moderne pour leur site WordPress. En tant que tel, que vous soyez blogueur ou professionnel, le th\u00e8me WordPress du salut de MyTheMeshop vaut incontestablement la peine d&rsquo;\u00eatre explor\u00e9.<\/p>\n","protected":false},"featured_media":144690,"comment_status":"open","ping_status":"open","template":"","meta":[],"product_brand":[2601],"product_cat":[1242,1212,1213],"product_tag":[1309],"class_list":{"0":"post-121542","1":"product","2":"type-product","3":"status-publish","4":"has-post-thumbnail","6":"product_brand-my-theme-shop","7":"product_cat-creatif","8":"product_cat-themes","9":"product_cat-wordpress-themes","10":"product_tag-my-theme-shop","11":"member-discount","12":"discount-restricted","14":"first","15":"instock","16":"sale","17":"downloadable","18":"virtual","19":"sold-individually","20":"purchasable","21":"product-type-simple"},"_links":{"self":[{"href":"https:\/\/gpl-love.com\/fr\/wp-json\/wp\/v2\/product\/121542","targetHints":{"allow":["GET"]}}],"collection":[{"href":"https:\/\/gpl-love.com\/fr\/wp-json\/wp\/v2\/product"}],"about":[{"href":"https:\/\/gpl-love.com\/fr\/wp-json\/wp\/v2\/types\/product"}],"replies":[{"embeddable":true,"href":"https:\/\/gpl-love.com\/fr\/wp-json\/wp\/v2\/comments?post=121542"}],"wp:featuredmedia":[{"embeddable":true,"href":"https:\/\/gpl-love.com\/fr\/wp-json\/wp\/v2\/media\/144690"}],"wp:attachment":[{"href":"https:\/\/gpl-love.com\/fr\/wp-json\/wp\/v2\/media?parent=121542"}],"wp:term":[{"taxonomy":"product_brand","embeddable":true,"href":"https:\/\/gpl-love.com\/fr\/wp-json\/wp\/v2\/product_brand?post=121542"},{"taxonomy":"product_cat","embeddable":true,"href":"https:\/\/gpl-love.com\/fr\/wp-json\/wp\/v2\/product_cat?post=121542"},{"taxonomy":"product_tag","embeddable":true,"href":"https:\/\/gpl-love.com\/fr\/wp-json\/wp\/v2\/product_tag?post=121542"}],"curies":[{"name":"wp","href":"https:\/\/api.w.org\/{rel}","templated":true}]}}