{"id":121457,"date":"2025-10-29T00:00:00","date_gmt":"2025-10-28T23:00:00","guid":{"rendered":"https:\/\/gpl-love.com\/fr\/produit\/woocommerce-refund-et-exchange-with-rma\/"},"modified":"2026-03-20T23:47:30","modified_gmt":"2026-03-20T22:47:30","slug":"woocommerce-refund-et-exchange-with-rma","status":"publish","type":"product","link":"https:\/\/gpl-love.com\/fr\/produit\/woocommerce-refund-et-exchange-with-rma\/","title":{"rendered":"WooCommerce Refund et Exchange With RMA 3.2.8"},"content":{"rendered":"<h3>WooCommerce Refund et Exchange With RMA Traits<\/h3>\n<p>Lors de l&rsquo;exploitation d&rsquo;une boutique en ligne \u00e0 l&rsquo;aide de WooCommerce, il faut reconna\u00eetre le besoin in\u00e9vitable de remboursements et d&rsquo;\u00e9changes. Cependant, il existe une solution qui simplifie ce processus dans une large mesure &#8211; le remboursement et l&rsquo;\u00e9change de WooCommerce avec le plugin RMA. Ce plugin permet aux clients d&rsquo;initier sans effort des demandes de retour ou d&rsquo;\u00e9change directement via votre site Web, tout en vous permettant de g\u00e9rer efficacement ces demandes. De plus, le plugin int\u00e8gre un syst\u00e8me RMA robuste (Autorisation des marchandises de retour), qui aide \u00e0 surveiller les rendements et \u00e0 assurer un processus fluide et rationalis\u00e9 pour vous et vos clients. Que vous ayez rencontr\u00e9 un nombre mineur de rendements ou un afflux \u00e9crasant de demandes, le remboursement et l&rsquo;\u00e9change de WooCommerce avec le plugin RMA sont un outil indispensable pour tout d\u00e9taillant en ligne.<\/p>\n<ul>\n<li>Traiter sans effort des remboursements et des \u00e9changes contre votre boutique WooCommerce<\/li>\n<li>Rationalisez votre service client en manipulant facilement les rendements et les \u00e9changes<\/li>\n<li>Suivez facilement les \u00e9l\u00e9ments retourn\u00e9s avec des num\u00e9ros RMA affect\u00e9s par RMA (Autorisation des marchandises de retour)<\/li>\n<li>Personnalisez votre formulaire RMA pour r\u00e9pondre aux besoins sp\u00e9cifiques de votre magasin<\/li>\n<li>R\u00e9duire la charge de travail avec des notifications de messagerie automatis\u00e9es pour les clients et les administrateurs de magasin<\/li>\n<li>G\u00e9rez facilement tous les \u00e9l\u00e9ments retourn\u00e9s avec l&rsquo;onglet Demandes de remboursement dans votre tableau de bord WooCommerce<\/li>\n<li>Traitez les remboursements et les \u00e9changes rapidement et efficacement avec un minimum de tracas pour vous et vos clients.<\/li>\n<\/ul>\n","protected":false},"excerpt":{"rendered":"<p>Notre remboursement et \u00e9change de WooCommerce avec RMA Plugin propose une solution conviviale qui permet aux clients de lancer sans effort des demandes de retour, de remboursement ou d&rsquo;\u00e9change pour leurs achats. Gr\u00e2ce \u00e0 une interface tr\u00e8s intuitive et simple, les clients ont la commodit\u00e9 de g\u00e9n\u00e9rer un num\u00e9ro d&rsquo;autorisation de marchandise de retour (RMA), de choisir la raison sp\u00e9cifique de leur retour et de surveiller facilement les progr\u00e8s de leur demande. De plus, notre plugin s&rsquo;int\u00e8gre de mani\u00e8re transparente \u00e0 votre magasin WooCommerce existant, vous permettant de g\u00e9rer sans effort les demandes RMA, de traiter efficacement des remboursements ou des \u00e9changes, et d&rsquo;effectuer divers autres t\u00e2ches administratives. En tirant parti des capacit\u00e9s de cet outil robuste, vous am\u00e9liorerez non seulement votre capacit\u00e9 \u00e0 fournir un service client exceptionnel, mais aussi rationalisera vos op\u00e9rations commerciales globales.<\/p>\n","protected":false},"featured_media":146006,"comment_status":"open","ping_status":"open","template":"","meta":[],"product_brand":[2435],"product_cat":[1183,1182,1181],"product_tag":[1231],"class_list":{"0":"post-121457","1":"product","2":"type-product","3":"status-publish","4":"has-post-thumbnail","6":"product_brand-codecanyon","7":"product_cat-administration","8":"product_cat-commerce-electronique-plugins","9":"product_cat-plugins","10":"product_tag-codecanyon","11":"member-discount","12":"discount-restricted","14":"first","15":"instock","16":"sale","17":"downloadable","18":"virtual","19":"sold-individually","20":"purchasable","21":"product-type-simple"},"_links":{"self":[{"href":"https:\/\/gpl-love.com\/fr\/wp-json\/wp\/v2\/product\/121457","targetHints":{"allow":["GET"]}}],"collection":[{"href":"https:\/\/gpl-love.com\/fr\/wp-json\/wp\/v2\/product"}],"about":[{"href":"https:\/\/gpl-love.com\/fr\/wp-json\/wp\/v2\/types\/product"}],"replies":[{"embeddable":true,"href":"https:\/\/gpl-love.com\/fr\/wp-json\/wp\/v2\/comments?post=121457"}],"wp:featuredmedia":[{"embeddable":true,"href":"https:\/\/gpl-love.com\/fr\/wp-json\/wp\/v2\/media\/146006"}],"wp:attachment":[{"href":"https:\/\/gpl-love.com\/fr\/wp-json\/wp\/v2\/media?parent=121457"}],"wp:term":[{"taxonomy":"product_brand","embeddable":true,"href":"https:\/\/gpl-love.com\/fr\/wp-json\/wp\/v2\/product_brand?post=121457"},{"taxonomy":"product_cat","embeddable":true,"href":"https:\/\/gpl-love.com\/fr\/wp-json\/wp\/v2\/product_cat?post=121457"},{"taxonomy":"product_tag","embeddable":true,"href":"https:\/\/gpl-love.com\/fr\/wp-json\/wp\/v2\/product_tag?post=121457"}],"curies":[{"name":"wp","href":"https:\/\/api.w.org\/{rel}","templated":true}]}}