{"id":121455,"date":"2026-03-03T00:00:00","date_gmt":"2026-03-02T23:00:00","guid":{"rendered":"https:\/\/gpl-love.com\/fr\/produit\/wc-vendors-pro\/"},"modified":"2026-04-10T18:45:20","modified_gmt":"2026-04-10T16:45:20","slug":"wc-vendors-pro","status":"publish","type":"product","link":"https:\/\/gpl-love.com\/fr\/produit\/wc-vendors-pro\/","title":{"rendered":"WC Vendors Pro 2.0.5.1"},"content":{"rendered":"<h3>WC Vendors Pro Traits<\/h3>\n<p>WC Vendors Pro, un plugin de commerce \u00e9lectronique extr\u00eamement robuste, permet aux fournisseurs de vendre efficacement leurs produits sur Internet. Avec une interface conviviale, ce plugin facilite les fournisseurs dans la cr\u00e9ation et la gestion de leurs propres magasins en ligne, l&rsquo;int\u00e9gration de produits et l&rsquo;adaptation de leurs pages d&rsquo;atelier \u00e0 leurs pr\u00e9f\u00e9rences. De plus, le plugin poss\u00e8de le support pour une large gamme de passerelles de paiement, de m\u00e9thodes d&rsquo;exp\u00e9dition et d&rsquo;options fiscales, en accordant aux fournisseurs la libert\u00e9 de s\u00e9lectionner les choix les plus optimaux pour leurs besoins commerciaux sp\u00e9cifiques. Ne s&rsquo;arr\u00eatant pas l\u00e0, WC Vendors Pro va au-del\u00e0 en fournissant aux fournisseurs des rapports complets, des outils de gestion des commandes et des capacit\u00e9s de communication avec les acheteurs, qui contribuent tous \u00e0 la croissance et au succ\u00e8s de leurs entreprises. Il va sans dire que ce plugin est un atout indispensable pour quiconque se lance dans le parcours d&rsquo;\u00e9tablissement d&rsquo;un march\u00e9 en ligne ou d&rsquo;int\u00e9grer un syst\u00e8me de fournisseurs dans son site Web de commerce \u00e9lectronique pr\u00e9existant.<\/p>\n<ul>\n<li>WC Vendors Pro est un plugin de WooCommerce qui permet aux utilisateurs de cr\u00e9er un march\u00e9 multi-fournisseur sur leur site Web.<\/li>\n<li>Il permet aux vendeurs de s&rsquo;inscrire, de cr\u00e9er leur propre magasin et de g\u00e9rer leurs produits, commandes et m\u00e9thodes d&rsquo;exp\u00e9dition ind\u00e9pendamment.<\/li>\n<li>Le plugin fournit un tableau de bord puissant pour que le propri\u00e9taire du site g\u00e9re et mod\u00e9r\u00e9 les fournisseurs et leurs magasins.<\/li>\n<li>Le propri\u00e9taire du site peut d\u00e9finir des commissions, activer ou d\u00e9sactiver l&rsquo;enregistrement des fournisseurs et personnaliser l&rsquo;apparence des sections des fournisseurs du site.<\/li>\n<li>WC Vendors Pro propose \u00e9galement des fonctionnalit\u00e9s telles que les avis de produits, le syst\u00e8me de messagerie, la g\u00e9olocalisation et la gestion des produits en vrac pour les fournisseurs.<\/li>\n<li>Le plugin est compatible avec les passerelles de paiement populaires, notamment PayPal, Stripe et Authorize.net, et prend en charge plusieurs langues et devises.<\/li>\n<li>WC Vendors Pro est r\u00e9guli\u00e8rement mis \u00e0 jour et soutenu par une \u00e9quipe de soutien comp\u00e9tente, garantissant un fonctionnement et une compatibilit\u00e9 en douceur avec d&rsquo;autres extensions WooCommerce.<\/li>\n<\/ul>\n","protected":false},"excerpt":{"rendered":"<p>En utilisant les capacit\u00e9s remarquables de WC Vendors Pro, vous avez la possibilit\u00e9 exceptionnelle de convertir sans effort votre boutique en ligne existante en un march\u00e9 multi-fournisseur tr\u00e8s efficace et lucratif. Ce plugin remarquablement robuste propose une vaste gamme de fonctionnalit\u00e9s qui permettent aux fournisseurs de g\u00e9rer sans effort leur propre inventaire de produits, de personnaliser les options d&rsquo;exp\u00e9dition pour r\u00e9pondre \u00e0 leurs besoins uniques et m\u00eame de d\u00e9terminer leurs propres tarifs de commission. En outre, l&rsquo;int\u00e9gration transparente de WC Vendors Pro avec WooCommerce vous permet de surveiller les ventes sans effort et de traiter efficacement les paiements. C&rsquo;est vraiment la solution ultime pour \u00e9lever votre entreprise de commerce \u00e9lectronique \u00e0 des hauteurs sans pr\u00e9c\u00e9dent.<\/p>\n","protected":false},"featured_media":145741,"comment_status":"open","ping_status":"open","template":"","meta":[],"product_brand":[2686],"product_cat":[1182,1223,1181],"product_tag":[2303],"class_list":{"0":"post-121455","1":"product","2":"type-product","3":"status-publish","4":"has-post-thumbnail","6":"product_brand-wc-vendors","7":"product_cat-commerce-electronique-plugins","8":"product_cat-personnalisation-commerce-electronique-plugins","9":"product_cat-plugins","10":"product_tag-wc-vendors","11":"member-discount","12":"discount-restricted","14":"first","15":"instock","16":"sale","17":"downloadable","18":"virtual","19":"sold-individually","20":"purchasable","21":"product-type-simple"},"_links":{"self":[{"href":"https:\/\/gpl-love.com\/fr\/wp-json\/wp\/v2\/product\/121455","targetHints":{"allow":["GET"]}}],"collection":[{"href":"https:\/\/gpl-love.com\/fr\/wp-json\/wp\/v2\/product"}],"about":[{"href":"https:\/\/gpl-love.com\/fr\/wp-json\/wp\/v2\/types\/product"}],"replies":[{"embeddable":true,"href":"https:\/\/gpl-love.com\/fr\/wp-json\/wp\/v2\/comments?post=121455"}],"wp:featuredmedia":[{"embeddable":true,"href":"https:\/\/gpl-love.com\/fr\/wp-json\/wp\/v2\/media\/145741"}],"wp:attachment":[{"href":"https:\/\/gpl-love.com\/fr\/wp-json\/wp\/v2\/media?parent=121455"}],"wp:term":[{"taxonomy":"product_brand","embeddable":true,"href":"https:\/\/gpl-love.com\/fr\/wp-json\/wp\/v2\/product_brand?post=121455"},{"taxonomy":"product_cat","embeddable":true,"href":"https:\/\/gpl-love.com\/fr\/wp-json\/wp\/v2\/product_cat?post=121455"},{"taxonomy":"product_tag","embeddable":true,"href":"https:\/\/gpl-love.com\/fr\/wp-json\/wp\/v2\/product_tag?post=121455"}],"curies":[{"name":"wp","href":"https:\/\/api.w.org\/{rel}","templated":true}]}}