{"id":121453,"date":"2024-10-19T00:00:00","date_gmt":"2024-10-18T22:00:00","guid":{"rendered":"https:\/\/gpl-love.com\/fr\/produit\/themify-builder-maps-pro\/"},"modified":"2026-03-20T23:39:53","modified_gmt":"2026-03-20T22:39:53","slug":"themify-builder-maps-pro","status":"publish","type":"product","link":"https:\/\/gpl-love.com\/fr\/produit\/themify-builder-maps-pro\/","title":{"rendered":"Themify Builder Maps Pro 3.5.5"},"content":{"rendered":"<h3>Themify Builder Maps Pro Traits<\/h3>\n<p>Le Builder Maps Pro Th\u00e9ify est un outil exceptionnellement puissant qui se r\u00e9v\u00e8le inestimable pour les constructeurs de sites Web qui ont besoin d&rsquo;incorporer des cartes \u00e9labor\u00e9es et interactives dans leurs pages Web. En utilisant ce plugin remarquable, vous pouvez \u00e9laborer sans effort des cartes sur mesure qui poss\u00e8dent un \u00e9ventail de styles, de marqueurs et de superpositions. Que vous aspiriez \u00e0 pr\u00e9senter l&#8217;emplacement pr\u00e9cis de votre entreprise ou que vous mettiez en lumi\u00e8re des points de rep\u00e8re cruciaux, soyez assur\u00e9 que le Builder Maps Pro correspond \u00e0 tous vos besoins. Ce plugin, en particulier, poss\u00e8de une nature extr\u00eamement flexible car il fournit un assortiment d&rsquo;options concernant les niveaux de zoom, les types de cartes et d&rsquo;innombrables autres fonctionnalit\u00e9s. De plus, il s&rsquo;int\u00e8gre de mani\u00e8re transparente \u00e0 la plate-forme THEFIFY Builder, vous accordant effectivement la possibilit\u00e9 d&rsquo;ajouter sans effort des cartes \u00e0 n&rsquo;importe quelle page ou publication. Que vous construisiez un site Web \u00e0 des fins personnelles ou pour un client, c&rsquo;est un imp\u00e9ratif absolu que vous vous \u00e9quivaliez \u00e0 la remarquable Maps Pro Builder Maps Pro, qui sert sans \u00e9quivoque d&rsquo;outil indispensable pour conserver du contenu \u00e0 la fois dynamique et captivant .<\/p>\n<ul>\n<li>Int\u00e9gration avanc\u00e9e de Google Maps pour la conception de votre site Web<\/li>\n<li>Marqueurs de carte personnalisables et fen\u00eatres d&rsquo;informations contextuelles<\/li>\n<li>Compatible avec tout th\u00e8me ou plugin<\/li>\n<li>Interface de glisser-d\u00e9poser facile \u00e0 utiliser pour la cr\u00e9ation de cartes<\/li>\n<li>Choisissez parmi plusieurs styles et th\u00e8mes de carte<\/li>\n<li>Personnalisez le niveau de zoom et l&#8217;emplacement par d\u00e9faut de vos cartes<\/li>\n<li>Afficher les cartes avec des superpositions de satellite, de trafic ou de terrain<\/li>\n<li>Ajoutez des marqueurs et des fen\u00eatres d&rsquo;informations illimit\u00e9es \u00e0 vos cartes<\/li>\n<li>Conception r\u00e9active mobile pour une visualisation transparente sur tous les appareils<\/li>\n<li>INT\u00c9RAGE SEMBLABLEMENT AUX AUTRES MODULES ET ADPLOIRS THEFIFY BUILDER.<\/li>\n<\/ul>\n","protected":false},"excerpt":{"rendered":"<p>THEFIFY Builder Maps Pro est un outil exceptionnellement robuste qui offre la possibilit\u00e9 de g\u00e9n\u00e9rer des cartes visuellement \u00e9tonnantes et hautement interactives directement sur votre site Web. En utilisant les fonctionnalit\u00e9s de tra\u00een\u00e9e et de d\u00e9p\u00f4t pratique et conviviale, vous pouvez incorporer sans effort des marqueurs, des chemins et des formes sur votre carte, tout en les personnalisant simultan\u00e9ment avec vos couleurs et ic\u00f4nes pr\u00e9f\u00e9r\u00e9es. De plus, ce plugin exceptionnel vous accorde la possibilit\u00e9 de pr\u00e9senter du contenu personnalis\u00e9 dans des fen\u00eatres contextuelles qui appara\u00eetront lorsque les utilisateurs cliquent sur des \u00e9l\u00e9ments sp\u00e9cifiques de la carte. Cette fonctionnalit\u00e9 est particuli\u00e8rement avantageuse pour les personnes qui cherchent \u00e0 mettre en \u00e9vidence les emplacements de leurs entreprises, de lieux d&rsquo;\u00e9v\u00e9nements ou de destinations de voyage privil\u00e9gi\u00e9es. De plus, en incorporant la compatibilit\u00e9 native avec Google Maps et OpenStreetMap, vous pouvez vous assurer que vos cartes restent pr\u00e9cises et r\u00e9guli\u00e8rement \u00e0 jour, am\u00e9liorant ainsi davantage l&rsquo;exp\u00e9rience utilisateur globale.<\/p>\n","protected":false},"featured_media":145508,"comment_status":"open","ping_status":"open","template":"","meta":[],"product_brand":[2674],"product_cat":[1189,1181,1186],"product_tag":[1375],"class_list":{"0":"post-121453","1":"product","2":"type-product","3":"status-publish","4":"has-post-thumbnail","6":"product_brand-themify","7":"product_cat-personnalisation","8":"product_cat-plugins","9":"product_cat-wordpress-plugins","10":"product_tag-themify","11":"member-discount","12":"discount-restricted","14":"first","15":"instock","16":"sale","17":"downloadable","18":"virtual","19":"sold-individually","20":"purchasable","21":"product-type-simple"},"_links":{"self":[{"href":"https:\/\/gpl-love.com\/fr\/wp-json\/wp\/v2\/product\/121453","targetHints":{"allow":["GET"]}}],"collection":[{"href":"https:\/\/gpl-love.com\/fr\/wp-json\/wp\/v2\/product"}],"about":[{"href":"https:\/\/gpl-love.com\/fr\/wp-json\/wp\/v2\/types\/product"}],"replies":[{"embeddable":true,"href":"https:\/\/gpl-love.com\/fr\/wp-json\/wp\/v2\/comments?post=121453"}],"wp:featuredmedia":[{"embeddable":true,"href":"https:\/\/gpl-love.com\/fr\/wp-json\/wp\/v2\/media\/145508"}],"wp:attachment":[{"href":"https:\/\/gpl-love.com\/fr\/wp-json\/wp\/v2\/media?parent=121453"}],"wp:term":[{"taxonomy":"product_brand","embeddable":true,"href":"https:\/\/gpl-love.com\/fr\/wp-json\/wp\/v2\/product_brand?post=121453"},{"taxonomy":"product_cat","embeddable":true,"href":"https:\/\/gpl-love.com\/fr\/wp-json\/wp\/v2\/product_cat?post=121453"},{"taxonomy":"product_tag","embeddable":true,"href":"https:\/\/gpl-love.com\/fr\/wp-json\/wp\/v2\/product_tag?post=121453"}],"curies":[{"name":"wp","href":"https:\/\/api.w.org\/{rel}","templated":true}]}}