{"id":121451,"date":"2022-12-25T00:00:00","date_gmt":"2022-12-24T23:00:00","guid":{"rendered":"https:\/\/gpl-love.com\/fr\/produit\/themify-builder-fittext\/"},"modified":"2026-03-20T23:39:50","modified_gmt":"2026-03-20T22:39:50","slug":"themify-builder-fittext","status":"publish","type":"product","link":"https:\/\/gpl-love.com\/fr\/produit\/themify-builder-fittext\/","title":{"rendered":"Themify Builder FitText 3.0.1"},"content":{"rendered":"<h3>Themify Builder FitText Traits<\/h3>\n<p>THEFIFY Builder FitText est un outil incroyablement puissant et efficace qui a \u00e9t\u00e9 m\u00e9ticuleusement d\u00e9velopp\u00e9 pour vous aider \u00e0 fabriquer des sites Web absolument \u00e0 couper le souffle, remplis d&rsquo;une typographie vraiment in\u00e9gal\u00e9e. En incorporant cet module compl\u00e9mentaire exemplaire dans vos conceptions, vous serez accord\u00e9 la possibilit\u00e9 d&rsquo;\u00e9talonner sans effort la taille de votre contenu textuel afin de s&rsquo;adapter parfaitement et de s&rsquo;adapter harmonieusement \u00e0 toutes les dimensions d&rsquo;\u00e9cran ou \u00e0 un appareil \u00e9lectronique, garantissant ainsi que votre pr\u00e9cieuse et convaincante Les informations pr\u00e9sentent perp\u00e9tuellement une apparence tr\u00e8s polie et exceptionnellement lisible. Que vous soyez un concepteur Web adepte et chevronn\u00e9 ou un entrepreneur visionnaire, il est imp\u00e9ratif sans \u00e9quivoque que vous adoptiez de tout c\u0153ur le constructeur THEIFY FitText comme un \u00e9l\u00e9ment indispensable et int\u00e9gral dans votre arsenal de conception Web contemporaine. Par cons\u00e9quent, pourquoi en retarder davantage? Entrez dans votre voyage aujourd&rsquo;hui et commencez le processus de fabrication de sites Web extraordinaires et r\u00e9actifs qui captiveront et \u00e9tonneront sans aucun doute votre public cible, tout en propulsant votre entreprise s&rsquo;aventures vers un succ\u00e8s et une croissance sans pr\u00e9c\u00e9dent!<\/p>\n<ul>\n<li>THEFIFY Builder FitText est un outil puissant con\u00e7u pour aider \u00e0 cr\u00e9er des conceptions r\u00e9actives pour votre site Web.<\/li>\n<li>Avec son aide, vous pouvez vous assurer que le texte de votre site Web a fi\u00e8re allure sur n&rsquo;importe quel appareil, quelle que soit la taille de l&rsquo;\u00e9cran.<\/li>\n<li>Le constructeur propose plusieurs tailles de police, et il peut m\u00eame ajuster la taille du texte en fonction de la largeur du conteneur dans lequel il se trouve.<\/li>\n<li>Cette fonctionnalit\u00e9 garantit que votre texte semble proportionn\u00e9 et attrayant, car il s&rsquo;adapte aux dimensions de l&rsquo;appareil ou du navigateur.<\/li>\n<li>L&rsquo;utilisation de FitText garantit que votre site Web est engageant et facile \u00e0 lire, stimulant l&rsquo;engagement des utilisateurs et am\u00e9liorant les classements des moteurs de recherche.<\/li>\n<li>FitText est enti\u00e8rement personnalisable, vous pouvez donc contr\u00f4ler tous les aspects du texte de votre site, de la taille au poids de la police \u00e0 l&rsquo;espacement des lettres.<\/li>\n<li>Il est compatible avec tous les principaux th\u00e8mes de The Th\u00e9ify et peut \u00eatre utilis\u00e9 directement hors de la bo\u00eete.<\/li>\n<li>Le constructeur est \u00e9galement r\u00e9guli\u00e8rement mis \u00e0 jour, garantissant qu&rsquo;il reste compatible avec les derni\u00e8res versions des th\u00e8mes WordPress et The Th\u00e9ify.<\/li>\n<li>C&rsquo;est incroyablement facile \u00e0 utiliser et ne n\u00e9cessite aucune connaissance de codage ni comp\u00e9tences techniques.<\/li>\n<li>THEFIFY Builder FitText est l&rsquo;outil parfait pour quiconque recherche une solution abordable et de haute qualit\u00e9 \u00e0 ses besoins de typographie r\u00e9actifs.<\/li>\n<\/ul>\n","protected":false},"excerpt":{"rendered":"<p>Le plugin THEIFY Builder FitText offre aux utilisateurs la possibilit\u00e9 de g\u00e9n\u00e9rer une typographie r\u00e9active qui s&rsquo;adapte intelligemment aux dimensions de l&rsquo;\u00e9cran sur lequel il est affich\u00e9. En tirant parti de la puissance de FitText, les individus sont capables de produire sans effort des titres captivants qui se conforment sans effort \u00e0 n&rsquo;importe quelle taille d&rsquo;\u00e9cran, garantissant ainsi une rencontre de visualisation impeccable et ininterrompue pour leur public cible. Cette solution est particuli\u00e8rement id\u00e9ale pour les personnes qui souhaitent am\u00e9liorer la qualit\u00e9 globale de la typographie de leur site Web, tout en \u00e9liminant le besoin d&rsquo;efforts de redimensionnement ou de mise \u00e0 l&rsquo;\u00e9chelle manuels.<\/p>\n","protected":false},"featured_media":145504,"comment_status":"open","ping_status":"open","template":"","meta":[],"product_brand":[2674],"product_cat":[1189,1181,1186],"product_tag":[1375],"class_list":{"0":"post-121451","1":"product","2":"type-product","3":"status-publish","4":"has-post-thumbnail","6":"product_brand-themify","7":"product_cat-personnalisation","8":"product_cat-plugins","9":"product_cat-wordpress-plugins","10":"product_tag-themify","11":"member-discount","12":"discount-restricted","14":"first","15":"instock","16":"sale","17":"downloadable","18":"virtual","19":"sold-individually","20":"purchasable","21":"product-type-simple"},"_links":{"self":[{"href":"https:\/\/gpl-love.com\/fr\/wp-json\/wp\/v2\/product\/121451","targetHints":{"allow":["GET"]}}],"collection":[{"href":"https:\/\/gpl-love.com\/fr\/wp-json\/wp\/v2\/product"}],"about":[{"href":"https:\/\/gpl-love.com\/fr\/wp-json\/wp\/v2\/types\/product"}],"replies":[{"embeddable":true,"href":"https:\/\/gpl-love.com\/fr\/wp-json\/wp\/v2\/comments?post=121451"}],"wp:featuredmedia":[{"embeddable":true,"href":"https:\/\/gpl-love.com\/fr\/wp-json\/wp\/v2\/media\/145504"}],"wp:attachment":[{"href":"https:\/\/gpl-love.com\/fr\/wp-json\/wp\/v2\/media?parent=121451"}],"wp:term":[{"taxonomy":"product_brand","embeddable":true,"href":"https:\/\/gpl-love.com\/fr\/wp-json\/wp\/v2\/product_brand?post=121451"},{"taxonomy":"product_cat","embeddable":true,"href":"https:\/\/gpl-love.com\/fr\/wp-json\/wp\/v2\/product_cat?post=121451"},{"taxonomy":"product_tag","embeddable":true,"href":"https:\/\/gpl-love.com\/fr\/wp-json\/wp\/v2\/product_tag?post=121451"}],"curies":[{"name":"wp","href":"https:\/\/api.w.org\/{rel}","templated":true}]}}