{"id":121449,"date":"2025-05-06T00:00:00","date_gmt":"2025-05-05T22:00:00","guid":{"rendered":"https:\/\/gpl-love.com\/fr\/produit\/themify-builder-counter\/"},"modified":"2026-04-10T18:42:36","modified_gmt":"2026-04-10T16:42:36","slug":"themify-builder-counter","status":"publish","type":"product","link":"https:\/\/gpl-love.com\/fr\/produit\/themify-builder-counter\/","title":{"rendered":"Themify Builder Counter 3.5.6"},"content":{"rendered":"<h3>Themify Builder Counter Traits<\/h3>\n<p>THEFIFY Builder Counter est un outil incroyablement robuste qui permet aux propri\u00e9taires de sites de la possibilit\u00e9 de cr\u00e9er des compteurs visuellement frappants et engageants, servant de plate-forme pour montrer efficacement leurs produits ou services \u00e0 leur public cible sp\u00e9cifique. L&rsquo;interface conviviale pr\u00e9sent\u00e9e dans ce plugin a r\u00e9volutionn\u00e9 le processus de contre-cr\u00e9ation, offrant une exp\u00e9rience sans effort et sans couture. Cette offre exceptionnelle comprend une vaste gamme de mod\u00e8les et d&rsquo;options de conception, offrant ainsi aux utilisateurs la possibilit\u00e9 de personnaliser leurs compteurs d&rsquo;une mani\u00e8re qui s&rsquo;aligne parfaitement sur l&rsquo;identit\u00e9 distincte de leur marque. Des styles de comptoirs circulaires aux comptoirs lin\u00e9aires et radiaux, les possibilit\u00e9s sont vraiment infinies, car les options de personnalisation s&rsquo;\u00e9tendent aux couleurs, aux polices et aux animations, permettant un contr\u00f4le cr\u00e9atif complet. Le compteur de Builder Th\u00e9ify repr\u00e9sente sans aucun doute la solution in\u00e9gal\u00e9e pour construire des compteurs impressionnants qui non seulement capturent l&rsquo;attention indivise de votre public, mais \u00e9l\u00e8vent \u00e9galement votre site Web au-del\u00e0 de la comp\u00e9tition existante.<\/p>\n<ul>\n<li>THEFIFY Builder Counter ajoute des compteurs visuellement attrayants \u00e0 votre site Web<\/li>\n<li>Personnalisez la conception et l&rsquo;animation de vos compteurs pour correspondre \u00e0 l&rsquo;esth\u00e9tique de votre site Web<\/li>\n<li>Choisissez parmi une vari\u00e9t\u00e9 de types de comptoirs, y compris le pourcentage, le nombre et la barre de progression<\/li>\n<li>D\u00e9finissez les valeurs de d\u00e9marrage et de fin, la dur\u00e9e et les options d&rsquo;assouplissement pour vos compteurs<\/li>\n<li>Utilisez le module Counter Thify Builder sur n&rsquo;importe quelle page ou publication sur votre site Web<\/li>\n<li>Stimulez l&rsquo;engagement des utilisateurs avec les compteurs dynamiques et interactifs qui pr\u00e9sentent les r\u00e9alisations et les statistiques de votre site Web<\/li>\n<li>Profitez d&rsquo;une interface conviviale qui facilite la cr\u00e9ation et la personnalisation de vos compteurs<\/li>\n<li>B\u00e9n\u00e9ficiez des mises \u00e0 jour r\u00e9guli\u00e8res et du soutien de The Thify, une entreprise de d\u00e9veloppement WordPress de confiance.<\/li>\n<\/ul>\n","protected":false},"excerpt":{"rendered":"<p>THEIFY Builder Counter, un outil \u00e0 multiples facettes et convivial, vous permet \u00e0 la possibilit\u00e9 d&rsquo;incorporer sans effort des compteurs, des minuteries et des barres de progression dans vos conceptions. Poss\u00e9dant une vaste gamme d&rsquo;options de personnalisation, cet outil vous permet de r\u00e9diger des \u00e9crans visuellement frappants et captivants qui pi\u00e9geront et captiveront vos visiteurs. Que votre objectif soit de souligner vos r\u00e9alisations, d&rsquo;accentuer vos promotions les plus r\u00e9centes ou d&rsquo;infuser votre page Web d&rsquo;attrait visuel, le compteur de constructeurs d&rsquo;h\u00e9bergement appara\u00eet comme la solution id\u00e9ale et pratique pour acc\u00e9l\u00e9rer et rationaliser la r\u00e9alisation de vos objectifs.<\/p>\n","protected":false},"featured_media":145503,"comment_status":"open","ping_status":"open","template":"","meta":[],"product_brand":[2674],"product_cat":[1189,1181,1186],"product_tag":[1375],"class_list":{"0":"post-121449","1":"product","2":"type-product","3":"status-publish","4":"has-post-thumbnail","6":"product_brand-themify","7":"product_cat-personnalisation","8":"product_cat-plugins","9":"product_cat-wordpress-plugins","10":"product_tag-themify","11":"member-discount","12":"discount-restricted","14":"first","15":"instock","16":"sale","17":"downloadable","18":"virtual","19":"sold-individually","20":"purchasable","21":"product-type-simple"},"_links":{"self":[{"href":"https:\/\/gpl-love.com\/fr\/wp-json\/wp\/v2\/product\/121449","targetHints":{"allow":["GET"]}}],"collection":[{"href":"https:\/\/gpl-love.com\/fr\/wp-json\/wp\/v2\/product"}],"about":[{"href":"https:\/\/gpl-love.com\/fr\/wp-json\/wp\/v2\/types\/product"}],"replies":[{"embeddable":true,"href":"https:\/\/gpl-love.com\/fr\/wp-json\/wp\/v2\/comments?post=121449"}],"wp:featuredmedia":[{"embeddable":true,"href":"https:\/\/gpl-love.com\/fr\/wp-json\/wp\/v2\/media\/145503"}],"wp:attachment":[{"href":"https:\/\/gpl-love.com\/fr\/wp-json\/wp\/v2\/media?parent=121449"}],"wp:term":[{"taxonomy":"product_brand","embeddable":true,"href":"https:\/\/gpl-love.com\/fr\/wp-json\/wp\/v2\/product_brand?post=121449"},{"taxonomy":"product_cat","embeddable":true,"href":"https:\/\/gpl-love.com\/fr\/wp-json\/wp\/v2\/product_cat?post=121449"},{"taxonomy":"product_tag","embeddable":true,"href":"https:\/\/gpl-love.com\/fr\/wp-json\/wp\/v2\/product_tag?post=121449"}],"curies":[{"name":"wp","href":"https:\/\/api.w.org\/{rel}","templated":true}]}}