{"id":121445,"date":"2021-02-09T00:00:00","date_gmt":"2021-02-08T23:00:00","guid":{"rendered":"https:\/\/gpl-love.com\/fr\/produit\/studiopress-niche-pro-genesis-wordpress-theme\/"},"modified":"2026-04-10T18:41:14","modified_gmt":"2026-04-10T16:41:14","slug":"studiopress-niche-pro-genesis-wordpress-theme","status":"publish","type":"product","link":"https:\/\/gpl-love.com\/fr\/produit\/studiopress-niche-pro-genesis-wordpress-theme\/","title":{"rendered":"StudioPress Niche Pro Genesis WordPress Theme 1.0.0"},"content":{"rendered":"<h3>StudioPress Niche Pro Genesis WordPress Theme Traits<\/h3>\n<p>Le th\u00e8me WordPress de Niche Pro Genesis est une option extraordinaire pour les particuliers ou les entreprises qui cherchent \u00e0 construire un site Web professionnel, car il pr\u00e9sente un \u00e9ventail de caract\u00e9ristiques avantageuses. Ce th\u00e8me est particuli\u00e8rement adapt\u00e9 \u00e0 ceux qui souhaitent \u00e9tablir un site Web sp\u00e9cifique \u00e0 un niche, car il offre des options de personnalisation sans effort qui s&rsquo;adressent \u00e0 toute industrie. Sa fondation r\u00e9side dans le cadre de Genesis tr\u00e8s estim\u00e9, qui garantit une plate-forme s\u00e9curis\u00e9e et digne de confiance pour votre site. Le design esth\u00e9tique d\u00e9gage un sentiment de sophistication et de contemporan\u00e9it\u00e9, avec une disposition r\u00e9active qui s&rsquo;adapte parfaitement \u00e0 tous les appareils. Le th\u00e8me Niche Pro est \u00e9quip\u00e9 de fonctionnalit\u00e9s int\u00e9gr\u00e9es qui renforcent l&rsquo;optimisation du moteur de recherche et la vitesse de la page, garantissant ainsi que votre site atteint un classement louable dans les r\u00e9sultats de recherche. En raison de ses nombreux mod\u00e8les de pages et zones de widget, vous \u00eates autoris\u00e9 \u00e0 \u00e9laborer sans effort un site Web distinctif qui s&rsquo;aligne parfaitement avec vos besoins sp\u00e9cifiques. Sans aucun doute, le th\u00e8me WordPress de Niche Pro Genesis repr\u00e9sente un investissement valable qui augmentera consid\u00e9rablement le professionnalisme de votre site Web.<\/p>\n<ul>\n<li>Th\u00e8me WordPress hautement personnalisable con\u00e7u pour les march\u00e9s de niche<\/li>\n<li>Construit sur le cadre Genesis s\u00e9curis\u00e9 et fiable pour des performances optimales<\/li>\n<li>Comprend une gamme de mod\u00e8les de pages pr\u00e9-con\u00e7us, y compris des pages de destination et des dispositions de blog<\/li>\n<li>Interface backend facile \u00e0 utiliser pour la personnalisation de la conception, de la mise en page et des fonctionnalit\u00e9s<\/li>\n<li>Optimis\u00e9 pour l&rsquo;optimisation des moteurs de recherche (SEO) pour am\u00e9liorer la visibilit\u00e9 de votre site Web<\/li>\n<li>La conception r\u00e9active garantit que votre site Web a fi\u00e8re allure sur tous les appareils, y compris les ordinateurs de bureau, les tablettes et les smartphones<\/li>\n<li>Int\u00e9gration transparente avec des plugins WordPress populaires, y compris WooCommerce pour la fonctionnalit\u00e9 du commerce \u00e9lectronique<\/li>\n<li>Comprend une documentation d\u00e9taill\u00e9e et l&rsquo;acc\u00e8s aux forums de support Studiopress pour obtenir de l&rsquo;aide pour tous les probl\u00e8mes ou questions.<\/li>\n<\/ul>\n","protected":false},"excerpt":{"rendered":"<p>Le th\u00e8me WordPress de Niche Pro Genesis de Studiopress, avec sa gamme impressionnante de capacit\u00e9s et de nature adaptable, s&rsquo;av\u00e8re \u00eatre une solution exceptionnelle et polyvalente pour construire des sites Web et des blogs visuellement captivants et engageants adapt\u00e9s \u00e0 tout march\u00e9 sp\u00e9cialis\u00e9. Son \u00e9ventail \u00e9tendu de fonctionnalit\u00e9s puissantes, coupl\u00e9e \u00e0 son interface conviviale, vous donne la possibilit\u00e9 de personnaliser et de personnaliser sans effort votre site Web, en veillant \u00e0 ce qu&rsquo;il s&rsquo;harmonise parfaitement avec l&rsquo;identit\u00e9 et le style distinct de votre marque. B\u00e9n\u00e9ficiant d&rsquo;un design rationalis\u00e9 esth\u00e9tiquement optimis\u00e9 pour la rapidit\u00e9 et les fonctionnalit\u00e9s, ce th\u00e8me sert de choix id\u00e9al pour les entreprises, les entrepreneurs et les blogueurs qui aspirent \u00e0 \u00e9tablir une pr\u00e9sence en ligne poli et sophistiqu\u00e9e. Que vous cherchiez \u00e0 lancer un nouveau produit innovant, \u00e0 g\u00e9n\u00e9rer une plus grande visibilit\u00e9 pour vos services ou \u00e0 partager de tout c\u0153ur votre ferveur et votre z\u00e8le avec la communaut\u00e9 mondiale dans son ensemble, soyez assur\u00e9 que le th\u00e8me WordPress de Niche Pro Genesis est \u00e9quip\u00e9 de tous les outils indispensables et Caract\u00e9ristiques n\u00e9cessaires pour transformer vos aspirations visionnaires en r\u00e9alit\u00e9 tangible.<\/p>\n","protected":false},"featured_media":145386,"comment_status":"open","ping_status":"open","template":"","meta":[],"product_brand":[2454],"product_cat":[1220,1212,1213],"product_tag":[1358],"class_list":{"0":"post-121445","1":"product","2":"type-product","3":"status-publish","4":"has-post-thumbnail","6":"product_brand-studiopress","7":"product_cat-blog-magazine","8":"product_cat-themes","9":"product_cat-wordpress-themes","10":"product_tag-studiopress","11":"member-discount","12":"discount-restricted","14":"first","15":"instock","16":"sale","17":"downloadable","18":"virtual","19":"sold-individually","20":"purchasable","21":"product-type-simple"},"_links":{"self":[{"href":"https:\/\/gpl-love.com\/fr\/wp-json\/wp\/v2\/product\/121445","targetHints":{"allow":["GET"]}}],"collection":[{"href":"https:\/\/gpl-love.com\/fr\/wp-json\/wp\/v2\/product"}],"about":[{"href":"https:\/\/gpl-love.com\/fr\/wp-json\/wp\/v2\/types\/product"}],"replies":[{"embeddable":true,"href":"https:\/\/gpl-love.com\/fr\/wp-json\/wp\/v2\/comments?post=121445"}],"wp:featuredmedia":[{"embeddable":true,"href":"https:\/\/gpl-love.com\/fr\/wp-json\/wp\/v2\/media\/145386"}],"wp:attachment":[{"href":"https:\/\/gpl-love.com\/fr\/wp-json\/wp\/v2\/media?parent=121445"}],"wp:term":[{"taxonomy":"product_brand","embeddable":true,"href":"https:\/\/gpl-love.com\/fr\/wp-json\/wp\/v2\/product_brand?post=121445"},{"taxonomy":"product_cat","embeddable":true,"href":"https:\/\/gpl-love.com\/fr\/wp-json\/wp\/v2\/product_cat?post=121445"},{"taxonomy":"product_tag","embeddable":true,"href":"https:\/\/gpl-love.com\/fr\/wp-json\/wp\/v2\/product_tag?post=121445"}],"curies":[{"name":"wp","href":"https:\/\/api.w.org\/{rel}","templated":true}]}}