{"id":121421,"date":"2021-02-09T00:00:00","date_gmt":"2021-02-08T23:00:00","guid":{"rendered":"https:\/\/gpl-love.com\/fr\/produit\/studiopress-kickstart-pro-genesis-wordpress-theme\/"},"modified":"2026-04-10T18:41:03","modified_gmt":"2026-04-10T16:41:03","slug":"studiopress-kickstart-pro-genesis-wordpress-theme","status":"publish","type":"product","link":"https:\/\/gpl-love.com\/fr\/produit\/studiopress-kickstart-pro-genesis-wordpress-theme\/","title":{"rendered":"StudioPress Kickstart Pro Genesis WordPress Theme 1.3.7"},"content":{"rendered":"<h3>StudioPress Kickstart Pro Genesis WordPress Theme Traits<\/h3>\n<p>Le th\u00e8me WordPress du Studiopress Kickstart Pro Genesis se pr\u00e9sente comme un th\u00e8me influent et multiforme, ce qui est particuli\u00e8rement avantageux pour les personnes cherchant \u00e0 \u00e9tablir un site Web avec une aura professionnelle. Ce th\u00e8me englobe un design \u00e9l\u00e9gant et contemporain, le rendant pleinement r\u00e9actif et garantissant ainsi que l&rsquo;apparence de votre site Web reste impeccable dans un large \u00e9ventail d&rsquo;appareils. Avec un assortiment d&rsquo;options personnalisables \u00e0 votre disposition, vous avez la possibilit\u00e9 d&rsquo;adapter sans effort votre site Web pour correspondre pr\u00e9cis\u00e9ment \u00e0 vos besoins et pr\u00e9f\u00e9rences distincts, tout en capitalisant sur la gamme diversifi\u00e9e de caract\u00e9ristiques et de fonctionnalit\u00e9s inh\u00e9rentes qui contribuent aux immenses prouesses du th\u00e8me. Que vous soyez un blogueur, un propri\u00e9taire de petites entreprises ou un entrepreneur, le th\u00e8me WordPress de Studiopress Kickstart Pro Genesis sert de solution id\u00e9ale pour la cr\u00e9ation d&rsquo;un site Web impressionnant, vous permettant efficacement de vous diff\u00e9rencier des masses.<\/p>\n<ul>\n<li>Conception de th\u00e8me enti\u00e8rement personnalisable et flexible pour les sites Web WordPress<\/li>\n<li>Construit sur le puissant cadre Gen\u00e8se pour des performances et une s\u00e9curit\u00e9 optimis\u00e9es<\/li>\n<li>Comprend une vari\u00e9t\u00e9 de mod\u00e8les de pages et d&rsquo;options de mise en page pour une personnalisation facile du site Web<\/li>\n<li>La conception sensible aux mobiles garantit que votre site Web a fi\u00e8re allure sur n&rsquo;importe quel appareil<\/li>\n<li>Comprend des fonctionnalit\u00e9s de r\u00e9f\u00e9rencement int\u00e9gr\u00e9es pour une meilleure visibilit\u00e9 et un classement des moteurs de recherche<\/li>\n<li>S&rsquo;int\u00e9gre \u00e0 des plugins populaires comme WooCommerce pour une fonctionnalit\u00e9 de commerce \u00e9lectronique facile<\/li>\n<li>Les options de personnalisation du th\u00e8me facile \u00e0 utiliser vous permettent de modifier facilement les couleurs, les polices et autres \u00e9l\u00e9ments de conception<\/li>\n<li>Livr\u00e9 avec des mises \u00e0 jour \u00e0 vie et une prise en charge de la maintenance et du d\u00e9pannage des sites Web en cours.<\/li>\n<\/ul>\n","protected":false},"excerpt":{"rendered":"<p>Pour les personnes cherchant \u00e0 cr\u00e9er sans effort un site Web avec une apparence polie et sophistiqu\u00e9e, le th\u00e8me WordPress de Studiopress Kickstart Pro Genesis pr\u00e9sente une solution id\u00e9ale. B\u00e9n\u00e9ficiant d&rsquo;une conception rationalis\u00e9e et contemporaine, ce th\u00e8me offre une myriade d&rsquo;options de personnalisation, vous permettant d&rsquo;adapter votre site Web \u00e0 vos exigences pr\u00e9cises. Sa r\u00e9activit\u00e9 exceptionnelle garantit la compatibilit\u00e9 sur tous les appareils, et son optimisation des moteurs de recherche garantit une d\u00e9couverte sans effort de votre site Web. Avec son interface utilisateur intuitive et ses fonctionnalit\u00e9s robustes, le th\u00e8me WordPress Studiopress Kickstart Pro Genesis est le choix ultime pour ceux qui aspirent \u00e0 \u00e9lever leur site Web \u00e0 de nouveaux sommets.<\/p>\n","protected":false},"featured_media":145373,"comment_status":"open","ping_status":"open","template":"","meta":[],"product_brand":[2454],"product_cat":[1516,1212,1213],"product_tag":[1358],"class_list":{"0":"post-121421","1":"product","2":"type-product","3":"status-publish","4":"has-post-thumbnail","6":"product_brand-studiopress","7":"product_cat-entreprise","8":"product_cat-themes","9":"product_cat-wordpress-themes","10":"product_tag-studiopress","11":"member-discount","12":"discount-restricted","14":"first","15":"instock","16":"sale","17":"downloadable","18":"virtual","19":"sold-individually","20":"purchasable","21":"product-type-simple"},"_links":{"self":[{"href":"https:\/\/gpl-love.com\/fr\/wp-json\/wp\/v2\/product\/121421","targetHints":{"allow":["GET"]}}],"collection":[{"href":"https:\/\/gpl-love.com\/fr\/wp-json\/wp\/v2\/product"}],"about":[{"href":"https:\/\/gpl-love.com\/fr\/wp-json\/wp\/v2\/types\/product"}],"replies":[{"embeddable":true,"href":"https:\/\/gpl-love.com\/fr\/wp-json\/wp\/v2\/comments?post=121421"}],"wp:featuredmedia":[{"embeddable":true,"href":"https:\/\/gpl-love.com\/fr\/wp-json\/wp\/v2\/media\/145373"}],"wp:attachment":[{"href":"https:\/\/gpl-love.com\/fr\/wp-json\/wp\/v2\/media?parent=121421"}],"wp:term":[{"taxonomy":"product_brand","embeddable":true,"href":"https:\/\/gpl-love.com\/fr\/wp-json\/wp\/v2\/product_brand?post=121421"},{"taxonomy":"product_cat","embeddable":true,"href":"https:\/\/gpl-love.com\/fr\/wp-json\/wp\/v2\/product_cat?post=121421"},{"taxonomy":"product_tag","embeddable":true,"href":"https:\/\/gpl-love.com\/fr\/wp-json\/wp\/v2\/product_tag?post=121421"}],"curies":[{"name":"wp","href":"https:\/\/api.w.org\/{rel}","templated":true}]}}