{"id":121369,"date":"2021-02-09T00:00:00","date_gmt":"2021-02-08T23:00:00","guid":{"rendered":"https:\/\/gpl-love.com\/fr\/produit\/woocommerce-frontend-shop-manager\/"},"modified":"2026-04-10T18:47:03","modified_gmt":"2026-04-10T16:47:03","slug":"woocommerce-frontend-shop-manager","status":"publish","type":"product","link":"https:\/\/gpl-love.com\/fr\/produit\/woocommerce-frontend-shop-manager\/","title":{"rendered":"WooCommerce Frontend Shop Manager 4.5.2"},"content":{"rendered":"<h3>WooCommerce Frontend Shop Manager Traits<\/h3>\n<p>Le WooCommerce Frontend Shop Manager est un outil exceptionnellement polyvalent et incroyablement puissant qui a \u00e9t\u00e9 m\u00e9ticuleusement con\u00e7u pour am\u00e9liorer consid\u00e9rablement l&rsquo;exp\u00e9rience utilisateur globale de la gestion et de l&rsquo;exploitation d&rsquo;une boutique en ligne. En utilisant une interface intuitive et remarquablement conviviale, cet outil ph\u00e9nom\u00e9nal permet aux propri\u00e9taires de magasins la possibilit\u00e9 de g\u00e9rer sans effort et facilement leurs produits, commandes et clients directement \u00e0 partir du frontage de leur site Web. Sans n\u00e9cessiter la n\u00e9cessit\u00e9 de naviguer dans le backend du site, ce plugin ing\u00e9nieux offre aux utilisateurs la possibilit\u00e9 de modifier ou d&rsquo;ajouter sans effort de nouveaux produits, de modifier les prix, de g\u00e9rer efficacement les niveaux de stock et d&rsquo;exercer un contr\u00f4le complet sur divers autres aspects essentiels de leur magasin. Par cons\u00e9quent, le WooCommerce Frontend Shop Manager pr\u00e9sente une solution transparente et remarquablement efficace pour g\u00e9rer les innombrables op\u00e9rations quotidiennes d&rsquo;un magasin, aboutissant finalement \u00e0 une augmentation substantielle des ventes et \u00e0 un niveau \u00e9lev\u00e9 de satisfaction client.<\/p>\n<ul>\n<li>Permet aux utilisateurs de g\u00e9rer leur magasin WooCommerce directement depuis le frontend de leur site Web<\/li>\n<li>Fournit une interface utilisateur intuitive pour ajouter et \u00e9diter des produits, g\u00e9rer les commandes et g\u00e9rer les donn\u00e9es clients<\/li>\n<li>Comprend des fonctionnalit\u00e9s avanc\u00e9es telles que l&rsquo;\u00e9dition de produits en vrac, la gestion des produits variables et les attributs de produits personnalis\u00e9s<\/li>\n<li>simplifie le processus de cr\u00e9ation et de gestion des coupons et des remises pour les clients<\/li>\n<li>Permet la personnalisation des pages d&rsquo;affichage des produits et de cat\u00e9gories, y compris l&rsquo;ajout de champs personnalis\u00e9s et d&rsquo;options de tri<\/li>\n<li>Fournit des rapports de ventes et de revenus en temps r\u00e9el, donnant aux propri\u00e9taires de magasins un aper\u00e7u des performances de leur boutique<\/li>\n<li>s&rsquo;int\u00e8gre aux extensions populaires WooCommerce, telles que les passerelles de paiement et les m\u00e9thodes d&rsquo;exp\u00e9dition<\/li>\n<li>offre un support multi-langues pour r\u00e9pondre \u00e0 une client\u00e8le mondiale<\/li>\n<li>Fournit une conception r\u00e9active, ce qui facilite la gestion de votre boutique \u00e0 partir de n&rsquo;importe quel appareil.<\/li>\n<\/ul>\n","protected":false},"excerpt":{"rendered":"<p>Le WooCommerce Frontend Shop Manager fournit une solution transparente pour les propri\u00e9taires de magasins en ligne, facilitant la gestion de leur plate-forme de commerce \u00e9lectronique directement \u00e0 l&rsquo;avant de leur site Web. Cet outil robuste permet aux utilisateurs d&rsquo;ajouter et de modifier sans effort des produits, de superviser efficacement les commandes et de surveiller efficacement l&rsquo;inventaire sans n\u00e9cessiter l&rsquo;acc\u00e8s \u00e0 l&rsquo;arri\u00e8re de leur site. B\u00e9n\u00e9ficiant d&rsquo;une interface intuitive et d&rsquo;un \u00e9ventail de fonctionnalit\u00e9s puissantes, cette solution compl\u00e8te se pr\u00e9sente comme le choix ultime pour tout marchand en ligne exigeant aspirant \u00e0 rationaliser leurs processus op\u00e9rationnels et \u00e0 am\u00e9liorer la satisfaction de leur pr\u00e9cieux client\u00e8le.<\/p>\n","protected":false},"featured_media":145895,"comment_status":"open","ping_status":"open","template":"","meta":[],"product_brand":[2435],"product_cat":[1183,1182,1181],"product_tag":[1231],"class_list":{"0":"post-121369","1":"product","2":"type-product","3":"status-publish","4":"has-post-thumbnail","6":"product_brand-codecanyon","7":"product_cat-administration","8":"product_cat-commerce-electronique-plugins","9":"product_cat-plugins","10":"product_tag-codecanyon","11":"member-discount","12":"discount-restricted","14":"first","15":"instock","16":"sale","17":"downloadable","18":"virtual","19":"sold-individually","20":"purchasable","21":"product-type-simple"},"_links":{"self":[{"href":"https:\/\/gpl-love.com\/fr\/wp-json\/wp\/v2\/product\/121369","targetHints":{"allow":["GET"]}}],"collection":[{"href":"https:\/\/gpl-love.com\/fr\/wp-json\/wp\/v2\/product"}],"about":[{"href":"https:\/\/gpl-love.com\/fr\/wp-json\/wp\/v2\/types\/product"}],"replies":[{"embeddable":true,"href":"https:\/\/gpl-love.com\/fr\/wp-json\/wp\/v2\/comments?post=121369"}],"wp:featuredmedia":[{"embeddable":true,"href":"https:\/\/gpl-love.com\/fr\/wp-json\/wp\/v2\/media\/145895"}],"wp:attachment":[{"href":"https:\/\/gpl-love.com\/fr\/wp-json\/wp\/v2\/media?parent=121369"}],"wp:term":[{"taxonomy":"product_brand","embeddable":true,"href":"https:\/\/gpl-love.com\/fr\/wp-json\/wp\/v2\/product_brand?post=121369"},{"taxonomy":"product_cat","embeddable":true,"href":"https:\/\/gpl-love.com\/fr\/wp-json\/wp\/v2\/product_cat?post=121369"},{"taxonomy":"product_tag","embeddable":true,"href":"https:\/\/gpl-love.com\/fr\/wp-json\/wp\/v2\/product_tag?post=121369"}],"curies":[{"name":"wp","href":"https:\/\/api.w.org\/{rel}","templated":true}]}}