{"id":121367,"date":"2024-11-29T00:00:00","date_gmt":"2024-11-28T23:00:00","guid":{"rendered":"https:\/\/gpl-love.com\/fr\/produit\/easy-digital-downloads-wish-lists\/"},"modified":"2026-03-20T23:02:36","modified_gmt":"2026-03-20T22:02:36","slug":"easy-digital-downloads-wish-lists","status":"publish","type":"product","link":"https:\/\/gpl-love.com\/fr\/produit\/easy-digital-downloads-wish-lists\/","title":{"rendered":"Easy Digital Downloads Wish Lists 1.2.3"},"content":{"rendered":"<h3>Easy Digital Downloads Wish Lists Traits<\/h3>\n<p>Easy Digital Downloads Wish Lists est un plugin exceptionnel qui vise \u00e0 am\u00e9liorer les fonctionnalit\u00e9s de la plate-forme de commerce \u00e9lectronique num\u00e9rique Easy Digital tr\u00e8s r\u00e9put\u00e9e et largement utilis\u00e9e. En incorporant ce plugin dans leur boutique en ligne, les clients sont autoris\u00e9s \u00e0 cr\u00e9er et \u00e0 g\u00e9rer efficacement de nombreuses listes de souhaits, leur accordant ainsi la commodit\u00e9 de pr\u00e9server et d&rsquo;organiser une pl\u00e9thore de produits, ils ont un vif int\u00e9r\u00eat \u00e0 acheter plus tard. Le plugin facilite de mani\u00e8re transparente l&rsquo;addition et la suppression sans effort de ces listes de souhaits, offrant aux clients la plus facilit\u00e9 et la plus grande commodit\u00e9. De plus, les clients sont en outre dot\u00e9s de la capacit\u00e9 remarquable de partager rapidement et sans effort leurs listes de souhaits m\u00e9ticuleusement con\u00e7ues avec leurs amis estim\u00e9s et leurs membres de la famille bien-aim\u00e9s gr\u00e2ce \u00e0 l&#8217;emploi du support \u00e9lectronique ou diverses plates-formes de m\u00e9dias sociaux r\u00e9pandues. En outre, ce plugin est intrins\u00e8quement impr\u00e9gn\u00e9 d&rsquo;un degr\u00e9 de flexibilit\u00e9 louable car il peut \u00eatre personnalis\u00e9 sans effort pour r\u00e9pondre aux pr\u00e9f\u00e9rences et exigences distinctes de chaque boutique en ligne individuelle. Cette int\u00e9gration transparente avec la plate-forme Easy Digital Downloads fait du plugin un ajout vraiment inestimable \u00e0 toute boutique en ligne exigeante qui aspire \u00e0 augmenter l&rsquo;engagement des clients et \u00e0 am\u00e9liorer les niveaux globaux de satisfaction des clients.<\/p>\n<ul>\n<li>Permet aux clients des t\u00e9l\u00e9chargements num\u00e9riques faciles (EDD) de cr\u00e9er et de g\u00e9rer plusieurs listes de souhaits<\/li>\n<li>Donne aux clients la possibilit\u00e9 d&rsquo;ajouter des produits \u00e0 leurs listes de souhaits directement \u00e0 partir de la page du produit ou une fen\u00eatre contextuelle rapide<\/li>\n<li>Permet aux clients de partager facilement leurs listes de souhaits avec des amis et de la famille via les m\u00e9dias sociaux ou les e-mails<\/li>\n<li>Fournit une interface utilisateur simple et intuitive aux clients pour afficher et g\u00e9rer leurs listes de souhaits<\/li>\n<li>Prend en charge les param\u00e8tres de liste de souhaits personnalisables, tels que les param\u00e8tres de confidentialit\u00e9 et la possibilit\u00e9 d&rsquo;ajouter des notes personnalis\u00e9es pour chaque \u00e9l\u00e9ment de la liste<\/li>\n<li>Compatible avec la fonction de codes de r\u00e9duction int\u00e9gr\u00e9e d&rsquo;EDD, permettant aux clients d&rsquo;appliquer des r\u00e9ductions aux articles de leur liste de souhaits<\/li>\n<li>Int\u00e9gration transparente avec le logiciel de base d&rsquo;EDD, assurant une exp\u00e9rience fluide et fiable pour les clients et les propri\u00e9taires de magasins<\/li>\n<li>Fournit des informations pr\u00e9cieuses aux propri\u00e9taires de magasins en suivant l&rsquo;activit\u00e9 et les tendances de la liste de souhaits, leur permettant de mieux comprendre les pr\u00e9f\u00e9rences et les comportements de leurs clients.<\/li>\n<\/ul>\n","protected":false},"excerpt":{"rendered":"<p>Le plugin de listes de souhaits offert par Easy Digital Downlows s&rsquo;av\u00e8re \u00eatre un outil incroyablement robuste et influent, confectionn\u00e9 pour permettre aux acheteurs en ligne de g\u00e9rer et de maintenir des listes personnalis\u00e9es contenant les produits qu&rsquo;ils souhaitent ardemment acqu\u00e9rir. Avec la plus grande facilit\u00e9 et la commodit\u00e9, les clients ont la possibilit\u00e9 d&rsquo;augmenter de mani\u00e8re transparente leurs listes de souhaits en ajoutant commod\u00e9ment les produits souhait\u00e9s, en partageant par la suite ces listes m\u00e9ticuleusement assembl\u00e9es avec leur plus proche et plus cher. Le plugin am\u00e9liore en outre l&rsquo;exp\u00e9rience utilisateur en fournissant des notifications opportunes qui concernent toutes les r\u00e9ductions ou promotions sur les articles convoit\u00e9s dans leurs listes de souhaits. Ainsi, il devient \u00e9vident que ce plugin indispensable sert d&rsquo;atout imp\u00e9ratif pour les magasins num\u00e9riques aspirant \u00e0 augmenter la satisfaction des clients et \u00e0 optimiser leurs performances de vente globales.<\/p>\n","protected":false},"featured_media":143655,"comment_status":"open","ping_status":"open","template":"","meta":[],"product_brand":[2523],"product_cat":[1182,1223,1181],"product_tag":[1255],"class_list":{"0":"post-121367","1":"product","2":"type-product","3":"status-publish","4":"has-post-thumbnail","6":"product_brand-easy-digital-downloads","7":"product_cat-commerce-electronique-plugins","8":"product_cat-personnalisation-commerce-electronique-plugins","9":"product_cat-plugins","10":"product_tag-easy-digital-downloads","11":"member-discount","12":"discount-restricted","14":"first","15":"instock","16":"sale","17":"downloadable","18":"virtual","19":"sold-individually","20":"purchasable","21":"product-type-simple"},"_links":{"self":[{"href":"https:\/\/gpl-love.com\/fr\/wp-json\/wp\/v2\/product\/121367","targetHints":{"allow":["GET"]}}],"collection":[{"href":"https:\/\/gpl-love.com\/fr\/wp-json\/wp\/v2\/product"}],"about":[{"href":"https:\/\/gpl-love.com\/fr\/wp-json\/wp\/v2\/types\/product"}],"replies":[{"embeddable":true,"href":"https:\/\/gpl-love.com\/fr\/wp-json\/wp\/v2\/comments?post=121367"}],"wp:featuredmedia":[{"embeddable":true,"href":"https:\/\/gpl-love.com\/fr\/wp-json\/wp\/v2\/media\/143655"}],"wp:attachment":[{"href":"https:\/\/gpl-love.com\/fr\/wp-json\/wp\/v2\/media?parent=121367"}],"wp:term":[{"taxonomy":"product_brand","embeddable":true,"href":"https:\/\/gpl-love.com\/fr\/wp-json\/wp\/v2\/product_brand?post=121367"},{"taxonomy":"product_cat","embeddable":true,"href":"https:\/\/gpl-love.com\/fr\/wp-json\/wp\/v2\/product_cat?post=121367"},{"taxonomy":"product_tag","embeddable":true,"href":"https:\/\/gpl-love.com\/fr\/wp-json\/wp\/v2\/product_tag?post=121367"}],"curies":[{"name":"wp","href":"https:\/\/api.w.org\/{rel}","templated":true}]}}