{"id":121365,"date":"2024-04-21T00:00:00","date_gmt":"2024-04-20T22:00:00","guid":{"rendered":"https:\/\/gpl-love.com\/fr\/produit\/easy-digital-downloads-sendy\/"},"modified":"2026-03-20T23:02:27","modified_gmt":"2026-03-20T22:02:27","slug":"easy-digital-downloads-sendy","status":"publish","type":"product","link":"https:\/\/gpl-love.com\/fr\/produit\/easy-digital-downloads-sendy\/","title":{"rendered":"Easy Digital Downloads Sendy 1.2.0"},"content":{"rendered":"<h3>Easy Digital Downloads Sendy Traits<\/h3>\n<p>Les t\u00e9l\u00e9chargements num\u00e9riques faciles Sendy sont un outil d&rsquo;int\u00e9gration incroyablement robuste et tr\u00e8s efficace qui poss\u00e8de la possibilit\u00e9 remarquable de connecter sans effort les t\u00e9l\u00e9chargements num\u00e9riques faciles des utilisateurs avec le logiciel de marketing par e-mail Sendy exceptionnel. Au moyen de cette int\u00e9gration transparente, les utilisateurs peuvent g\u00e9rer sans effort et efficacement leurs listes de diffusion, exp\u00e9dier efficacement les newsletters et les e-mails promotionnels, et surveiller et suivre m\u00e9ticuleusement les performances de leurs campagnes d&rsquo;e-mail, toutes d\u00e9licates dans les limites accueillantes de leur tableau de bord EDD. Cette int\u00e9gration a \u00e9t\u00e9 m\u00e9ticuleusement con\u00e7ue pour pr\u00e9senter un niveau louable de convivialit\u00e9, et il ne n\u00e9cessite qu&rsquo;un minimum d&rsquo;expertise technique, ce qui l&rsquo;a rendu facilement accessible \u00e0 tout individu d\u00e9sireux de capitaliser sur la pl\u00e9thore d&rsquo;avantages que le marketing par e-mail a \u00e0 offrir. Dans l&rsquo;ensemble, les t\u00e9l\u00e9chargements num\u00e9riques faciles Sendy pr\u00e9sente une solution remarquablement simple et extr\u00eamement puissante pour rationaliser vos efforts de marketing par e-mail, am\u00e9liorant ainsi l&rsquo;efficacit\u00e9 de votre strat\u00e9gie globale de vente et de marketing.<\/p>\n<ul>\n<li>Int\u00e8gre de mani\u00e8re transparente les t\u00e9l\u00e9chargements num\u00e9riques faciles \u00e0 la plate-forme de marketing par e-mail Sendy<\/li>\n<li>Vous permet de g\u00e9rer vos listes de diffusion, campagnes et abonn\u00e9s dans votre tableau de bord WordPress<\/li>\n<li>Vous permet d&rsquo;envoyer des newsletters cibl\u00e9es, des e-mails promotionnels et plus \u00e0 vos clients ou abonn\u00e9s<\/li>\n<li>Augmente vos taux de conversion et vos ventes en gardant vos clients inform\u00e9s et engag\u00e9s avec votre marque<\/li>\n<li>Vous permet d&rsquo;\u00e9conomiser du temps et de l&rsquo;argent par rapport \u00e0 l&rsquo;utilisation d&rsquo;un autre service de marketing par e-mail tiers<\/li>\n<li>Fournit des rapports et des analyses d\u00e9taill\u00e9s sur les campagnes de messagerie, vous permettant de suivre le succ\u00e8s et d&rsquo;ajuster les strat\u00e9gies au besoin<\/li>\n<li>Offre un support complet pour assurer une configuration et une utilisation lisses et faciles du plugin<\/li>\n<li>Compatible avec une vari\u00e9t\u00e9 de fournisseurs de services de messagerie et de clients de messagerie<\/li>\n<li>Offre des mod\u00e8les de messagerie et des options de marque personnalisables pour maintenir la coh\u00e9rence avec votre image de marque<\/li>\n<li>Augmente la fid\u00e9lit\u00e9 et l&rsquo;engagement de la client\u00e8le gr\u00e2ce \u00e0 des strat\u00e9gies de marketing par e-mail personnalis\u00e9es.<\/li>\n<\/ul>\n","protected":false},"excerpt":{"rendered":"<p>Les t\u00e9l\u00e9chargements num\u00e9riques faciles Sendy, un puissant outil de marketing par e-mail, sont m\u00e9ticuleusement con\u00e7us pour fusionner parfaitement avec votre compte Easy Digital Downloads (EDD). En utilisant ce plugin exceptionnel, vous \u00eates dot\u00e9 de la capacit\u00e9 d&rsquo;envoyer des e-mails personnalis\u00e9s \u00e0 vos clients et aux abonn\u00e9s directement du c\u0153ur de votre magasin EDD. Ce plugin remarquable sert d&rsquo;atout inestimable, vous permettant de rationaliser vos efforts de marketing par e-mail et d&rsquo;engager efficacement le public souhait\u00e9 via des messages profond\u00e9ment cibl\u00e9s, m\u00e9ticuleusement con\u00e7us pour produire des conversions. Avec l&rsquo;aide de t\u00e9l\u00e9chargements num\u00e9riques faciles Sendy, la t\u00e2che on\u00e9reuse de g\u00e9rer vos campagnes de marketing par e-mail est rapidement att\u00e9nu\u00e9e par l&rsquo;automatisation, vous offrant le luxe d&rsquo;optimiser votre temps et de renforcer vos revenus, tout en favorisant une connexion in\u00e9branlable avec votre client\u00e8le estim\u00e9.<\/p>\n","protected":false},"featured_media":143645,"comment_status":"open","ping_status":"open","template":"","meta":[],"product_brand":[2523],"product_cat":[1200,1182,1181],"product_tag":[1255],"class_list":{"0":"post-121365","1":"product","2":"type-product","3":"status-publish","4":"has-post-thumbnail","6":"product_brand-easy-digital-downloads","7":"product_cat-commercialisation","8":"product_cat-commerce-electronique-plugins","9":"product_cat-plugins","10":"product_tag-easy-digital-downloads","11":"member-discount","12":"discount-restricted","14":"first","15":"instock","16":"sale","17":"downloadable","18":"virtual","19":"sold-individually","20":"purchasable","21":"product-type-simple"},"_links":{"self":[{"href":"https:\/\/gpl-love.com\/fr\/wp-json\/wp\/v2\/product\/121365","targetHints":{"allow":["GET"]}}],"collection":[{"href":"https:\/\/gpl-love.com\/fr\/wp-json\/wp\/v2\/product"}],"about":[{"href":"https:\/\/gpl-love.com\/fr\/wp-json\/wp\/v2\/types\/product"}],"replies":[{"embeddable":true,"href":"https:\/\/gpl-love.com\/fr\/wp-json\/wp\/v2\/comments?post=121365"}],"wp:featuredmedia":[{"embeddable":true,"href":"https:\/\/gpl-love.com\/fr\/wp-json\/wp\/v2\/media\/143645"}],"wp:attachment":[{"href":"https:\/\/gpl-love.com\/fr\/wp-json\/wp\/v2\/media?parent=121365"}],"wp:term":[{"taxonomy":"product_brand","embeddable":true,"href":"https:\/\/gpl-love.com\/fr\/wp-json\/wp\/v2\/product_brand?post=121365"},{"taxonomy":"product_cat","embeddable":true,"href":"https:\/\/gpl-love.com\/fr\/wp-json\/wp\/v2\/product_cat?post=121365"},{"taxonomy":"product_tag","embeddable":true,"href":"https:\/\/gpl-love.com\/fr\/wp-json\/wp\/v2\/product_tag?post=121365"}],"curies":[{"name":"wp","href":"https:\/\/api.w.org\/{rel}","templated":true}]}}