{"id":121363,"date":"2025-09-24T00:00:00","date_gmt":"2025-09-23T22:00:00","guid":{"rendered":"https:\/\/gpl-love.com\/fr\/produit\/css-igniter-technico-wordpress-theme\/"},"modified":"2026-03-20T23:00:07","modified_gmt":"2026-03-20T22:00:07","slug":"css-igniter-technico-wordpress-theme","status":"publish","type":"product","link":"https:\/\/gpl-love.com\/fr\/produit\/css-igniter-technico-wordpress-theme\/","title":{"rendered":"CSS Igniter Technico WordPress Theme 1.4.2"},"content":{"rendered":"<h3>CSS Igniter Technico WordPress Theme Traits<\/h3>\n<p>Le th\u00e8me WordPress de CSS Igniter Technico, avec ses attributs polyvalents et modernes, s&rsquo;av\u00e8re \u00eatre l&rsquo;option id\u00e9ale pour les sites Web en mettant l&rsquo;accent sur la technologie. Sa conception propre et minimale, associ\u00e9e \u00e0 une page d&rsquo;accueil personnalisable, permet la pr\u00e9sentation efficace du contenu et des services. De plus, ce th\u00e8me est enti\u00e8rement r\u00e9actif, garantissant une apparence attrayante sur tous les appareils. Parall\u00e8lement \u00e0 son adaptabilit\u00e9, il propose une large gamme d&rsquo;options de personnalisation, englobant des choix de polices et de couleurs. De plus, il poss\u00e8de une configuration et une utilisation conviviales, m\u00eame pour les personnes ayant une expertise technique limit\u00e9e. Que vous exploitez un blog technologique, une soci\u00e9t\u00e9 de logiciels ou une startup, le th\u00e8me CSS Igniter Technico WordPress est un choix exceptionnel pour cr\u00e9er une pr\u00e9sence en ligne professionnelle et captivante.<\/p>\n<ul>\n<li>Design professionnel et moderne parfait pour les sites Web li\u00e9s \u00e0 la technologie<\/li>\n<li>Page Builder int\u00e9gr\u00e9 pour une personnalisation facile des mises en page et du contenu<\/li>\n<li>La conception r\u00e9active garantit que le th\u00e8me a fi\u00e8re allure sur tous les appareils<\/li>\n<li>Panneau d&rsquo;options de th\u00e8me puissant pour g\u00e9rer facilement les param\u00e8tres du site<\/li>\n<li>Les modules de contenu pr\u00e9d\u00e9finis facilitent l&rsquo;ajout de fonctionnalit\u00e9s \u00e0 votre site<\/li>\n<li>Importation de d\u00e9monstration en un clic pour configurer rapidement votre site avec du contenu de d\u00e9monstration<\/li>\n<li>Conception et code et code pour une meilleure visibilit\u00e9 du moteur de recherche<\/li>\n<li>Comprend un acc\u00e8s gratuit aux futures mises \u00e0 jour et au support de l&rsquo;\u00e9quipe d&rsquo;allumage CSS<\/li>\n<li>Compatible avec des plugins populaires comme WooCommerce, Elementor, et plus encore<\/li>\n<li>Documentation approfondie et didacticiels vid\u00e9o pour une configuration et une personnalisation faciles<\/li>\n<\/ul>\n","protected":false},"excerpt":{"rendered":"<p>D\u00e9couvrez la puissance du th\u00e8me WordPress de CSS Igniter Technico. Parfait parfaitement con\u00e7u pour les entreprises et les professionnels, ce th\u00e8me est enrichi de fonctionnalit\u00e9s et de fonctionnalit\u00e9s robustes. Technico est un th\u00e8me WordPress premium qui offre une exp\u00e9rience utilisateur transparente. Il est enti\u00e8rement r\u00e9actif, assurant une navigation en douceur sur n&rsquo;importe quel appareil. Il prend \u00e9galement en charge les langages RTL et est pr\u00eat \u00e0 la traduction, ce qui en fait un choix parfait pour les sites Web multilingues.<\/p>\n<p>Avec Technico, vous pouvez facilement personnaliser votre site Web avec le panneau d&rsquo;options puissant. Il vous permet de modifier les couleurs, les polices et la mise en page pour correspondre \u00e0 l&rsquo;identit\u00e9 de votre marque. Ce th\u00e8me comprend \u00e9galement des widgets personnalis\u00e9s, tels que des widgets de contenu, des r\u00e9seaux sociaux, Twitter, Instagram et plus encore, pour une exp\u00e9rience utilisateur am\u00e9lior\u00e9e.<\/p>\n<p>Technico est convivial pour le r\u00e9f\u00e9rencement, aidant votre site Web \u00e0 se classer plus haut dans les r\u00e9sultats de recherche. Il est \u00e9galement livr\u00e9 avec une documentation d\u00e9taill\u00e9e et un support client exceptionnel, en vous assurant que vous avez toute l&rsquo;aide dont vous avez besoin pour cr\u00e9er et g\u00e9rer votre site Web. Achetez le th\u00e8me CSS Igniter Technico WordPress d\u00e8s aujourd&rsquo;hui et apportez votre pr\u00e9sence en ligne \u00e0 de nouveaux sommets.<\/p>\n","protected":false},"featured_media":143492,"comment_status":"open","ping_status":"open","template":"","meta":[],"product_brand":[2499],"product_cat":[1242,1212,1213],"product_tag":[2187],"class_list":{"0":"post-121363","1":"product","2":"type-product","3":"status-publish","4":"has-post-thumbnail","6":"product_brand-css-igniter","7":"product_cat-creatif","8":"product_cat-themes","9":"product_cat-wordpress-themes","10":"product_tag-css-igniter","11":"member-discount","12":"discount-restricted","14":"first","15":"instock","16":"sale","17":"downloadable","18":"virtual","19":"sold-individually","20":"purchasable","21":"product-type-simple"},"_links":{"self":[{"href":"https:\/\/gpl-love.com\/fr\/wp-json\/wp\/v2\/product\/121363","targetHints":{"allow":["GET"]}}],"collection":[{"href":"https:\/\/gpl-love.com\/fr\/wp-json\/wp\/v2\/product"}],"about":[{"href":"https:\/\/gpl-love.com\/fr\/wp-json\/wp\/v2\/types\/product"}],"replies":[{"embeddable":true,"href":"https:\/\/gpl-love.com\/fr\/wp-json\/wp\/v2\/comments?post=121363"}],"wp:featuredmedia":[{"embeddable":true,"href":"https:\/\/gpl-love.com\/fr\/wp-json\/wp\/v2\/media\/143492"}],"wp:attachment":[{"href":"https:\/\/gpl-love.com\/fr\/wp-json\/wp\/v2\/media?parent=121363"}],"wp:term":[{"taxonomy":"product_brand","embeddable":true,"href":"https:\/\/gpl-love.com\/fr\/wp-json\/wp\/v2\/product_brand?post=121363"},{"taxonomy":"product_cat","embeddable":true,"href":"https:\/\/gpl-love.com\/fr\/wp-json\/wp\/v2\/product_cat?post=121363"},{"taxonomy":"product_tag","embeddable":true,"href":"https:\/\/gpl-love.com\/fr\/wp-json\/wp\/v2\/product_tag?post=121363"}],"curies":[{"name":"wp","href":"https:\/\/api.w.org\/{rel}","templated":true}]}}