{"id":121361,"date":"2025-09-24T00:00:00","date_gmt":"2025-09-23T22:00:00","guid":{"rendered":"https:\/\/gpl-love.com\/fr\/produit\/css-igniter-struct-wordpress-theme\/"},"modified":"2026-03-20T23:00:06","modified_gmt":"2026-03-20T22:00:06","slug":"css-igniter-struct-wordpress-theme","status":"publish","type":"product","link":"https:\/\/gpl-love.com\/fr\/produit\/css-igniter-struct-wordpress-theme\/","title":{"rendered":"CSS Igniter Struct WordPress Theme 1.3.3"},"content":{"rendered":"<h3>CSS Igniter Struct WordPress Theme Traits<\/h3>\n<p>Le th\u00e8me WordPress de CSS Igniter Struct, un th\u00e8me incroyablement robuste et tr\u00e8s adaptable, a \u00e9t\u00e9 m\u00e9ticuleusement con\u00e7u pour faciliter la cr\u00e9ation sans effort d&rsquo;un site Web visuellement frappant. B\u00e9n\u00e9ficiant d&rsquo;une polyvalence in\u00e9gal\u00e9e, ce th\u00e8me est idyllique pour les personnes qui cherchent \u00e0 construire un site Web pour leur entreprise, leur blog ou leur utilisation personnelle. Exsuler une aura de sophistication et de modernit\u00e9, le th\u00e8me de structure, \u00e0 travers son design \u00e9l\u00e9gant et \u00e9pur\u00e9, conf\u00e8re sans effort un air de professionnalisme \u00e0 votre domaine num\u00e9rique, en veillant \u00e0 ce que vos visiteurs soient compl\u00e8tement impressionn\u00e9s. De plus, le th\u00e8me est \u00e9quip\u00e9 d&rsquo;une vaste gamme d&rsquo;attributs louables et d&rsquo;options de personnalisation, tels qu&rsquo;une multitude de polices et de couleurs personnalisables, de nombreuses dispositions de page d&rsquo;accueil et d&rsquo;un constructeur de page de glisser-d\u00e9poser extr\u00eamement convivial. Que vous soyez une aventure novice dans le domaine de la conception Web ou un expert chevronn\u00e9, le th\u00e8me WordPress CSS Igniter Struct sert de choix impeccablement sage pour votre prochain projet.<\/p>\n<ul>\n<li>Un th\u00e8me WordPress premium con\u00e7u pour les blogueurs et les cr\u00e9ateurs de contenu<\/li>\n<li>Disposition structur\u00e9e pour une organisation de navigation et de contenu facile<\/li>\n<li>Sch\u00e9mas de couleurs enti\u00e8rement personnalisables et typographie<\/li>\n<li>Conception r\u00e9active qui a fi\u00e8re allure sur tous les appareils<\/li>\n<li>Widgets int\u00e9gr\u00e9s et raccourcis pour des fonctionnalit\u00e9s suppl\u00e9mentaires<\/li>\n<li>Int\u00e9gration avec des plugins populaires comme WooCommerce et le formulaire de contact 7<\/li>\n<li>Optimisation de SEO int\u00e9gr\u00e9e pour le classement des moteurs de recherche plus \u00e9lev\u00e9<\/li>\n<li>Compatible avec la derni\u00e8re version WordPress et r\u00e9guli\u00e8rement mise \u00e0 jour<\/li>\n<li>Facile \u00e0 utiliser et \u00e0 personnaliser avec une interface conviviale<\/li>\n<li>Support client d\u00e9di\u00e9 \u00e0 toute question ou probl\u00e8me.<\/li>\n<\/ul>\n","protected":false},"excerpt":{"rendered":"<p>Pr\u00e9sentation du th\u00e8me Struct WordPress du CSS Igniter, un outil puissant et polyvalent pour votre site Web d&rsquo;entreprise. Ce th\u00e8me est id\u00e9al pour les entreprises et les professionnels qui appr\u00e9cient le design propre et les fonctionnalit\u00e9s robustes. Avec son design esth\u00e9tique et r\u00e9actif \u00e9l\u00e9gant, moderne, votre site sera magnifique sur n&rsquo;importe quel appareil. Struct offre des dispositions uniques, des options de couleurs personnalisables et des fonctionnalit\u00e9s conviviales de r\u00e9f\u00e9rencement. Il offre \u00e9galement une compatibilit\u00e9 avec les plugins populaires, garantissant que votre site Web fonctionne bien. Ce th\u00e8me WordPress est incroyablement convivial, ce qui vous permet de g\u00e9rer facilement votre site Web. Avec Struct, vous pouvez facilement int\u00e9grer votre marque et pr\u00e9senter vos services de la mani\u00e8re la plus professionnelle. De plus, vous appr\u00e9cierez le support client de premier ordre de CSS Igniter, si vous avez besoin d&rsquo;aide. Choisissez le th\u00e8me Struct WordPress pour une pr\u00e9sence en ligne fonctionnelle, impressionnante et efficace.<\/p>\n","protected":false},"featured_media":143491,"comment_status":"open","ping_status":"open","template":"","meta":[],"product_brand":[2499],"product_cat":[1242,1212,1213],"product_tag":[2187],"class_list":{"0":"post-121361","1":"product","2":"type-product","3":"status-publish","4":"has-post-thumbnail","6":"product_brand-css-igniter","7":"product_cat-creatif","8":"product_cat-themes","9":"product_cat-wordpress-themes","10":"product_tag-css-igniter","11":"member-discount","12":"discount-restricted","14":"first","15":"instock","16":"sale","17":"downloadable","18":"virtual","19":"sold-individually","20":"purchasable","21":"product-type-simple"},"_links":{"self":[{"href":"https:\/\/gpl-love.com\/fr\/wp-json\/wp\/v2\/product\/121361","targetHints":{"allow":["GET"]}}],"collection":[{"href":"https:\/\/gpl-love.com\/fr\/wp-json\/wp\/v2\/product"}],"about":[{"href":"https:\/\/gpl-love.com\/fr\/wp-json\/wp\/v2\/types\/product"}],"replies":[{"embeddable":true,"href":"https:\/\/gpl-love.com\/fr\/wp-json\/wp\/v2\/comments?post=121361"}],"wp:featuredmedia":[{"embeddable":true,"href":"https:\/\/gpl-love.com\/fr\/wp-json\/wp\/v2\/media\/143491"}],"wp:attachment":[{"href":"https:\/\/gpl-love.com\/fr\/wp-json\/wp\/v2\/media?parent=121361"}],"wp:term":[{"taxonomy":"product_brand","embeddable":true,"href":"https:\/\/gpl-love.com\/fr\/wp-json\/wp\/v2\/product_brand?post=121361"},{"taxonomy":"product_cat","embeddable":true,"href":"https:\/\/gpl-love.com\/fr\/wp-json\/wp\/v2\/product_cat?post=121361"},{"taxonomy":"product_tag","embeddable":true,"href":"https:\/\/gpl-love.com\/fr\/wp-json\/wp\/v2\/product_tag?post=121361"}],"curies":[{"name":"wp","href":"https:\/\/api.w.org\/{rel}","templated":true}]}}