{"id":121359,"date":"2025-09-24T00:00:00","date_gmt":"2025-09-23T22:00:00","guid":{"rendered":"https:\/\/gpl-love.com\/fr\/produit\/css-igniter-spencer-wordpress-theme\/"},"modified":"2026-03-20T23:00:06","modified_gmt":"2026-03-20T22:00:06","slug":"css-igniter-spencer-wordpress-theme","status":"publish","type":"product","link":"https:\/\/gpl-love.com\/fr\/produit\/css-igniter-spencer-wordpress-theme\/","title":{"rendered":"CSS Igniter Spencer WordPress Theme 1.3.4"},"content":{"rendered":"<h3>CSS Igniter Spencer WordPress Theme Traits<\/h3>\n<p>Le th\u00e8me WordPress de CSS Igniter Spencer est un th\u00e8me extraordinairement \u00e9l\u00e9gant et incroyablement moderne qui est exceptionnellement bien adapt\u00e9 pour un large \u00e9ventail d&rsquo;individus, y compris, mais sans s&rsquo;y limiter, les blogueurs, les photographes et les concepteurs. En int\u00e9grant de mani\u00e8re transparente un design minimaliste et une disposition remarquablement r\u00e9active, Spencer pr\u00e9sente astucieusement votre contenu pr\u00e9cieux d&rsquo;une mani\u00e8re impeccablement propre et remarquablement organis\u00e9e qui est \u00e0 la fois facile \u00e0 lire sans effort et sans effort \u00e0 naviguer. En outre, il poss\u00e8de une pl\u00e9thore d&rsquo;options de mise en page personnalisables, un panneau d&rsquo;options de th\u00e8me \u00e9tonnamment puissant et une vaste s\u00e9lection de mod\u00e8les de pages pr\u00e9-con\u00e7us, qui se combinent tous pour faciliter un processus de configuration significativement plus rapide. De plus, ce th\u00e8me exceptionnellement polyvalent offre une prise en charge compl\u00e8te pour une vari\u00e9t\u00e9 de plugins extr\u00eamement populaires, y compris, mais sans s&rsquo;y limiter, WooCommerce, Jetpack et Contact Form 7, fournissant ainsi aux utilisateurs un niveau de fonctionnalit\u00e9 largement am\u00e9lior\u00e9 et largement augment\u00e9. En fin de compte, avec Spencer \u00e0 votre disposition, vous poss\u00e9dez la capacit\u00e9 in\u00e9gal\u00e9e \u00e0 cr\u00e9er un site Web vraiment professionnel qui non seulement pr\u00e9sente efficacement votre travail exceptionnellement impressionnant, mais laisse \u00e9galement une impression ind\u00e9l\u00e9bile et ind\u00e9niablement positive sur chacun de vos estim\u00e9s visiteurs.<\/p>\n<ul>\n<li>Design \u00e9l\u00e9gant et moderne avec une sensation minimaliste<\/li>\n<li>Enti\u00e8rement r\u00e9actif et convivial<\/li>\n<li>Comprend 12 dispositions de page d&rsquo;accueil personnalisables et plusieurs mod\u00e8les de pages<\/li>\n<li>Facile \u00e0 utiliser Drag and Drop Page Builder<\/li>\n<li>Sch\u00e9mas de couleurs personnalisables et options de typographie<\/li>\n<li>WooCommerce compatible pour cr\u00e9er de superbes magasins en ligne<\/li>\n<li>Panneau d&rsquo;options de th\u00e8me avanc\u00e9 pour une personnalisation facile<\/li>\n<li>Comprend du contenu de d\u00e9monstration et une installation en un clic<\/li>\n<li>Compatible avec tous les principaux navigateurs<\/li>\n<li>Mises \u00e0 jour r\u00e9guli\u00e8res et excellent support client<\/li>\n<li>Traduction pr\u00eate pour le public mondial<\/li>\n<li>SEO optimis\u00e9 pour les classements plus \u00e9lev\u00e9s sur les moteurs de recherche<\/li>\n<\/ul>\n","protected":false},"excerpt":{"rendered":"<p>Pr\u00e9sentation du th\u00e8me WordPress de CSS Igniter Spencer &#8211; une solution id\u00e9ale pour les blogueurs, les entrepreneurs et les entreprises \u00e0 la recherche d&rsquo;une impressionnante pr\u00e9sence en ligne. Ce th\u00e8me WordPress est construit en mettant l&rsquo;accent sur la polyvalence et la facilit\u00e9 d&rsquo;utilisation, parfaits pour ceux qui cherchent \u00e0 pr\u00e9senter leur marque d&rsquo;une mani\u00e8re professionnelle et captivante. En vedette avec une conception r\u00e9active, le th\u00e8me Spencer WordPress offre une excellente exp\u00e9rience utilisateur sur n&rsquo;importe quel appareil, en vous assurant que votre site Web a l&rsquo;air super, consult\u00e9 sur un bureau, une tablette ou un mobile. Le th\u00e8me est \u00e9galement livr\u00e9 avec une pl\u00e9thore d&rsquo;options personnalisables, vous permettant de concevoir votre site pour s&rsquo;adapter \u00e0 votre identit\u00e9 de marque unique. Avec le th\u00e8me CSS Igniter Spencer WordPress, vous avez \u00e9galement acc\u00e8s au support client de premier ordre pour vous aider avec tout probl\u00e8me ou requ\u00eate. Mettez \u00e0 niveau votre site Web avec le th\u00e8me Spencer WordPress et profitez des avantages d&rsquo;une plate-forme en ligne premium, conviviale et \u00e9l\u00e9gante.<\/p>\n","protected":false},"featured_media":143490,"comment_status":"open","ping_status":"open","template":"","meta":[],"product_brand":[2499],"product_cat":[1516,1212,1213],"product_tag":[2187],"class_list":{"0":"post-121359","1":"product","2":"type-product","3":"status-publish","4":"has-post-thumbnail","6":"product_brand-css-igniter","7":"product_cat-entreprise","8":"product_cat-themes","9":"product_cat-wordpress-themes","10":"product_tag-css-igniter","11":"member-discount","12":"discount-restricted","14":"first","15":"instock","16":"sale","17":"downloadable","18":"virtual","19":"sold-individually","20":"purchasable","21":"product-type-simple"},"_links":{"self":[{"href":"https:\/\/gpl-love.com\/fr\/wp-json\/wp\/v2\/product\/121359","targetHints":{"allow":["GET"]}}],"collection":[{"href":"https:\/\/gpl-love.com\/fr\/wp-json\/wp\/v2\/product"}],"about":[{"href":"https:\/\/gpl-love.com\/fr\/wp-json\/wp\/v2\/types\/product"}],"replies":[{"embeddable":true,"href":"https:\/\/gpl-love.com\/fr\/wp-json\/wp\/v2\/comments?post=121359"}],"wp:featuredmedia":[{"embeddable":true,"href":"https:\/\/gpl-love.com\/fr\/wp-json\/wp\/v2\/media\/143490"}],"wp:attachment":[{"href":"https:\/\/gpl-love.com\/fr\/wp-json\/wp\/v2\/media?parent=121359"}],"wp:term":[{"taxonomy":"product_brand","embeddable":true,"href":"https:\/\/gpl-love.com\/fr\/wp-json\/wp\/v2\/product_brand?post=121359"},{"taxonomy":"product_cat","embeddable":true,"href":"https:\/\/gpl-love.com\/fr\/wp-json\/wp\/v2\/product_cat?post=121359"},{"taxonomy":"product_tag","embeddable":true,"href":"https:\/\/gpl-love.com\/fr\/wp-json\/wp\/v2\/product_tag?post=121359"}],"curies":[{"name":"wp","href":"https:\/\/api.w.org\/{rel}","templated":true}]}}