{"id":121357,"date":"2025-09-24T00:00:00","date_gmt":"2025-09-23T22:00:00","guid":{"rendered":"https:\/\/gpl-love.com\/fr\/produit\/css-igniter-specialty-wordpress-theme\/"},"modified":"2026-03-20T23:00:05","modified_gmt":"2026-03-20T22:00:05","slug":"css-igniter-specialty-wordpress-theme","status":"publish","type":"product","link":"https:\/\/gpl-love.com\/fr\/produit\/css-igniter-specialty-wordpress-theme\/","title":{"rendered":"CSS Igniter Specialty WordPress Theme 1.2.3"},"content":{"rendered":"<h3>CSS Igniter Specialty WordPress Theme Traits<\/h3>\n<p>Le th\u00e8me WordPress sp\u00e9cialis\u00e9 CSS Igniter Specialty est un th\u00e8me WordPress premium exceptionnel qui a \u00e9t\u00e9 m\u00e9ticuleusement con\u00e7u pour fournir \u00e0 votre site Web une apparence exquise et sophistiqu\u00e9e. Ce th\u00e8me remarquable offre une vaste gamme de possibilit\u00e9s de personnalisation, vous accordant la possibilit\u00e9 de fa\u00e7onner un site Web extraordinaire et sur mesure qui s&rsquo;aligne parfaitement sur l&rsquo;essence de votre marque. B\u00e9n\u00e9ficiant d&rsquo;un design \u00e9l\u00e9gant et contemporain, ce th\u00e8me est la quintessence de la perfection lorsqu&rsquo;il s&rsquo;agit de pr\u00e9senter votre portefeuille, blog ou votre entreprise. De plus, il est pleinement r\u00e9actif, garantissant que votre site Web d\u00e9gage l&rsquo;excellence et le charme de tous les appareils. Que vous poss\u00e9diez un niveau d&rsquo;expertise novice ou avanc\u00e9 dans le d\u00e9veloppement Web, le th\u00e8me WordPress sp\u00e9cialis\u00e9 CSS Igniter est sans \u00e9quivoque le choix optimal pour fa\u00e7onner un site Web captivant et impressionnant.<\/p>\n<ul>\n<li>Design beau et moderne avec de nombreuses options de mise en page<\/li>\n<li>Enti\u00e8rement r\u00e9actif, garantir que votre site a fi\u00e8re allure sur n&rsquo;importe quel appareil<\/li>\n<li>Widgets personnalis\u00e9s et shortcodes pour des fonctionnalit\u00e9s et une flexibilit\u00e9 de conception suppl\u00e9mentaires<\/li>\n<li>Plusieurs sch\u00e9mas de couleurs et options de police pour rendre votre site unique<\/li>\n<li>Panneau d&rsquo;options faciles \u00e0 utiliser pour la personnalisation rapide et les mises \u00e0 jour<\/li>\n<li>Documentation compl\u00e8te et prise en charge de l&rsquo;installation et de l&rsquo;utilisation du th\u00e8me fluide<\/li>\n<li>Mises \u00e0 jour r\u00e9guli\u00e8res et correctifs de bogues pour assurer une compatibilit\u00e9 continue avec les mises \u00e0 jour WordPress<\/li>\n<li>Optimis\u00e9 pour la vitesse et le r\u00e9f\u00e9rencement pour de meilleures performances du site et la visibilit\u00e9 des moteurs de recherche<\/li>\n<li>Compatible avec des plugins populaires tels que WooCommerce pour une int\u00e9gration de commerce \u00e9lectronique facile<\/li>\n<li>Mod\u00e8les de page pr\u00e9d\u00e9finis pour une cr\u00e9ation facile de pages essentielles telles que sur, le contact et les prix.<\/li>\n<\/ul>\n","protected":false},"excerpt":{"rendered":"<p>D\u00e9couvrez le niveau suivant dans la conception du site Web avec le th\u00e8me WordPress sp\u00e9cialis\u00e9 CSS Igniter Specialty. Ce th\u00e8me innovant est con\u00e7u avec les blogueurs, les pigistes et les propri\u00e9taires de petites entreprises. C&rsquo;est un design r\u00e9actif qui a fi\u00e8re allure sur n&rsquo;importe quel appareil, en veillant \u00e0 ce que votre site soit toujours le meilleur. Le th\u00e8me de sp\u00e9cialit\u00e9 CSS Igniter est rempli de fonctionnalit\u00e9s utiles telles que l&rsquo;optimisation du r\u00e9f\u00e9rencement, une interface conviviale, des param\u00e8tres personnalisables et des performances \u00e0 grande vitesse. De plus, il est compatible avec Gutenberg, vous donnant la libert\u00e9 de cr\u00e9er un site unique, engageant et enti\u00e8rement fonctionnel. Que vous soyez novice ou v\u00e9t\u00e9ran, le th\u00e8me WordPress sp\u00e9cialis\u00e9 CSS Igniter Specialty rend la cr\u00e9ation de sites Web facile et amusante. Profitez des avantages du support client haut de gamme, des mises \u00e0 jour r\u00e9guli\u00e8res et un processus de conception simplifi\u00e9. Transformez votre site Web en un puissant outil de marketing avec le th\u00e8me WordPress sp\u00e9cialis\u00e9 CSS Igniter.<\/p>\n","protected":false},"featured_media":143489,"comment_status":"open","ping_status":"open","template":"","meta":[],"product_brand":[2499],"product_cat":[1242,1212,1213],"product_tag":[2187],"class_list":{"0":"post-121357","1":"product","2":"type-product","3":"status-publish","4":"has-post-thumbnail","6":"product_brand-css-igniter","7":"product_cat-creatif","8":"product_cat-themes","9":"product_cat-wordpress-themes","10":"product_tag-css-igniter","11":"member-discount","12":"discount-restricted","14":"first","15":"instock","16":"sale","17":"downloadable","18":"virtual","19":"sold-individually","20":"purchasable","21":"product-type-simple"},"_links":{"self":[{"href":"https:\/\/gpl-love.com\/fr\/wp-json\/wp\/v2\/product\/121357","targetHints":{"allow":["GET"]}}],"collection":[{"href":"https:\/\/gpl-love.com\/fr\/wp-json\/wp\/v2\/product"}],"about":[{"href":"https:\/\/gpl-love.com\/fr\/wp-json\/wp\/v2\/types\/product"}],"replies":[{"embeddable":true,"href":"https:\/\/gpl-love.com\/fr\/wp-json\/wp\/v2\/comments?post=121357"}],"wp:featuredmedia":[{"embeddable":true,"href":"https:\/\/gpl-love.com\/fr\/wp-json\/wp\/v2\/media\/143489"}],"wp:attachment":[{"href":"https:\/\/gpl-love.com\/fr\/wp-json\/wp\/v2\/media?parent=121357"}],"wp:term":[{"taxonomy":"product_brand","embeddable":true,"href":"https:\/\/gpl-love.com\/fr\/wp-json\/wp\/v2\/product_brand?post=121357"},{"taxonomy":"product_cat","embeddable":true,"href":"https:\/\/gpl-love.com\/fr\/wp-json\/wp\/v2\/product_cat?post=121357"},{"taxonomy":"product_tag","embeddable":true,"href":"https:\/\/gpl-love.com\/fr\/wp-json\/wp\/v2\/product_tag?post=121357"}],"curies":[{"name":"wp","href":"https:\/\/api.w.org\/{rel}","templated":true}]}}