{"id":121355,"date":"2023-01-28T00:00:00","date_gmt":"2023-01-27T23:00:00","guid":{"rendered":"https:\/\/gpl-love.com\/fr\/produit\/css-igniter-space9-wordpress-theme\/"},"modified":"2026-03-20T23:00:04","modified_gmt":"2026-03-20T22:00:04","slug":"css-igniter-space9-wordpress-theme","status":"publish","type":"product","link":"https:\/\/gpl-love.com\/fr\/produit\/css-igniter-space9-wordpress-theme\/","title":{"rendered":"CSS Igniter Space9 WordPress Theme 2.5.3"},"content":{"rendered":"<h3>CSS Igniter Space9 WordPress Theme Traits<\/h3>\n<p>Le th\u00e8me WordPress CSS Igniter Space9, r\u00e9put\u00e9 pour son esth\u00e9tique \u00e9l\u00e9gante et moderne, sert de mod\u00e8le impeccable sur mesure sp\u00e9cifiquement pour les professionnels cr\u00e9atifs exigeants aspirant \u00e0 exposer leurs prouesses artistiques. Sa conception minimaliste met effectivement l&rsquo;accent mis sur les \u00e9l\u00e9ments visuels, permettant ainsi une personnalisation transparente gr\u00e2ce \u00e0 l&rsquo;utilisation de son constructeur de pages glisser-d\u00e9coller convivial. De plus, sa r\u00e9activit\u00e9 in\u00e9gal\u00e9e permet au th\u00e8me de s&rsquo;adapter de mani\u00e8re transparente \u00e0 n&rsquo;importe quelle taille d&rsquo;\u00e9cran, garantissant ainsi une exp\u00e9rience de vision optimale sur une myriade d&rsquo;appareils. De plus, le th\u00e8me poss\u00e8de un \u00e9ventail de fonctionnalit\u00e9s remarquables, y compris, mais sans s&rsquo;y limiter, des widgets personnalisables, une int\u00e9gration transparente avec diverses plateformes de m\u00e9dias sociaux et une vaste s\u00e9lection d&rsquo;options de mise en page. Que sa passion r\u00e9side dans le domaine de la photographie, du design ou m\u00eame des blogs, le th\u00e8me CSS Igniter Space9 WordPress repr\u00e9sente sans \u00e9quivoque la plate-forme par excellence pour cr\u00e9er un site Web magnifiquement captivant.<\/p>\n<ul>\n<li>Un th\u00e8me WordPress \u00e9l\u00e9gant et moderne con\u00e7u pour une vari\u00e9t\u00e9 d&rsquo;utilisations<\/li>\n<li>Construit avec une conception r\u00e9active, en vous assurant que votre site Web a fi\u00e8re allure sur n&rsquo;importe quel appareil<\/li>\n<li>Les mod\u00e8les de pages et les options de mise en page permettent la personnalisation et la flexibilit\u00e9<\/li>\n<li>Le panneau d&rsquo;options de th\u00e8me facile \u00e0 utiliser permet une personnalisation et un contr\u00f4le sans effort sur l&rsquo;apparence de votre site<\/li>\n<li>Int\u00e9gration avec les plugins et widgets WordPress populaires, tels que WooCommerce et Formulaire de contact 7<\/li>\n<li>Conception pr\u00eate pour le SEO avec des fonctionnalit\u00e9s d&rsquo;optimisation int\u00e9gr\u00e9es pour aider votre site \u00e0 se classer plus haut dans les r\u00e9sultats des moteurs de recherche<\/li>\n<li>Pr\u00eate pour la traduction avec le support de plusieurs langues, ce qui rend votre site accessible \u00e0 un public mondial<\/li>\n<li>Mises \u00e0 jour r\u00e9guli\u00e8res et support technique de l&rsquo;\u00e9quipe CSS Igniter pour s&rsquo;assurer que votre site continue de fonctionner en douceur au fil du temps.<\/li>\n<li>Optimisation rapide de la vitesse de chargement de la page, garantissant que les utilisateurs n&rsquo;ont pas \u00e0 attendre longtemps pour voir le contenu sur site.<\/li>\n<\/ul>\n","protected":false},"excerpt":{"rendered":"<p>D\u00e9couvrez le potentiel de votre pr\u00e9sence en ligne avec le th\u00e8me WordPress CSS Igniter Space9. Con\u00e7u pour les entreprises et les professionnels de la cr\u00e9ation, ce th\u00e8me WordPress dynamique regorge de fonctionnalit\u00e9s pour \u00e9lever l&rsquo;esth\u00e9tique et les fonctionnalit\u00e9s de votre site Web.<\/p>\n<p>Le th\u00e8me Space9 pr\u00e9sente une disposition robuste, parfaite pour pr\u00e9senter vos produits ou services, accompagn\u00e9 d&rsquo;une puissante page d&rsquo;accueil wigettisable enti\u00e8rement personnalisable. L&rsquo;interface facile \u00e0 naviguer assure une exp\u00e9rience utilisateur transparente, tandis que la conception r\u00e9active s&rsquo;adapte parfaitement \u00e0 n&rsquo;importe quel appareil, offrant une visualisation optimale sur les plates-formes.<\/p>\n<p>Le th\u00e8me Space9 de CSS Igniter comprend \u00e9galement la prise en charge de WooCommerce, ce qui en fait un jeu d&rsquo;enfant pour mettre en place une boutique en ligne. Sa structure conviviale pour le r\u00e9f\u00e9rencement signifie une meilleure visibilit\u00e9 pour votre marque sur les moteurs de recherche, ce qui entra\u00eene une augmentation du trafic et des clients potentiels.<\/p>\n<p>Avec sa conception propre, ses fonctionnalit\u00e9s personnalisables et ses outils ax\u00e9s sur les entreprises, le th\u00e8me Space9 WordPress de CSS Igniter offre une solution polyvalente et compl\u00e8te pour cr\u00e9er une pr\u00e9sence en ligne dynamique. Ne limitez pas le potentiel de votre site Web; Ignite-le avec CSS Igniter Space9 WordPress Th\u00e8me.<\/p>\n","protected":false},"featured_media":143488,"comment_status":"open","ping_status":"open","template":"","meta":[],"product_brand":[2499],"product_cat":[1516,1212,1213],"product_tag":[2187],"class_list":{"0":"post-121355","1":"product","2":"type-product","3":"status-publish","4":"has-post-thumbnail","6":"product_brand-css-igniter","7":"product_cat-entreprise","8":"product_cat-themes","9":"product_cat-wordpress-themes","10":"product_tag-css-igniter","11":"member-discount","12":"discount-restricted","14":"first","15":"instock","16":"sale","17":"downloadable","18":"virtual","19":"sold-individually","20":"purchasable","21":"product-type-simple"},"_links":{"self":[{"href":"https:\/\/gpl-love.com\/fr\/wp-json\/wp\/v2\/product\/121355","targetHints":{"allow":["GET"]}}],"collection":[{"href":"https:\/\/gpl-love.com\/fr\/wp-json\/wp\/v2\/product"}],"about":[{"href":"https:\/\/gpl-love.com\/fr\/wp-json\/wp\/v2\/types\/product"}],"replies":[{"embeddable":true,"href":"https:\/\/gpl-love.com\/fr\/wp-json\/wp\/v2\/comments?post=121355"}],"wp:featuredmedia":[{"embeddable":true,"href":"https:\/\/gpl-love.com\/fr\/wp-json\/wp\/v2\/media\/143488"}],"wp:attachment":[{"href":"https:\/\/gpl-love.com\/fr\/wp-json\/wp\/v2\/media?parent=121355"}],"wp:term":[{"taxonomy":"product_brand","embeddable":true,"href":"https:\/\/gpl-love.com\/fr\/wp-json\/wp\/v2\/product_brand?post=121355"},{"taxonomy":"product_cat","embeddable":true,"href":"https:\/\/gpl-love.com\/fr\/wp-json\/wp\/v2\/product_cat?post=121355"},{"taxonomy":"product_tag","embeddable":true,"href":"https:\/\/gpl-love.com\/fr\/wp-json\/wp\/v2\/product_tag?post=121355"}],"curies":[{"name":"wp","href":"https:\/\/api.w.org\/{rel}","templated":true}]}}