{"id":121353,"date":"2023-01-28T00:00:00","date_gmt":"2023-01-27T23:00:00","guid":{"rendered":"https:\/\/gpl-love.com\/fr\/produit\/css-igniter-sessions-wordpress-theme\/"},"modified":"2026-03-20T23:00:03","modified_gmt":"2026-03-20T22:00:03","slug":"css-igniter-sessions-wordpress-theme","status":"publish","type":"product","link":"https:\/\/gpl-love.com\/fr\/produit\/css-igniter-sessions-wordpress-theme\/","title":{"rendered":"CSS Igniter Sessions WordPress Theme 1.12.10"},"content":{"rendered":"<h3>CSS Igniter Sessions WordPress Theme Traits<\/h3>\n<p>Le th\u00e8me WordPress de CSS Igniter Sessions, avec sa nature \u00e9tonnante et polyvalente, offre aux utilisateurs la possibilit\u00e9 de cr\u00e9er un site Web impressionnant qui est \u00e0 la fois visuellement attrayant et tr\u00e8s fonctionnel. B\u00e9n\u00e9ficiant d&rsquo;une disposition propre et minimaliste, ce th\u00e8me est id\u00e9al pour les particuliers ou les entreprises qui cherchent \u00e0 pr\u00e9senter leurs blogs, portefeuilles ou photographies de mani\u00e8re esth\u00e9tique. L&rsquo;une de ses fonctionnalit\u00e9s remarquables est la page d&rsquo;accueil personnalisable, qui permet aux utilisateurs d&rsquo;afficher leur contenu de mani\u00e8re visuellement captivante. De plus, ce th\u00e8me offre une myriade d&rsquo;options de personnalisation, telles que plusieurs sch\u00e9mas de couleurs, des widgets personnalis\u00e9s et un panneau d&rsquo;options de th\u00e8me puissant, permettant aux utilisateurs d&rsquo;adapter leur site Web \u00e0 leurs pr\u00e9f\u00e9rences et besoins uniques. En outre, la conception r\u00e9active garantit que le site Web maintient son int\u00e9grit\u00e9 visuelle sur tous les appareils, quelle que soit la taille de l&rsquo;\u00e9cran. De plus, la fonction d&rsquo;optimisation du r\u00e9f\u00e9rencement int\u00e9gr\u00e9e garantit que le site Web est facilement d\u00e9couvrable par les moteurs de recherche, augmentant ainsi sa visibilit\u00e9 et sa port\u00e9e. Dans l&rsquo;ensemble, le th\u00e8me WordPress des s\u00e9ances d&rsquo;allumage CSS est la quintessence de l&rsquo;excellence, combinant des fonctionnalit\u00e9s exceptionnelles avec des fonctionnalit\u00e9s conviviales, ce qui en fait un choix optimal pour les personnes cherchant \u00e0 construire un site Web professionnel et visuellement captivant.<\/p>\n<ul>\n<li>Disposition enti\u00e8rement r\u00e9active qui a fi\u00e8re allure sur tous les appareils<\/li>\n<li>Options d&rsquo;en-t\u00eate et de pied de page int\u00e9gr\u00e9es pour une personnalisation facile<\/li>\n<li>Plusieurs dispositions de page d&rsquo;accueil au choix<\/li>\n<li>Disposages de blog personnalisables<\/li>\n<li>Widgets personnalis\u00e9s et shortcodes pour des fonctionnalit\u00e9s suppl\u00e9mentaires<\/li>\n<li>SEO optimis\u00e9 pour une meilleure visibilit\u00e9 sur les moteurs de recherche<\/li>\n<li>Panneau d&rsquo;options de th\u00e8me facile \u00e0 utiliser pour une personnalisation rapide<\/li>\n<li>Mises \u00e0 jour et assistance gratuites pour un an apr\u00e8s l&rsquo;achat<\/li>\n<li>Compatible avec les plugins WordPress populaires tels que les formulaires WooCommerce et Gravity<\/li>\n<li>Vitesses de chargement rapide pour une am\u00e9lioration de l&rsquo;exp\u00e9rience utilisateur.<\/li>\n<\/ul>\n","protected":false},"excerpt":{"rendered":"<p>Le th\u00e8me WordPress des s\u00e9ances d&rsquo;allumage CSS est un produit premium con\u00e7u avec des professionnels de la musique \u00e0 l&rsquo;esprit. En tant que th\u00e8me WordPress de pointe, il offre un design \u00e9l\u00e9gant et r\u00e9actif qui fonctionne bien sur tous les appareils. Ce th\u00e8me est parfait pour les musiciens, les DJ, les organisateurs d&rsquo;\u00e9v\u00e9nements, les bo\u00eetes de nuit et toute personne dans l&rsquo;industrie de la musique qui cherche \u00e0 cr\u00e9er une pr\u00e9sence en ligne impressionnante. Avec un lecteur audio robuste, vous pouvez facilement pr\u00e9senter vos morceaux musicaux, vos albums et vos listes de lecture. Le th\u00e8me comprend \u00e9galement une vari\u00e9t\u00e9 d&rsquo;options de personnalisation, vous permettant de modifier le design pour correspondre \u00e0 votre style unique et \u00e0 votre identit\u00e9 de marque. Les autres fonctionnalit\u00e9s cl\u00e9s incluent un puissant syst\u00e8me de gestion d&rsquo;\u00e9v\u00e9nements, l&rsquo;int\u00e9gration WooCommerce pour la vente de marchandises et l&rsquo;optimisation du r\u00e9f\u00e9rencement pour aider \u00e0 accro\u00eetre votre visibilit\u00e9 en ligne. Avec le th\u00e8me WordPress des s\u00e9ances d&rsquo;allumage CSS, vous pouvez cr\u00e9er un site Web \u00e9tonnant et professionnel qui met vraiment en \u00e9vidence votre musique et s&rsquo;engage avec votre public.<\/p>\n","protected":false},"featured_media":143487,"comment_status":"open","ping_status":"open","template":"","meta":[],"product_brand":[2499],"product_cat":[1242,1212,1213],"product_tag":[2187],"class_list":{"0":"post-121353","1":"product","2":"type-product","3":"status-publish","4":"has-post-thumbnail","6":"product_brand-css-igniter","7":"product_cat-creatif","8":"product_cat-themes","9":"product_cat-wordpress-themes","10":"product_tag-css-igniter","11":"member-discount","12":"discount-restricted","14":"first","15":"instock","16":"sale","17":"downloadable","18":"virtual","19":"sold-individually","20":"purchasable","21":"product-type-simple"},"_links":{"self":[{"href":"https:\/\/gpl-love.com\/fr\/wp-json\/wp\/v2\/product\/121353","targetHints":{"allow":["GET"]}}],"collection":[{"href":"https:\/\/gpl-love.com\/fr\/wp-json\/wp\/v2\/product"}],"about":[{"href":"https:\/\/gpl-love.com\/fr\/wp-json\/wp\/v2\/types\/product"}],"replies":[{"embeddable":true,"href":"https:\/\/gpl-love.com\/fr\/wp-json\/wp\/v2\/comments?post=121353"}],"wp:featuredmedia":[{"embeddable":true,"href":"https:\/\/gpl-love.com\/fr\/wp-json\/wp\/v2\/media\/143487"}],"wp:attachment":[{"href":"https:\/\/gpl-love.com\/fr\/wp-json\/wp\/v2\/media?parent=121353"}],"wp:term":[{"taxonomy":"product_brand","embeddable":true,"href":"https:\/\/gpl-love.com\/fr\/wp-json\/wp\/v2\/product_brand?post=121353"},{"taxonomy":"product_cat","embeddable":true,"href":"https:\/\/gpl-love.com\/fr\/wp-json\/wp\/v2\/product_cat?post=121353"},{"taxonomy":"product_tag","embeddable":true,"href":"https:\/\/gpl-love.com\/fr\/wp-json\/wp\/v2\/product_tag?post=121353"}],"curies":[{"name":"wp","href":"https:\/\/api.w.org\/{rel}","templated":true}]}}