{"id":121349,"date":"2022-02-11T00:00:00","date_gmt":"2022-02-10T23:00:00","guid":{"rendered":"https:\/\/gpl-love.com\/fr\/produit\/mythemeshop-risen-wordpress-theme\/"},"modified":"2026-04-10T18:33:12","modified_gmt":"2026-04-10T16:33:12","slug":"mythemeshop-risen-wordpress-theme","status":"publish","type":"product","link":"https:\/\/gpl-love.com\/fr\/produit\/mythemeshop-risen-wordpress-theme\/","title":{"rendered":"MyThemeShop Risen WordPress Theme 1.1.3"},"content":{"rendered":"<h3>MyThemeShop Risen WordPress Theme Traits<\/h3>\n<p>Le th\u00e8me WordPress Risen, d\u00e9velopp\u00e9 par MyTheShop, est un th\u00e8me tr\u00e8s polyvalent et contemporain qui a \u00e9t\u00e9 m\u00e9ticuleusement con\u00e7u pour r\u00e9pondre aux besoins des blogueurs, des sites de nouvelles et des magazines en ligne. Ce th\u00e8me remarquable poss\u00e8de une vaste gamme d&rsquo;options de personnalisation qui captiveront sans aucun doute les utilisateurs les plus exigeants. Parmi ses nombreuses fonctionnalit\u00e9s notables figurent les sch\u00e9mas de couleurs illimit\u00e9s, les diverses options de mise en page et les widgets qui peuvent \u00eatre personnalis\u00e9s en fonction de ses pr\u00e9f\u00e9rences. En outre, la conception r\u00e9active du th\u00e8me garantit que l&rsquo;apparence du site Web reste impeccable sur tous les appareils, tandis que son int\u00e9gration transparente avec diverses plateformes de m\u00e9dias sociaux facilite le partage sans effort du contenu. De plus, l&rsquo;inclusion d&rsquo;un panneau d&rsquo;options puissant, d&rsquo;une multitude de widgets personnalis\u00e9s et d&rsquo;un assortiment de codes \u00e0 short collaborent tous harmonieusement pour permettre la cr\u00e9ation d&rsquo;un site Web distinctif et captivant. Par cons\u00e9quent, que l&rsquo;on se lance dans une nouvelle entreprise de blogs ou cherche \u00e0 am\u00e9liorer une pr\u00e9sence en ligne existante, le th\u00e8me WordPress RISEN est incontestablement comme un choix exceptionnel capable de donner \u00e0 la fois le style et la fonctionnalit\u00e9 sur n&rsquo;importe quel site Web WordPress.<\/p>\n<ul>\n<li>Conception enti\u00e8rement r\u00e9active, assurer une grande exp\u00e9rience sur tous les appareils<\/li>\n<li>Optimis\u00e9 pour le r\u00e9f\u00e9rencement, aidant votre site \u00e0 se classer plus haut dans les moteurs de recherche<\/li>\n<li>Une vari\u00e9t\u00e9 d&rsquo;options de personnalisation, vous permettant de rendre votre site unique<\/li>\n<li>Panneau d&rsquo;options de th\u00e8me puissant, offrant un contr\u00f4le facile sur l&rsquo;apparence et la fonctionnalit\u00e9 de votre site<\/li>\n<li>WooCommerce pr\u00eat, ce qui facilite la configuration d&rsquo;une boutique en ligne<\/li>\n<li>Comprend une gamme de widgets personnalisables, tels que les publications populaires et les ic\u00f4nes des m\u00e9dias sociaux, vous permettant d&rsquo;ajouter facilement du contenu \u00e0 votre site<\/li>\n<li>Rapide et l\u00e9ger, assurant un site Web rapide qui ne ralentit pas vos visiteurs<\/li>\n<li>Mises \u00e0 jour r\u00e9guli\u00e8res et excellent soutien, vous donnant la tranquillit\u00e9 d&rsquo;esprit en sachant que vous avez acc\u00e8s \u00e0 l&rsquo;aide en cas de besoin.<\/li>\n<\/ul>\n","protected":false},"excerpt":{"rendered":"<p>Le th\u00e8me WordPress Risen, d\u00e9velopp\u00e9 par MyTheShop, poss\u00e8de la capacit\u00e9 remarquable de faciliter sans effort la cr\u00e9ation d&rsquo;un site Web visuellement splendide et extr\u00eamement fonctionnel. Abondamment \u00e9quip\u00e9 d&rsquo;une gamme de fonctionnalit\u00e9s personnalisables et d&rsquo;\u00e9l\u00e9ments de conception, ce th\u00e8me vous accorde la capacit\u00e9 in\u00e9gal\u00e9e \u00e0 pr\u00e9senter votre contenu d&rsquo;une mani\u00e8re qui r\u00e9sonne vraiment avec votre public cible. Que vous vous identifiiez comme un blogueur, un sp\u00e9cialiste du marketing ou un entrepreneur, il est entendu sans effort vos besoins en vous accordant le don inestimable de flexibilit\u00e9 et de contr\u00f4le, vous permettant ainsi d&rsquo;animer votre site Web, y respirant la vie. En vertu de son code immacul\u00e9 et de ses temps de chargement rapides, vous pouvez vous pr\u00e9lasser dans la connaissance que votre site Web pr\u00e9sentera perp\u00e9tuellement les performances de pointe. Opter pour Risen est synonyme d&rsquo;\u00e9l\u00e9vation de votre pr\u00e9sence en ligne et de propulser votre site Web \u00e0 des hauteurs jusqu&rsquo;\u00e0 pr\u00e9sent.<\/p>\n","protected":false},"featured_media":144689,"comment_status":"open","ping_status":"open","template":"","meta":[],"product_brand":[2601],"product_cat":[1242,1212,1213],"product_tag":[1309],"class_list":{"0":"post-121349","1":"product","2":"type-product","3":"status-publish","4":"has-post-thumbnail","6":"product_brand-my-theme-shop","7":"product_cat-creatif","8":"product_cat-themes","9":"product_cat-wordpress-themes","10":"product_tag-my-theme-shop","11":"member-discount","12":"discount-restricted","14":"first","15":"instock","16":"sale","17":"downloadable","18":"virtual","19":"sold-individually","20":"purchasable","21":"product-type-simple"},"_links":{"self":[{"href":"https:\/\/gpl-love.com\/fr\/wp-json\/wp\/v2\/product\/121349","targetHints":{"allow":["GET"]}}],"collection":[{"href":"https:\/\/gpl-love.com\/fr\/wp-json\/wp\/v2\/product"}],"about":[{"href":"https:\/\/gpl-love.com\/fr\/wp-json\/wp\/v2\/types\/product"}],"replies":[{"embeddable":true,"href":"https:\/\/gpl-love.com\/fr\/wp-json\/wp\/v2\/comments?post=121349"}],"wp:featuredmedia":[{"embeddable":true,"href":"https:\/\/gpl-love.com\/fr\/wp-json\/wp\/v2\/media\/144689"}],"wp:attachment":[{"href":"https:\/\/gpl-love.com\/fr\/wp-json\/wp\/v2\/media?parent=121349"}],"wp:term":[{"taxonomy":"product_brand","embeddable":true,"href":"https:\/\/gpl-love.com\/fr\/wp-json\/wp\/v2\/product_brand?post=121349"},{"taxonomy":"product_cat","embeddable":true,"href":"https:\/\/gpl-love.com\/fr\/wp-json\/wp\/v2\/product_cat?post=121349"},{"taxonomy":"product_tag","embeddable":true,"href":"https:\/\/gpl-love.com\/fr\/wp-json\/wp\/v2\/product_tag?post=121349"}],"curies":[{"name":"wp","href":"https:\/\/api.w.org\/{rel}","templated":true}]}}