{"id":121308,"date":"2026-05-09T00:00:00","date_gmt":"2026-05-08T22:00:00","guid":{"rendered":"https:\/\/gpl-love.com\/fr\/produit\/woocommerce-germanized-pro\/"},"modified":"2026-05-09T00:30:54","modified_gmt":"2026-05-08T22:30:54","slug":"woocommerce-germanized-pro","status":"publish","type":"product","link":"https:\/\/gpl-love.com\/fr\/produit\/woocommerce-germanized-pro\/","title":{"rendered":"WooCommerce Germanized Pro 4.3.3"},"content":{"rendered":"<h3>WooCommerce Germanized Pro Traits<\/h3>\n<p>WooCommerce Germanized Pro, un plugin complet, m\u00e9ticuleusement con\u00e7u pour aider les entreprises op\u00e9rant en Allemagne, sert de solution fiable pour adh\u00e9rer aux exigences strictes de la l\u00e9gislation allemande concernant les \u00e9tablissements de commerce \u00e9lectronique. Son impressionnante gamme de fonctionnalit\u00e9s englobe la fourniture de textes juridiques personnalis\u00e9s, le calcul de l&rsquo;imp\u00f4t pr\u00e9cis et les options de paiement m\u00e9ticuleusement sur mesure sp\u00e9cialement con\u00e7ues pour r\u00e9pondre aux besoins uniques du march\u00e9 allemand. De plus, ce plugin remarquable va au-del\u00e0 en offrant une myriade de fonctionnalit\u00e9s, y compris la traduction transparente des descriptions de produits, des pages de paiement et des e-mails dans la langue allemande, permettant ainsi aux entreprises de communiquer efficacement avec leurs pr\u00e9cieux clients. En outre, il \u00e9tend son soutien en int\u00e9grant de mani\u00e8re transparente des m\u00e9thodes de paiement allemandes populaires comme Paypal et Sofort, rationalisant ainsi le processus d&rsquo;achat pour les clients et am\u00e9liore leur exp\u00e9rience d&rsquo;achat globale. Essentiellement, WooCommerce Germanized Pro appara\u00eet comme un outil indispensable indispensable aux \u00e9tablissements de commerce \u00e9lectronique op\u00e9rant au sein de l&rsquo;Allemagne, car il garantit effectivement la conformit\u00e9 juridique tout en favorisant simultan\u00e9ment un environnement centr\u00e9 sur le client.<\/p>\n<ul>\n<li>Ajoute une conformit\u00e9 compl\u00e8te aux exigences l\u00e9gales allemandes \u00e0 votre boutique WooCommerce<\/li>\n<li>Affiche automatiquement les prix, y compris la TVA pour les clients<\/li>\n<li>G\u00e8re les taux d&rsquo;imposition complexes et les r\u00e8gles pour une vari\u00e9t\u00e9 de types et services de produits<\/li>\n<li>Calcule et ajoute des frais d&rsquo;exp\u00e9dition en fonction des emplacements et des prestataires allemands<\/li>\n<li>S&rsquo;int\u00e8gre aux options de plugin de paiement et d&rsquo;exp\u00e9dition courants<\/li>\n<li>Fournit une g\u00e9n\u00e9ration automatique de factures et des notifications par e-mail<\/li>\n<li>Comprend des textes juridiques personnalisables pour les termes et conditions, la politique de confidentialit\u00e9, et plus<\/li>\n<li>Offre un support technique r\u00e9actif et des mises \u00e0 jour continues pour garantir la conformit\u00e9 aux lois en \u00e9volution<\/li>\n<\/ul>\n","protected":false},"excerpt":{"rendered":"<p>WooCommerce Germanized Pro, un outil logiciel remarquablement robuste exclusivement con\u00e7u pour les entreprises en ligne fonctionnant dans les limites de l&rsquo;Allemagne, appara\u00eet comme un atout indispensable. En fournissant un \u00e9ventail d&rsquo;attributs et de fonctionnalit\u00e9s exceptionnels, ce formidable plugin aide efficacement les propri\u00e9taires \u00e0 adh\u00e9rer m\u00e9ticuleusement \u00e0 la myriade d&rsquo;obligations l\u00e9gales qui pr\u00e9valent en Allemagne, tout en \u00e9levant la rencontre d&rsquo;achat de la client\u00e8le allemande exigeante. Cette offre exquise comprend une installation de traduction en langue allemande impeccable, un m\u00e9canisme de s\u00e9lection de TVA augment\u00e9, une conformit\u00e9 impeccable avec le DSGVO et un assortiment de caract\u00e9ristiques suppl\u00e9mentaires. La commodit\u00e9 in\u00e9gal\u00e9e et la gestion sans effort que ce plugin conf\u00e8re fait de la t\u00e2che de man\u0153uvrer et d&rsquo;adapter un emporium en ligne au milieu du royaume allemand rien de moins d&rsquo;une brise.<\/p>\n","protected":false},"featured_media":145896,"comment_status":"open","ping_status":"open","template":"","meta":[],"product_brand":[2698],"product_cat":[1182,1223,1181],"product_tag":[2299],"class_list":{"0":"post-121308","1":"product","2":"type-product","3":"status-publish","4":"has-post-thumbnail","6":"product_brand-vendidero","7":"product_cat-commerce-electronique-plugins","8":"product_cat-personnalisation-commerce-electronique-plugins","9":"product_cat-plugins","10":"product_tag-vendidero","11":"member-discount","12":"discount-restricted","14":"first","15":"instock","16":"sale","17":"downloadable","18":"virtual","19":"sold-individually","20":"purchasable","21":"product-type-simple"},"_links":{"self":[{"href":"https:\/\/gpl-love.com\/fr\/wp-json\/wp\/v2\/product\/121308","targetHints":{"allow":["GET"]}}],"collection":[{"href":"https:\/\/gpl-love.com\/fr\/wp-json\/wp\/v2\/product"}],"about":[{"href":"https:\/\/gpl-love.com\/fr\/wp-json\/wp\/v2\/types\/product"}],"replies":[{"embeddable":true,"href":"https:\/\/gpl-love.com\/fr\/wp-json\/wp\/v2\/comments?post=121308"}],"wp:featuredmedia":[{"embeddable":true,"href":"https:\/\/gpl-love.com\/fr\/wp-json\/wp\/v2\/media\/145896"}],"wp:attachment":[{"href":"https:\/\/gpl-love.com\/fr\/wp-json\/wp\/v2\/media?parent=121308"}],"wp:term":[{"taxonomy":"product_brand","embeddable":true,"href":"https:\/\/gpl-love.com\/fr\/wp-json\/wp\/v2\/product_brand?post=121308"},{"taxonomy":"product_cat","embeddable":true,"href":"https:\/\/gpl-love.com\/fr\/wp-json\/wp\/v2\/product_cat?post=121308"},{"taxonomy":"product_tag","embeddable":true,"href":"https:\/\/gpl-love.com\/fr\/wp-json\/wp\/v2\/product_tag?post=121308"}],"curies":[{"name":"wp","href":"https:\/\/api.w.org\/{rel}","templated":true}]}}