{"id":121306,"date":"2025-10-29T00:00:00","date_gmt":"2025-10-28T23:00:00","guid":{"rendered":"https:\/\/gpl-love.com\/fr\/produit\/woocommerce-freshdesk\/"},"modified":"2026-03-20T23:45:46","modified_gmt":"2026-03-20T22:45:46","slug":"woocommerce-freshdesk","status":"publish","type":"product","link":"https:\/\/gpl-love.com\/fr\/produit\/woocommerce-freshdesk\/","title":{"rendered":"WooCommerce Freshdesk 1.4.0"},"content":{"rendered":"<h3>WooCommerce Freshdesk Traits<\/h3>\n<p>Le plugin WooCommerce Freshdesk est un outil remarquablement puissant qui fusionne parfaitement votre magasin WooCommerce avec le syst\u00e8me de billetterie Freshdesk, vous accordant une multitude de fonctionnalit\u00e9s \u00e9tendues qui vous permettent de g\u00e9rer de mani\u00e8re approfondie les interactions et vos demandes de support. En utilisant ce plugin, vous avez la commodit\u00e9 de g\u00e9n\u00e9rer des billets sans effort en fonction des commandes, de parcourir les d\u00e9tails des clients et de r\u00e9pondre rapidement aux pr\u00e9occupations des clients directement \u00e0 partir de la plate-forme Freshdesk. De plus, vous avez la capacit\u00e9 d&rsquo;administrer efficacement vos commandes WooCommerce via le tableau de bord Freshdesk, vous permettant de surveiller et de superviser facilement tous vos engagements clients dans un seul emplacement consolid\u00e9. En fin de compte, WooCommerce Freshdesk est un instrument indispensable pour tout propri\u00e9taire de magasin WooCommerce exigeant qui vise \u00e0 rendre un support client exceptionnel et rationaliser leurs op\u00e9rations commerciales.<\/p>\n<ul>\n<li>Int\u00e8gre de mani\u00e8re transparente le logiciel de support client Freshdesk avec votre boutique WooCommerce<\/li>\n<li>Cr\u00e9e automatiquement des billets dans Freshdesk pour les demandes et les probl\u00e8mes des clients<\/li>\n<li>Am\u00e9liore le temps et la satisfaction de la r\u00e9ponse du client en consolidant et en organisant toutes les demandes de support client en un seul endroit<\/li>\n<li>Permet aux agents du support client d&rsquo;acc\u00e9der rapidement \u00e0 la commande et aux informations clients de WooCommerce tout en travaillant \u00e0 Freshdesk<\/li>\n<li>Fournit une plate-forme unifi\u00e9e pour g\u00e9rer les commandes, les donn\u00e9es des clients et les demandes de service \u00e0 la client\u00e8le<\/li>\n<li>Rationalise le processus de support client et r\u00e9duit les chances de demandes de demandes manqu\u00e9es ou de r\u00e9ponses en double<\/li>\n<li>Peut \u00eatre facilement configur\u00e9 et personnalis\u00e9 pour r\u00e9pondre aux besoins commerciaux de votre entreprise sp\u00e9cifiques<\/li>\n<li>Compatible avec les derni\u00e8res versions de WooCommerce et Freshdesk<\/li>\n<li>Fournit des rapports et des analyses d\u00e9taill\u00e9es sur les performances et les tendances du support client<\/li>\n<li>Offre des services de support technique et de maintenance complets<\/li>\n<\/ul>\n","protected":false},"excerpt":{"rendered":"<p>Le plugin WooCommerce Freshdesk facilite l&rsquo;int\u00e9gration transparente de votre boutique en ligne et FreshDesk, vous permettant de g\u00e9rer efficacement les demandes de support client directement \u00e0 partir de votre tableau de bord WooCommerce. En incorporant ce plugin dans votre syst\u00e8me, vous \u00eates en mesure d&rsquo;optimiser et d&rsquo;am\u00e9liorer l&rsquo;exp\u00e9rience client globale en g\u00e9rant efficacement les demandes de pr\u00e9vente, en r\u00e9solvant les complications li\u00e9es aux commandes et en r\u00e9pondant efficacement aux pr\u00e9occupations des autres clients. Par cons\u00e9quent, cette int\u00e9gration vous permet de maintenir une approche organis\u00e9e et rationalis\u00e9e envers le support client, ce qui entra\u00eene finalement des \u00e9conomies de temps importantes et la fourniture d&rsquo;un service client de premier ordre. Embrassez le pouvoir de WooCommerce Freshdesk et assistez \u00e0 la transformation qu&rsquo;elle apporte \u00e0 vos op\u00e9rations commerciales.<\/p>\n","protected":false},"featured_media":145893,"comment_status":"open","ping_status":"open","template":"","meta":[],"product_brand":[2440],"product_cat":[1183,1182,1181],"product_tag":[1398],"class_list":{"0":"post-121306","1":"product","2":"type-product","3":"status-publish","4":"has-post-thumbnail","6":"product_brand-woocommerce","7":"product_cat-administration","8":"product_cat-commerce-electronique-plugins","9":"product_cat-plugins","10":"product_tag-woocommerce","11":"member-discount","12":"discount-restricted","14":"first","15":"instock","16":"sale","17":"downloadable","18":"virtual","19":"sold-individually","20":"purchasable","21":"product-type-simple"},"_links":{"self":[{"href":"https:\/\/gpl-love.com\/fr\/wp-json\/wp\/v2\/product\/121306","targetHints":{"allow":["GET"]}}],"collection":[{"href":"https:\/\/gpl-love.com\/fr\/wp-json\/wp\/v2\/product"}],"about":[{"href":"https:\/\/gpl-love.com\/fr\/wp-json\/wp\/v2\/types\/product"}],"replies":[{"embeddable":true,"href":"https:\/\/gpl-love.com\/fr\/wp-json\/wp\/v2\/comments?post=121306"}],"wp:featuredmedia":[{"embeddable":true,"href":"https:\/\/gpl-love.com\/fr\/wp-json\/wp\/v2\/media\/145893"}],"wp:attachment":[{"href":"https:\/\/gpl-love.com\/fr\/wp-json\/wp\/v2\/media?parent=121306"}],"wp:term":[{"taxonomy":"product_brand","embeddable":true,"href":"https:\/\/gpl-love.com\/fr\/wp-json\/wp\/v2\/product_brand?post=121306"},{"taxonomy":"product_cat","embeddable":true,"href":"https:\/\/gpl-love.com\/fr\/wp-json\/wp\/v2\/product_cat?post=121306"},{"taxonomy":"product_tag","embeddable":true,"href":"https:\/\/gpl-love.com\/fr\/wp-json\/wp\/v2\/product_tag?post=121306"}],"curies":[{"name":"wp","href":"https:\/\/api.w.org\/{rel}","templated":true}]}}