{"id":121304,"date":"2024-03-26T00:00:00","date_gmt":"2024-03-25T23:00:00","guid":{"rendered":"https:\/\/gpl-love.com\/fr\/produit\/woocommerce-firstdata-uk\/"},"modified":"2026-04-10T18:46:54","modified_gmt":"2026-04-10T16:46:54","slug":"woocommerce-firstdata-uk","status":"publish","type":"product","link":"https:\/\/gpl-love.com\/fr\/produit\/woocommerce-firstdata-uk\/","title":{"rendered":"WooCommerce FirstData UK 2.2.5"},"content":{"rendered":"<h3>WooCommerce FirstData UK Traits<\/h3>\n<p>Le WooCommerce FirstData UK, \u00e9tant une passerelle de paiement tr\u00e8s efficace sp\u00e9cialement con\u00e7ue pour les entreprises en ligne au Royaume-Uni, pr\u00e9sente une solution impeccable. Il facilite le traitement transparent des paiements de vos pr\u00e9cieux clients d&rsquo;une mani\u00e8re qui garantit non seulement la plus grande s\u00fbret\u00e9 et la s\u00e9curit\u00e9 de leurs transactions, mais assure \u00e9galement leur tranquillit\u00e9 d&rsquo;esprit. Cette passerelle de paiement poss\u00e8de une interface incroyablement conviviale, simplifiant ainsi les processus de configuration et d&rsquo;utilisation, ce qui en fait un choix id\u00e9al pour les entreprises, quelle que soit leur \u00e9chelle ou leur ampleur. Que vous vous trouviez aux \u00e9tapes naissantes d&rsquo;une petite startup ou que vous vous pr\u00e9lastiques dans la gloire d&rsquo;une soci\u00e9t\u00e9 bien \u00e9tablie, soyez assur\u00e9 que le WooCommerce FirstData UK servira de alli\u00e9 in\u00e9branlable et rentable, vous permettant de favoriser la croissance de votre entreprise et augmentez vos revenus globaux. Alors pourquoi tarder? Passez plus de temps et adoptez l&rsquo;utilisation de cette passerelle de paiement extraordinaire aujourd&rsquo;hui, propulsant votre entreprise vers des hauteurs de succ\u00e8s sans pr\u00e9c\u00e9dent!<\/p>\n<ul>\n<li>Permet l&rsquo;int\u00e9gration de la passerelle de paiement FirstData UK avec votre boutique WooCommerce<\/li>\n<li>Accepte une vari\u00e9t\u00e9 de m\u00e9thodes de paiement, notamment Visa, MasterCard, American Express, etc.<\/li>\n<li>Traitement des paiements s\u00e9curis\u00e9s avec la conformit\u00e9 PCI et la protection contre la fraude<\/li>\n<li>Possibilit\u00e9 de personnaliser les param\u00e8tres de traitement des paiements pour r\u00e9pondre aux besoins de votre entreprise<\/li>\n<li>Rationalise le traitement des paiements pour une exp\u00e9rience de paiement plus rapide et plus efficace<\/li>\n<li>Mette \u00e0 jour automatiquement l&rsquo;\u00e9tat de paiement dans WooCommerce pour un suivi et une gestion faciles<\/li>\n<li>Fournit des rapports et des analyses d\u00e9taill\u00e9s pour une meilleure compr\u00e9hension de vos transactions de paiement<\/li>\n<li>Int\u00e9gration transparente avec votre processus de paiement WooCommerce existant<\/li>\n<li>Support client disponible pour une assistance pour la configuration et tout probl\u00e8me qui pourrait survenir<\/li>\n<li>Compatible avec la derni\u00e8re version de WooCommerce et r\u00e9guli\u00e8rement mise \u00e0 jour pour des performances optimales.<\/li>\n<\/ul>\n","protected":false},"excerpt":{"rendered":"<p>WooCommerce FirstData UK is an exceptional and highly advantageous plugin, specifically designed for WooCommerce, aiming to provide a convenient and hassle-free method for UK-based merchants to effortlessly handle credit and debit card transactions by means of the prestigious and cutting-edge payment processing Soci\u00e9t\u00e9 connue sous le nom de FirstData. Ce plugin ph\u00e9nom\u00e9nal permet aux clients de compl\u00e9ter parfaitement et de mani\u00e8re transparente sur votre boutique en ligne estim\u00e9e, tout en accordant simultan\u00e9ment sur les commer\u00e7ants le luxe in\u00e9gal\u00e9 de profiter non seulement de s\u00e9curisation mais aussi d&rsquo;un traitement de paiement incroyablement efficace, tous compl\u00e9t\u00e9s par des reportages de transactions en temps r\u00e9el. L&rsquo;int\u00e9gration transparente de ce plugin remarquable avec votre boutique en ligne est une brise absolue, gr\u00e2ce \u00e0 sa configuration conviviale, et coupl\u00e9e \u00e0 sa vaste gamme de fonctionnalit\u00e9s puissantes, WooCommerce FirstData UK est sans aucun doute comme un outil indispensable et indispensable pour n&rsquo;importe quel Royaume-Uni pour n&rsquo;importe quel Royaume-Uni -Amme en ligne bas\u00e9e sur une \u00e9largissement de leurs horizons en termes d&rsquo;options de paiement, entra\u00eenant finalement une augmentation spectaculaire des ventes et une croissance globale de l&rsquo;entreprise.<\/p>\n","protected":false},"featured_media":145883,"comment_status":"open","ping_status":"open","template":"","meta":[],"product_brand":[2440],"product_cat":[1183,1182,1181],"product_tag":[1398],"class_list":{"0":"post-121304","1":"product","2":"type-product","3":"status-publish","4":"has-post-thumbnail","6":"product_brand-woocommerce","7":"product_cat-administration","8":"product_cat-commerce-electronique-plugins","9":"product_cat-plugins","10":"product_tag-woocommerce","11":"member-discount","12":"discount-restricted","14":"first","15":"instock","16":"sale","17":"downloadable","18":"virtual","19":"sold-individually","20":"purchasable","21":"product-type-simple"},"_links":{"self":[{"href":"https:\/\/gpl-love.com\/fr\/wp-json\/wp\/v2\/product\/121304","targetHints":{"allow":["GET"]}}],"collection":[{"href":"https:\/\/gpl-love.com\/fr\/wp-json\/wp\/v2\/product"}],"about":[{"href":"https:\/\/gpl-love.com\/fr\/wp-json\/wp\/v2\/types\/product"}],"replies":[{"embeddable":true,"href":"https:\/\/gpl-love.com\/fr\/wp-json\/wp\/v2\/comments?post=121304"}],"wp:featuredmedia":[{"embeddable":true,"href":"https:\/\/gpl-love.com\/fr\/wp-json\/wp\/v2\/media\/145883"}],"wp:attachment":[{"href":"https:\/\/gpl-love.com\/fr\/wp-json\/wp\/v2\/media?parent=121304"}],"wp:term":[{"taxonomy":"product_brand","embeddable":true,"href":"https:\/\/gpl-love.com\/fr\/wp-json\/wp\/v2\/product_brand?post=121304"},{"taxonomy":"product_cat","embeddable":true,"href":"https:\/\/gpl-love.com\/fr\/wp-json\/wp\/v2\/product_cat?post=121304"},{"taxonomy":"product_tag","embeddable":true,"href":"https:\/\/gpl-love.com\/fr\/wp-json\/wp\/v2\/product_tag?post=121304"}],"curies":[{"name":"wp","href":"https:\/\/api.w.org\/{rel}","templated":true}]}}