{"id":121302,"date":"2025-09-19T00:00:00","date_gmt":"2025-09-18T22:00:00","guid":{"rendered":"https:\/\/gpl-love.com\/fr\/produit\/css-igniter-salon-wordpress-theme\/"},"modified":"2026-03-20T23:00:03","modified_gmt":"2026-03-20T22:00:03","slug":"css-igniter-salon-wordpress-theme","status":"publish","type":"product","link":"https:\/\/gpl-love.com\/fr\/produit\/css-igniter-salon-wordpress-theme\/","title":{"rendered":"CSS Igniter Salon WordPress Theme 1.1.3"},"content":{"rendered":"<h3>CSS Igniter Salon WordPress Theme Traits<\/h3>\n<p>Le th\u00e8me WordPress du salon CSS Igniter Salon est un th\u00e8me exceptionnellement polyvalent et contemporain, adapt\u00e9 de mani\u00e8re transparente pour r\u00e9pondre aux besoins et aux exigences uniques des salons de coiffure, des salons de massage, des spas de beaut\u00e9 et d&rsquo;autres entreprises associ\u00e9es. Avec sa r\u00e9activit\u00e9 inh\u00e9rente et ses options de personnalisation illimit\u00e9es, ce th\u00e8me vous permet de fa\u00e7onner sans effort un site Web qui s&rsquo;aligne parfaitement avec votre identit\u00e9 de marque et vos sensibilit\u00e9s de style. De plus, il poss\u00e8de une pl\u00e9thore de fonctionnalit\u00e9s int\u00e9gr\u00e9es, \u00e0 savoir une section de services compl\u00e8tes, une table de prix informative et un syst\u00e8me de r\u00e9servation efficace, qui facilitent collectivement votre client\u00e8le en ligne rapidement et pratiquement. Exsudant une aura de professionnalisme immacul\u00e9, le th\u00e8me WordPress du salon CSS Igniter Salon se pr\u00e9sente sans \u00e9quivoque comme la solution par excellence pour toute entreprise qui aspire \u00e0 \u00e9tablir une formidable pr\u00e9sence en ligne et \u00e0 inciter un nouvel afflux de clients.<\/p>\n<ul>\n<li>D\u00e9gage la sophistication et l&rsquo;\u00e9l\u00e9gance, parfaite pour toute entreprise de beaut\u00e9 ou de bien-\u00eatre<\/li>\n<li>La conception enti\u00e8rement r\u00e9active garantit une exp\u00e9rience transparente sur tous les appareils<\/li>\n<li>Mod\u00e8les de page int\u00e9gr\u00e9s pour les services, le blog, l&rsquo;\u00e9quipe et le contact facilitent le d\u00e9marrage<\/li>\n<li>Sch\u00e9mas de couleurs personnalisables pour une marque facile<\/li>\n<li>Int\u00e9gr\u00e9 \u00e0 des plugins populaires comme WooCommerce pour les r\u00e9servations et rendez-vous en ligne<\/li>\n<li>Facile \u00e0 utiliser Visual Drag and Drop Page Builder pour une personnalisation sans effort<\/li>\n<li>SEO optimis\u00e9 pour une meilleure visibilit\u00e9 et un meilleur classement des moteurs de recherche<\/li>\n<li>Offre une documentation approfondie et une prise en charge d\u00e9di\u00e9e pour une configuration et une utilisation sans tracas<\/li>\n<li>Les mises \u00e0 jour r\u00e9guli\u00e8res avec de nouvelles fonctionnalit\u00e9s et des corrections de bogues garantissent la compatibilit\u00e9 avec les mises \u00e0 jour WordPress.<\/li>\n<\/ul>\n","protected":false},"excerpt":{"rendered":"<p>D\u00e9couvrez la flexibilit\u00e9 et la conception \u00e9l\u00e9gante du th\u00e8me WordPress du salon Igniter CSS. Id\u00e9al pour les salons de beaut\u00e9, les coiffeurs ou les centres de bien-\u00eatre, ce th\u00e8me offre un m\u00e9lange unique d&rsquo;\u00e9l\u00e9gance et de fonctionnalit\u00e9. Avec sa conception r\u00e9active, votre site Web sera impeccable sur n&rsquo;importe quel appareil, garantissant une exp\u00e9rience utilisateur optimale. Le th\u00e8me int\u00e8gre un puissant syst\u00e8me de r\u00e9servation, permettant \u00e0 vos clients de prendre des rendez-vous avec facilit\u00e9. Exploitez le pouvoir des outils de partage des m\u00e9dias sociaux int\u00e9gr\u00e9s pour amplifier votre pr\u00e9sence en ligne. Le th\u00e8me WordPress du salon CSS Igniter Salon dispose \u00e9galement d&rsquo;une palette de couleurs et d&rsquo;une typographie enti\u00e8rement personnalisables, vous permettant d&rsquo;aligner le th\u00e8me avec votre identit\u00e9 de marque. Profitez de la commodit\u00e9 du panneau des options de th\u00e8me approfondi et prenez un contr\u00f4le total sur l&rsquo;apparence et la fonctionnalit\u00e9 de votre site. Ce th\u00e8me WordPress est \u00e9galement optimis\u00e9 SEO, garantissant la visibilit\u00e9 de votre site dans les r\u00e9sultats du moteur de recherche. Avec le th\u00e8me WordPress du salon CSS Igniter Salon, la cr\u00e9ation d&rsquo;un site Web \u00e9tonnant et convivial n&rsquo;a jamais \u00e9t\u00e9 aussi simple.<\/p>\n","protected":false},"featured_media":143486,"comment_status":"open","ping_status":"open","template":"","meta":[],"product_brand":[2499],"product_cat":[1516,1212,1213],"product_tag":[2187],"class_list":{"0":"post-121302","1":"product","2":"type-product","3":"status-publish","4":"has-post-thumbnail","6":"product_brand-css-igniter","7":"product_cat-entreprise","8":"product_cat-themes","9":"product_cat-wordpress-themes","10":"product_tag-css-igniter","11":"member-discount","12":"discount-restricted","14":"first","15":"instock","16":"sale","17":"downloadable","18":"virtual","19":"sold-individually","20":"purchasable","21":"product-type-simple"},"_links":{"self":[{"href":"https:\/\/gpl-love.com\/fr\/wp-json\/wp\/v2\/product\/121302","targetHints":{"allow":["GET"]}}],"collection":[{"href":"https:\/\/gpl-love.com\/fr\/wp-json\/wp\/v2\/product"}],"about":[{"href":"https:\/\/gpl-love.com\/fr\/wp-json\/wp\/v2\/types\/product"}],"replies":[{"embeddable":true,"href":"https:\/\/gpl-love.com\/fr\/wp-json\/wp\/v2\/comments?post=121302"}],"wp:featuredmedia":[{"embeddable":true,"href":"https:\/\/gpl-love.com\/fr\/wp-json\/wp\/v2\/media\/143486"}],"wp:attachment":[{"href":"https:\/\/gpl-love.com\/fr\/wp-json\/wp\/v2\/media?parent=121302"}],"wp:term":[{"taxonomy":"product_brand","embeddable":true,"href":"https:\/\/gpl-love.com\/fr\/wp-json\/wp\/v2\/product_brand?post=121302"},{"taxonomy":"product_cat","embeddable":true,"href":"https:\/\/gpl-love.com\/fr\/wp-json\/wp\/v2\/product_cat?post=121302"},{"taxonomy":"product_tag","embeddable":true,"href":"https:\/\/gpl-love.com\/fr\/wp-json\/wp\/v2\/product_tag?post=121302"}],"curies":[{"name":"wp","href":"https:\/\/api.w.org\/{rel}","templated":true}]}}