{"id":121301,"date":"2025-09-24T00:00:00","date_gmt":"2025-09-23T22:00:00","guid":{"rendered":"https:\/\/gpl-love.com\/fr\/produit\/css-igniter-roxima-wordpress-theme\/"},"modified":"2026-03-20T23:00:02","modified_gmt":"2026-03-20T22:00:02","slug":"css-igniter-roxima-wordpress-theme","status":"publish","type":"product","link":"https:\/\/gpl-love.com\/fr\/produit\/css-igniter-roxima-wordpress-theme\/","title":{"rendered":"CSS Igniter Roxima WordPress Theme 1.1.5"},"content":{"rendered":"<h3>CSS Igniter Roxima WordPress Theme Traits<\/h3>\n<p>Le th\u00e8me de CSS Igniter Roxima WordPress est un th\u00e8me exceptionnellement moderne et polyvalent soigneusement r\u00e9pondu aux besoins des blogueurs, des cr\u00e9atifs et des entreprises. Ce th\u00e8me remarquable poss\u00e8de un vaste \u00e9ventail de fonctionnalit\u00e9s qui permet aux utilisateurs d&rsquo;\u00e9laborer sans effort un site Web vraiment distinctif et professionnel. De plus, le th\u00e8me offre une pl\u00e9thore de mod\u00e8les pr\u00e9-con\u00e7us m\u00e9ticuleusement organis\u00e9s pour s&rsquo;adapter \u00e0 divers styles et pr\u00e9f\u00e9rences, qui peuvent tous \u00eatre personnalis\u00e9s sans effort pour refl\u00e9ter l&rsquo;essence de votre marque. De plus, le th\u00e8me CSS Igniter Roxima WordPress poss\u00e8de une r\u00e9activit\u00e9 compl\u00e8te, garantissant ainsi une apparence esth\u00e9tiquement agr\u00e9able sur n&rsquo;importe quelle taille ou appareil d&rsquo;\u00e9cran. Le th\u00e8me poss\u00e8de \u00e9galement l&rsquo;optimisation des moteurs de recherche, \u00e9levant la visibilit\u00e9 de votre site Web et renfor\u00e7ant par la suite sa position dans le classement des moteurs de recherche. Avec sa conception intuitive et conviviale, coupl\u00e9e \u00e0 sa suite compl\u00e8te de fonctionnalit\u00e9s, le th\u00e8me CSS Igniter Roxima WordPress appara\u00eet sans aucun doute comme un choix exceptionnel pour les personnes cherchant \u00e0 d\u00e9velopper une pr\u00e9sence en ligne extraordinaire et captivante.<\/p>\n<ul>\n<li>Th\u00e8me WordPress con\u00e7u par des professionnels<\/li>\n<li>Tr\u00e8s r\u00e9actif et adapt\u00e9 aux mobiles<\/li>\n<li>Sch\u00e9mas de couleurs personnalisables<\/li>\n<li>Comprend le plugin de curseur Revolution<\/li>\n<li>Plusieurs options de mise en page pour les pages et les publications<\/li>\n<li>Compatible avec les plugins WordPress populaires<\/li>\n<li>Portfolio int\u00e9gr\u00e9 et sections de t\u00e9moignage<\/li>\n<li>Fonctionnalit\u00e9 d&rsquo;importation de d\u00e9monstration en un clic<\/li>\n<li>Support client d\u00e9di\u00e9 et mises \u00e0 jour r\u00e9guli\u00e8res<\/li>\n<li>Traduction pr\u00eate avec la prise en charge du plugin WPML.<\/li>\n<\/ul>\n","protected":false},"excerpt":{"rendered":"<p>D\u00e9couvrez la puissance et la flexibilit\u00e9 du th\u00e8me Roxima WordPress de CSS Igniter. Con\u00e7u sp\u00e9cifiquement pour les entreprises, ce th\u00e8me offre une myriade de fonctionnalit\u00e9s qui peuvent \u00eatre adapt\u00e9es \u00e0 vos besoins sp\u00e9cifiques. Il a un constructeur simple, mais efficace, de glisser-d\u00e9poser, permettant m\u00eame \u00e0 ceux qui sans codage de connaissances pour cr\u00e9er un site Web d&rsquo;aspect professionnel. Le th\u00e8me est enti\u00e8rement r\u00e9actif, garantissant que votre site est magnifique sur tous les appareils. Roxima est \u00e9galement livr\u00e9 avec des widgets personnalis\u00e9s pour des fonctionnalit\u00e9s suppl\u00e9mentaires et des possibilit\u00e9s de mise en page sans fin. Le th\u00e8me int\u00e8gre l&rsquo;optimisation du r\u00e9f\u00e9rencement pour am\u00e9liorer votre visibilit\u00e9 en ligne. De plus, Roxima se vante de temps de chargement rapides, offrant une exp\u00e9rience de navigation en douceur \u00e0 vos visiteurs. Avec son service de support premium 24\/7, tous les probl\u00e8mes rencontr\u00e9s peuvent \u00eatre rapidement r\u00e9solus. Le th\u00e8me CSS Igniter Roxima WordPress est votre solution \u00e0 guichet unique pour un site Web \u00e9l\u00e9gant, efficace et tr\u00e8s performant.<\/p>\n","protected":false},"featured_media":143485,"comment_status":"open","ping_status":"open","template":"","meta":[],"product_brand":[2499],"product_cat":[1516,1212,1213],"product_tag":[2187],"class_list":{"0":"post-121301","1":"product","2":"type-product","3":"status-publish","4":"has-post-thumbnail","6":"product_brand-css-igniter","7":"product_cat-entreprise","8":"product_cat-themes","9":"product_cat-wordpress-themes","10":"product_tag-css-igniter","11":"member-discount","12":"discount-restricted","14":"first","15":"instock","16":"sale","17":"downloadable","18":"virtual","19":"sold-individually","20":"purchasable","21":"product-type-simple"},"_links":{"self":[{"href":"https:\/\/gpl-love.com\/fr\/wp-json\/wp\/v2\/product\/121301","targetHints":{"allow":["GET"]}}],"collection":[{"href":"https:\/\/gpl-love.com\/fr\/wp-json\/wp\/v2\/product"}],"about":[{"href":"https:\/\/gpl-love.com\/fr\/wp-json\/wp\/v2\/types\/product"}],"replies":[{"embeddable":true,"href":"https:\/\/gpl-love.com\/fr\/wp-json\/wp\/v2\/comments?post=121301"}],"wp:featuredmedia":[{"embeddable":true,"href":"https:\/\/gpl-love.com\/fr\/wp-json\/wp\/v2\/media\/143485"}],"wp:attachment":[{"href":"https:\/\/gpl-love.com\/fr\/wp-json\/wp\/v2\/media?parent=121301"}],"wp:term":[{"taxonomy":"product_brand","embeddable":true,"href":"https:\/\/gpl-love.com\/fr\/wp-json\/wp\/v2\/product_brand?post=121301"},{"taxonomy":"product_cat","embeddable":true,"href":"https:\/\/gpl-love.com\/fr\/wp-json\/wp\/v2\/product_cat?post=121301"},{"taxonomy":"product_tag","embeddable":true,"href":"https:\/\/gpl-love.com\/fr\/wp-json\/wp\/v2\/product_tag?post=121301"}],"curies":[{"name":"wp","href":"https:\/\/api.w.org\/{rel}","templated":true}]}}