{"id":121300,"date":"2025-09-24T00:00:00","date_gmt":"2025-09-23T22:00:00","guid":{"rendered":"https:\/\/gpl-love.com\/fr\/produit\/css-igniter-public-opinion-wordpress-theme\/"},"modified":"2026-03-20T23:00:01","modified_gmt":"2026-03-20T22:00:01","slug":"css-igniter-public-opinion-wordpress-theme","status":"publish","type":"product","link":"https:\/\/gpl-love.com\/fr\/produit\/css-igniter-public-opinion-wordpress-theme\/","title":{"rendered":"CSS Igniter Public Opinion WordPress Theme 1.3.3"},"content":{"rendered":"<h3>CSS Igniter Public Opinion WordPress Theme Traits<\/h3>\n<p>Le th\u00e8me WordPress de l&rsquo;opinion publique de CSS Igniter, con\u00e7u sp\u00e9cifiquement pour les blogueurs et les journalistes, propose une plate-forme multifonctionnelle et sophistiqu\u00e9e pour la cr\u00e9ation de sites Web captivants et \u00e9clairants. Sa disposition \u00e9l\u00e9gante et contemporaine, coupl\u00e9e \u00e0 son interface conviviale et aux fonctionnalit\u00e9s personnalisables, facilite la pr\u00e9sentation transparente de votre contenu et amplifie votre pr\u00e9sence en ligne. En plus de sa s\u00e9lection abondante de mod\u00e8les, de widgets et de plugins pr\u00e9-con\u00e7us, ce th\u00e8me vous permet de cr\u00e9er des dispositions visuellement frappantes, d&rsquo;int\u00e9grer de mani\u00e8re transparente les plateformes de m\u00e9dias sociaux et d&rsquo;optimiser votre site Web pour la visibilit\u00e9 des moteurs de recherche. De plus, sa conception enti\u00e8rement r\u00e9active garantit que votre site Web sera exquis sur divers appareils, y compris les ordinateurs de bureau, les tablettes et les smartphones. Que vous soyez un blogueur v\u00e9t\u00e9ran ou un novice, le th\u00e8me WordPress de l&rsquo;opinion publique propose une bo\u00eete \u00e0 outils globale requise pour \u00e9tablir une plate-forme en ligne accomplie et prosp\u00e8re.<\/p>\n<ul>\n<li>Design magnifique et moderne, parfait pour les magazines et les sites Web d&rsquo;actualit\u00e9s<\/li>\n<li>Disposition de page d&rsquo;accueil personnalisable avec widgets de glisser-d\u00e9poser<\/li>\n<li>La conception r\u00e9active garantit une exp\u00e9rience transparente sur tous les appareils<\/li>\n<li>Plusieurs options de mise en page, y compris les dispositions de ma\u00e7onnerie et de colonnes<\/li>\n<li>Personnalisation facile des polices, des couleurs et des arri\u00e8re-plans<\/li>\n<li>Int\u00e9gration avec des plugins populaires, y compris WooCommerce et Jetpack<\/li>\n<li>SEO optimis\u00e9 pour un meilleur classement des moteurs de recherche<\/li>\n<li>Traduction pr\u00eate \u00e0 atteindre un public plus large<\/li>\n<li>Excellent support client et documentation fournis par CSS Igniter<\/li>\n<li>Les mises \u00e0 jour r\u00e9guli\u00e8res garantissent la compatibilit\u00e9 avec la derni\u00e8re version WordPress et les plugins<\/li>\n<\/ul>\n","protected":false},"excerpt":{"rendered":"<p>Pr\u00e9sentation du th\u00e8me WordPress de l&rsquo;opinion publique CSS Igniter Public, une solution innovante et conviviale pour les besoins de conception de votre site Web. Ce th\u00e8me WordPress est con\u00e7u avec une orientation de l&rsquo;opinion publique, ce qui le rend parfait pour les sites d&rsquo;actualit\u00e9s, les magazines ou tout autre site Web de contenu \u00e9ditorial. Il offre un design moderne et r\u00e9actif enti\u00e8rement personnalisable et facile \u00e0 utiliser. Le th\u00e8me WordPress de l&rsquo;opinion publique de CSS Igniter Public est livr\u00e9 avec une s\u00e9lection de mod\u00e8les pr\u00e9-con\u00e7us pour vous aider \u00e0 d\u00e9marrer, et avec le puissant allumage CSS, vous pouvez facilement modifier n&rsquo;importe quel aspect de la conception de votre site. B\u00e9n\u00e9ficiez de sa disposition conviviale de r\u00e9f\u00e9rencement, garantissant que votre contenu est optimis\u00e9 pour les moteurs de recherche. D\u00e9couvrez la diff\u00e9rence avec le th\u00e8me WordPress de l&rsquo;opinion publique de CSS Igniter Public &#8211; une solution compl\u00e8te pour votre pr\u00e9sence en ligne.<\/p>\n","protected":false},"featured_media":143484,"comment_status":"open","ping_status":"open","template":"","meta":[],"product_brand":[2499],"product_cat":[1242,1212,1213],"product_tag":[2187],"class_list":{"0":"post-121300","1":"product","2":"type-product","3":"status-publish","4":"has-post-thumbnail","6":"product_brand-css-igniter","7":"product_cat-creatif","8":"product_cat-themes","9":"product_cat-wordpress-themes","10":"product_tag-css-igniter","11":"member-discount","12":"discount-restricted","14":"first","15":"instock","16":"sale","17":"downloadable","18":"virtual","19":"sold-individually","20":"purchasable","21":"product-type-simple"},"_links":{"self":[{"href":"https:\/\/gpl-love.com\/fr\/wp-json\/wp\/v2\/product\/121300","targetHints":{"allow":["GET"]}}],"collection":[{"href":"https:\/\/gpl-love.com\/fr\/wp-json\/wp\/v2\/product"}],"about":[{"href":"https:\/\/gpl-love.com\/fr\/wp-json\/wp\/v2\/types\/product"}],"replies":[{"embeddable":true,"href":"https:\/\/gpl-love.com\/fr\/wp-json\/wp\/v2\/comments?post=121300"}],"wp:featuredmedia":[{"embeddable":true,"href":"https:\/\/gpl-love.com\/fr\/wp-json\/wp\/v2\/media\/143484"}],"wp:attachment":[{"href":"https:\/\/gpl-love.com\/fr\/wp-json\/wp\/v2\/media?parent=121300"}],"wp:term":[{"taxonomy":"product_brand","embeddable":true,"href":"https:\/\/gpl-love.com\/fr\/wp-json\/wp\/v2\/product_brand?post=121300"},{"taxonomy":"product_cat","embeddable":true,"href":"https:\/\/gpl-love.com\/fr\/wp-json\/wp\/v2\/product_cat?post=121300"},{"taxonomy":"product_tag","embeddable":true,"href":"https:\/\/gpl-love.com\/fr\/wp-json\/wp\/v2\/product_tag?post=121300"}],"curies":[{"name":"wp","href":"https:\/\/api.w.org\/{rel}","templated":true}]}}