{"id":121299,"date":"2025-09-24T00:00:00","date_gmt":"2025-09-23T22:00:00","guid":{"rendered":"https:\/\/gpl-love.com\/fr\/produit\/css-igniter-potenza-wordpress-theme\/"},"modified":"2026-03-20T22:59:58","modified_gmt":"2026-03-20T21:59:58","slug":"css-igniter-potenza-wordpress-theme","status":"publish","type":"product","link":"https:\/\/gpl-love.com\/fr\/produit\/css-igniter-potenza-wordpress-theme\/","title":{"rendered":"CSS Igniter Potenza WordPress Theme 1.2.3"},"content":{"rendered":"<h3>CSS Igniter Potenza WordPress Theme Traits<\/h3>\n<p>Le th\u00e8me WordPress de CSS Igniter Potenza, qui est un mod\u00e8le de site Web sans compromis et extr\u00eamement personnalisable, est une solution absolument id\u00e9ale pour un \u00e9ventail de personnes et d&rsquo;entreprises, allant des entreprises et des pigistes aux blogueurs et \u00e0 toute personne \u00e0 la recherche d&rsquo;une pr\u00e9sence en ligne contemporaine et captivante. Ce th\u00e8me remarquable poss\u00e8de un design \u00e9l\u00e9gant et moderne, associ\u00e9 \u00e0 un vaste assortiment d&rsquo;options de personnalisation avanc\u00e9es qui vous accordent la libert\u00e9 d&rsquo;\u00e9laborer m\u00e9ticuleusement l&rsquo;apparence et l&rsquo;ambiance de votre site Web pour s&rsquo;aligner parfaitement avec votre marque et votre messagerie uniques. En outre, ce th\u00e8me exceptionnel est \u00e9quip\u00e9 d&rsquo;un constructeur de pages de glisser-d\u00e9poser intuitif, vous permettant d&rsquo;engendrer sans effort des dispositions et des pages impressionnantes qui d\u00e9gagent la sophistication. De plus, l&rsquo;adaptabilit\u00e9 inh\u00e9rente du th\u00e8me garantit que votre site Web sera absolument magnifique sur tous les appareils. Par cons\u00e9quent, que vous aspirez \u00e0 pr\u00e9senter un portefeuille fascinant, \u00e0 offrir des produits \u00e0 vendre dans le domaine num\u00e9rique, ou simplement \u00e0 transmettre votre message \u00e0 votre public ch\u00e9ri, le th\u00e8me WordPress de CSS Igniter Potenza est sans \u00e9quivoque comme un choix exemplaire qui d\u00e9passera indubitablement vos attentes.<\/p>\n<ul>\n<li>Th\u00e8me WordPress hautement personnalisable avec un design propre et moderne<\/li>\n<li>Propuls\u00e9 par la derni\u00e8re version WordPress et construit sur le framework Bootstrap fiable<\/li>\n<li>Livr\u00e9 avec des sch\u00e9mas de couleurs pr\u00e9d\u00e9finis et un ensemble de dispositions polyvalentes<\/li>\n<li>Facile \u00e0 utiliser Drag and Drop Page Builder pour encore plus de personnalisation<\/li>\n<li>Int\u00e9gr\u00e9 \u00e0 WooCommerce pour les fonctionnalit\u00e9s de la boutique en ligne<\/li>\n<li>Prend en charge plusieurs formats de publication, y compris la vid\u00e9o, la galerie et l&rsquo;audio<\/li>\n<li>SEO optimis\u00e9 pour aider \u00e0 augmenter la visibilit\u00e9 du site Web<\/li>\n<li>Comprend l&rsquo;importation de d\u00e9monstration en un clic pour commencer rapidement<\/li>\n<li>Fournit un excellent support client et une documentation d\u00e9taill\u00e9e<\/li>\n<\/ul>\n","protected":false},"excerpt":{"rendered":"<p>Lib\u00e9rez la puissance de votre site Web avec le th\u00e8me WordPress de CSS Igniter Potenza. Ce th\u00e8me d&rsquo;une seule page, r\u00e9actif et optimis\u00e9 en SEO est parfait pour les entreprises de tous types et tailles. Il poss\u00e8de un constructeur de glisser-d\u00e9poser qui assure une personnalisation facile, m\u00eame pour les d\u00e9butants. Il est \u00e9galement livr\u00e9 avec des widgets, des shortcodes et des arri\u00e8re-plans personnalis\u00e9s qui vous permettent de concevoir votre site \u00e0 vos pr\u00e9f\u00e9rences exactes. Le th\u00e8me comprend \u00e9galement un curseur puissant qui peut mettre en \u00e9vidence votre contenu le plus important.<\/p>\n<p>De plus, le th\u00e8me WordPress de CSS Igniter Potenza offre des performances \u00e0 grande vitesse et est pr\u00eat pour la r\u00e9tine, ce qui signifie que votre site sera net et se chargera rapidement sur n&rsquo;importe quel appareil. Il est \u00e9galement enti\u00e8rement compatible avec des plugins populaires tels que WooCommerce, ce qui en fait un jeu d&rsquo;enfant pour mettre en place une boutique en ligne. Pour couronner le tout, ce th\u00e8me est livr\u00e9 avec un support d\u00e9di\u00e9 et des mises \u00e0 jour r\u00e9guli\u00e8res, garantissant que votre site Web reste frais et fonctionnel. D\u00e9couvrez le v\u00e9ritable potentiel de votre site Web avec le th\u00e8me WordPress CSS Igniter Potenza.<\/p>\n","protected":false},"featured_media":143481,"comment_status":"open","ping_status":"open","template":"","meta":[],"product_brand":[2499],"product_cat":[1242,1212,1213],"product_tag":[2187],"class_list":{"0":"post-121299","1":"product","2":"type-product","3":"status-publish","4":"has-post-thumbnail","6":"product_brand-css-igniter","7":"product_cat-creatif","8":"product_cat-themes","9":"product_cat-wordpress-themes","10":"product_tag-css-igniter","11":"member-discount","12":"discount-restricted","14":"first","15":"instock","16":"sale","17":"downloadable","18":"virtual","19":"sold-individually","20":"purchasable","21":"product-type-simple"},"_links":{"self":[{"href":"https:\/\/gpl-love.com\/fr\/wp-json\/wp\/v2\/product\/121299","targetHints":{"allow":["GET"]}}],"collection":[{"href":"https:\/\/gpl-love.com\/fr\/wp-json\/wp\/v2\/product"}],"about":[{"href":"https:\/\/gpl-love.com\/fr\/wp-json\/wp\/v2\/types\/product"}],"replies":[{"embeddable":true,"href":"https:\/\/gpl-love.com\/fr\/wp-json\/wp\/v2\/comments?post=121299"}],"wp:featuredmedia":[{"embeddable":true,"href":"https:\/\/gpl-love.com\/fr\/wp-json\/wp\/v2\/media\/143481"}],"wp:attachment":[{"href":"https:\/\/gpl-love.com\/fr\/wp-json\/wp\/v2\/media?parent=121299"}],"wp:term":[{"taxonomy":"product_brand","embeddable":true,"href":"https:\/\/gpl-love.com\/fr\/wp-json\/wp\/v2\/product_brand?post=121299"},{"taxonomy":"product_cat","embeddable":true,"href":"https:\/\/gpl-love.com\/fr\/wp-json\/wp\/v2\/product_cat?post=121299"},{"taxonomy":"product_tag","embeddable":true,"href":"https:\/\/gpl-love.com\/fr\/wp-json\/wp\/v2\/product_tag?post=121299"}],"curies":[{"name":"wp","href":"https:\/\/api.w.org\/{rel}","templated":true}]}}