{"id":121298,"date":"2021-02-09T00:00:00","date_gmt":"2021-02-08T23:00:00","guid":{"rendered":"https:\/\/gpl-love.com\/fr\/produit\/css-igniter-pinmaister-wordpress-theme\/"},"modified":"2026-03-20T22:59:57","modified_gmt":"2026-03-20T21:59:57","slug":"css-igniter-pinmaister-wordpress-theme","status":"publish","type":"product","link":"https:\/\/gpl-love.com\/fr\/produit\/css-igniter-pinmaister-wordpress-theme\/","title":{"rendered":"CSS Igniter Pinmaister WordPress Theme 1.2.1"},"content":{"rendered":"<h3>CSS Igniter Pinmaister WordPress Theme Traits<\/h3>\n<p>Le th\u00e8me WordPress CSS Igniter Pinmaister, qui poss\u00e8de une nature hautement personnalisable et r\u00e9active, est un th\u00e8me exceptionnel qui est sur mesure pour fabriquer un site Web visuellement captivant et contemporain. Exposant un design vierge et une typographie exquise, le th\u00e8me Pinmater s&rsquo;av\u00e8re \u00eatre la quintessence de la perfection pour les blogueurs, les photographes et autres experts ing\u00e9nieux qui aspirent \u00e0 montrer leur contenu de la mani\u00e8re la plus \u00e9l\u00e9gante imaginable. Encloppant une myriade d&rsquo;options et de fonctionnalit\u00e9s de personnalisation, ce th\u00e8me garantit un processus sans effort de fabrication d&rsquo;un site Web distinctif et poli, qui se d\u00e9marque sans effort au milieu des masses. Que l&rsquo;intention \u00e0 accomplir soit de concevoir un blog personnel ou un site de portefeuille professionnel, le th\u00e8me WordPress de CSS Igniter Pinmaister se distingue comme un choix in\u00e9gal\u00e9 qui combine harmonieusement le flair et la fonctionnalit\u00e9.<\/p>\n<ul>\n<li>Belle mise en page de style Pinterest pour votre site Web WordPress<\/li>\n<li>Options de disposition de grille ou de ma\u00e7onnerie personnalisable pour vos messages<\/li>\n<li>Prend en charge le d\u00e9filement infini pour la navigation transparente<\/li>\n<li>Comprend des widgets int\u00e9gr\u00e9s tels qu&rsquo;un curseur, un carrousel et des ic\u00f4nes de m\u00e9dias sociaux<\/li>\n<li>Conception enti\u00e8rement r\u00e9active qui a fi\u00e8re allure sur tous les appareils<\/li>\n<li>Panneau d&rsquo;options de th\u00e8me facile \u00e0 utiliser pour personnaliser l&rsquo;aspect et la sensation de votre site Web<\/li>\n<li>SEO ami avec des \u00e9tiquettes de m\u00e9ta personnalisables et un balisage schema.org<\/li>\n<li>Importation de d\u00e9monstration en un clic pour mettre votre site Web en cours d&rsquo;ex\u00e9cution rapidement<\/li>\n<li>\u00c9quipe d&rsquo;assistance d\u00e9di\u00e9e \u00e0 aider avec tous les probl\u00e8mes ou questions que vous pourriez avoir<\/li>\n<li>Mises \u00e0 jour r\u00e9guli\u00e8res et compatibilit\u00e9 avec les derni\u00e8res versions et plugins WordPress.<\/li>\n<\/ul>\n","protected":false},"excerpt":{"rendered":"<p>D\u00e9couvrez le meilleur de la conception de style Pinterest avec le th\u00e8me WordPress CSS Igniter Pinmaister. Ce th\u00e8me WordPress de pointe est parfait pour les blogueurs, les designers et les amateurs cr\u00e9atifs qui souhaitent pr\u00e9senter leur travail dans un environnement propre, moderne et interactif. Le th\u00e8me Pinmater poss\u00e8de un design pleinement r\u00e9actif, garantissant que votre site est magnifique sur n&rsquo;importe quel appareil. Il dispose d&rsquo;un syst\u00e8me de soumission frontal, permettant aux utilisateurs de soumettre leur contenu directement \u00e0 votre site. Avec des sch\u00e9mas de couleurs illimit\u00e9s, des widgets personnalis\u00e9s et un panneau d&rsquo;options puissant, vous pouvez facilement personnaliser votre site pour correspondre \u00e0 votre marque. De plus, le th\u00e8me prend en charge divers formats de publication, y compris l&rsquo;image, la vid\u00e9o et l&rsquo;audio, offrant une flexibilit\u00e9 dans la fa\u00e7on dont vous pr\u00e9sentez votre contenu. Le th\u00e8me Pinmater est \u00e9galement optimis\u00e9 et pr\u00eat \u00e0 la traduction, garantissant que votre contenu atteint un public plus large. D\u00e9couvrez une conception sans couture et conviviale avec le th\u00e8me WordPress CSS Igniter Pinmaister.<\/p>\n","protected":false},"featured_media":143480,"comment_status":"open","ping_status":"open","template":"","meta":[],"product_brand":[2499],"product_cat":[1242,1212,1213],"product_tag":[2187],"class_list":{"0":"post-121298","1":"product","2":"type-product","3":"status-publish","4":"has-post-thumbnail","6":"product_brand-css-igniter","7":"product_cat-creatif","8":"product_cat-themes","9":"product_cat-wordpress-themes","10":"product_tag-css-igniter","11":"member-discount","12":"discount-restricted","14":"first","15":"instock","16":"sale","17":"downloadable","18":"virtual","19":"sold-individually","20":"purchasable","21":"product-type-simple"},"_links":{"self":[{"href":"https:\/\/gpl-love.com\/fr\/wp-json\/wp\/v2\/product\/121298","targetHints":{"allow":["GET"]}}],"collection":[{"href":"https:\/\/gpl-love.com\/fr\/wp-json\/wp\/v2\/product"}],"about":[{"href":"https:\/\/gpl-love.com\/fr\/wp-json\/wp\/v2\/types\/product"}],"replies":[{"embeddable":true,"href":"https:\/\/gpl-love.com\/fr\/wp-json\/wp\/v2\/comments?post=121298"}],"wp:featuredmedia":[{"embeddable":true,"href":"https:\/\/gpl-love.com\/fr\/wp-json\/wp\/v2\/media\/143480"}],"wp:attachment":[{"href":"https:\/\/gpl-love.com\/fr\/wp-json\/wp\/v2\/media?parent=121298"}],"wp:term":[{"taxonomy":"product_brand","embeddable":true,"href":"https:\/\/gpl-love.com\/fr\/wp-json\/wp\/v2\/product_brand?post=121298"},{"taxonomy":"product_cat","embeddable":true,"href":"https:\/\/gpl-love.com\/fr\/wp-json\/wp\/v2\/product_cat?post=121298"},{"taxonomy":"product_tag","embeddable":true,"href":"https:\/\/gpl-love.com\/fr\/wp-json\/wp\/v2\/product_tag?post=121298"}],"curies":[{"name":"wp","href":"https:\/\/api.w.org\/{rel}","templated":true}]}}