{"id":121297,"date":"2024-01-19T00:00:00","date_gmt":"2024-01-18T23:00:00","guid":{"rendered":"https:\/\/gpl-love.com\/fr\/produit\/css-igniter-pinfinity-wordpress-theme\/"},"modified":"2026-03-20T22:59:56","modified_gmt":"2026-03-20T21:59:56","slug":"css-igniter-pinfinity-wordpress-theme","status":"publish","type":"product","link":"https:\/\/gpl-love.com\/fr\/produit\/css-igniter-pinfinity-wordpress-theme\/","title":{"rendered":"CSS Igniter Pinfinity WordPress Theme 1.1.0"},"content":{"rendered":"<h3>CSS Igniter Pinfinity WordPress Theme Traits<\/h3>\n<p>Le th\u00e8me WordPress CSS Igniter Pinfinity poss\u00e8de un design exquis et contemporain, ce qui en fait un choix id\u00e9al pour les personnes qui s&rsquo;identifient comme blogueurs, photographes et cr\u00e9ateurs de contenu. Son attribut remarquable r\u00e9side dans sa disposition unique de style Pinterest, qui vous permet de pr\u00e9senter votre contenu de mani\u00e8re visuellement captivante. De plus, ce th\u00e8me offre un niveau \u00e9lev\u00e9 de personnalisation et un assortiment de fonctionnalit\u00e9s, tels que plusieurs dispositions de page d&rsquo;accueil, des widgets personnalis\u00e9s et une conception r\u00e9active qui garantit un affichage impeccable de votre site Web sur tous les appareils. Que vous cherchiez \u00e0 vous lancer dans un voyage de blogs ou que vous am\u00e9lioriez l&rsquo;esth\u00e9tique de votre site Web existant, le th\u00e8me WordPress de CSS Igniter Pinfinity appara\u00eet comme une option exceptionnelle digne de consid\u00e9ration.<\/p>\n<ul>\n<li>Design moderne et \u00e9l\u00e9gant pour les blogs, les magazines et les sites Web de portefeuille<\/li>\n<li>Disposition enti\u00e8rement r\u00e9active pour une visualisation transparente sur tous les appareils<\/li>\n<li>Plusieurs dispositions de page d&rsquo;accueil au choix<\/li>\n<li>Options de t\u00eate et de pied de page personnalisables<\/li>\n<li>Divers formats de publication, y compris la norme, l&rsquo;image, la vid\u00e9o et la galerie<\/li>\n<li>Int\u00e9gration des m\u00e9dias sociaux pour un partage facile du contenu<\/li>\n<li>Compatible avec des plugins populaires tels que WooCommerce et Contact Form 7<\/li>\n<li>Panneau d&rsquo;options de th\u00e8me facile \u00e0 utiliser pour la personnalisation<\/li>\n<li>Importation de d\u00e9monstration en un clic pour une configuration facile<\/li>\n<li>Mises \u00e0 jour r\u00e9guli\u00e8res et soutien continu de l&rsquo;\u00e9quipe d&rsquo;allumage CSS.<\/li>\n<\/ul>\n","protected":false},"excerpt":{"rendered":"<p>Le th\u00e8me WordPress CSS Igniter Pinfinity est con\u00e7u pour les personnes cr\u00e9atives qui cherchent \u00e0 pr\u00e9senter leur travail d&rsquo;une mani\u00e8re visuellement attrayante et intuitive. Ce th\u00e8me WordPress innovant est inspir\u00e9 par Pinterest, combinant une disposition bas\u00e9e sur une grille esth\u00e9tique avec la fonctionnalit\u00e9 robuste d&rsquo;une plate-forme de blogs. Le th\u00e8me Pinfinity est parfait pour les photographes, les artistes, les blogueurs et les designers, offrant une fa\u00e7on unique de pr\u00e9senter votre contenu de mani\u00e8re visuellement engageante. Sa conception r\u00e9active garantit que votre site Web a fi\u00e8re allure sur tous les appareils, du bureau au mobile. Avec le th\u00e8me Pinfinity WordPress, vous pouvez facilement personnaliser et g\u00e9rer votre site Web pour refl\u00e9ter votre style et votre marque. Ce th\u00e8me prend \u00e9galement en charge divers formats de publication comme la galerie, la vid\u00e9o, l&rsquo;audio, etc., vous permettant de partager un large \u00e9ventail de contenu avec votre public. De plus, le th\u00e8me WordPress CSS Igniter Pinfinity vous donne l&rsquo;avantage de la conception conviviale du r\u00e9f\u00e9rencement, am\u00e9liorant la visibilit\u00e9 de votre site Web sur les moteurs de recherche. D\u00e9couvrez l&rsquo;int\u00e9gration transparente du style, des fonctionnalit\u00e9s et de la convivialit\u00e9 avec la Pinfinity WordPress<\/p>\n","protected":false},"featured_media":143479,"comment_status":"open","ping_status":"open","template":"","meta":[],"product_brand":[2499],"product_cat":[1242,1212,1213],"product_tag":[2187],"class_list":{"0":"post-121297","1":"product","2":"type-product","3":"status-publish","4":"has-post-thumbnail","6":"product_brand-css-igniter","7":"product_cat-creatif","8":"product_cat-themes","9":"product_cat-wordpress-themes","10":"product_tag-css-igniter","11":"member-discount","12":"discount-restricted","14":"first","15":"instock","16":"sale","17":"downloadable","18":"virtual","19":"sold-individually","20":"purchasable","21":"product-type-simple"},"_links":{"self":[{"href":"https:\/\/gpl-love.com\/fr\/wp-json\/wp\/v2\/product\/121297","targetHints":{"allow":["GET"]}}],"collection":[{"href":"https:\/\/gpl-love.com\/fr\/wp-json\/wp\/v2\/product"}],"about":[{"href":"https:\/\/gpl-love.com\/fr\/wp-json\/wp\/v2\/types\/product"}],"replies":[{"embeddable":true,"href":"https:\/\/gpl-love.com\/fr\/wp-json\/wp\/v2\/comments?post=121297"}],"wp:featuredmedia":[{"embeddable":true,"href":"https:\/\/gpl-love.com\/fr\/wp-json\/wp\/v2\/media\/143479"}],"wp:attachment":[{"href":"https:\/\/gpl-love.com\/fr\/wp-json\/wp\/v2\/media?parent=121297"}],"wp:term":[{"taxonomy":"product_brand","embeddable":true,"href":"https:\/\/gpl-love.com\/fr\/wp-json\/wp\/v2\/product_brand?post=121297"},{"taxonomy":"product_cat","embeddable":true,"href":"https:\/\/gpl-love.com\/fr\/wp-json\/wp\/v2\/product_cat?post=121297"},{"taxonomy":"product_tag","embeddable":true,"href":"https:\/\/gpl-love.com\/fr\/wp-json\/wp\/v2\/product_tag?post=121297"}],"curies":[{"name":"wp","href":"https:\/\/api.w.org\/{rel}","templated":true}]}}