{"id":121296,"date":"2024-09-11T00:00:00","date_gmt":"2024-09-10T22:00:00","guid":{"rendered":"https:\/\/gpl-love.com\/fr\/produit\/css-igniter-paperbag-wordpress-theme\/"},"modified":"2026-03-20T22:59:55","modified_gmt":"2026-03-20T21:59:55","slug":"css-igniter-paperbag-wordpress-theme","status":"publish","type":"product","link":"https:\/\/gpl-love.com\/fr\/produit\/css-igniter-paperbag-wordpress-theme\/","title":{"rendered":"CSS Igniter Paperbag WordPress Theme 1.5.3"},"content":{"rendered":"<h3>CSS Igniter Paperbag WordPress Theme Traits<\/h3>\n<p>Le th\u00e8me WordPress debag CSS Igniter Paperbag, connu pour son haut niveau de personnalisation et d&rsquo;apparence visuellement frappante, a \u00e9t\u00e9 sp\u00e9cialement cr\u00e9\u00e9 pour r\u00e9pondre aux besoins des blogueurs et des professionnels cr\u00e9atifs. Son design propre et contemporain se pr\u00eate parfaitement \u00e0 la t\u00e2che de pr\u00e9senter votre contenu et d&rsquo;\u00e9tablir une formidable pr\u00e9sence en ligne. Ce th\u00e8me exceptionnel offre un \u00e9ventail d&rsquo;options personnalisables, allant de la possibilit\u00e9 de choisir parmi plusieurs mises en page, \u00e0 l&rsquo;inclusion de widgets personnalis\u00e9s et \u00e0 l&rsquo;int\u00e9gration transparente avec les plateformes de m\u00e9dias sociaux. En outre, le th\u00e8me Paperbag poss\u00e8de une r\u00e9activit\u00e9 compl\u00e8te et est optimis\u00e9e pour l&rsquo;optimisation des moteurs de recherche (SEO), garantissant que votre site Web semble non seulement impeccable sur tous les appareils, mais se classe \u00e9galement en bonne place dans les r\u00e9sultats du moteur de recherche. En plus de ces fonctionnalit\u00e9s impressionnantes, le th\u00e8me Paperbag poss\u00e8de \u00e9galement une s\u00e9lection diversifi\u00e9e de mod\u00e8les pr\u00e9d\u00e9finis, qui facilitent un processus de cr\u00e9ation de site Web sans couture et efficace, vous permettant ainsi d&rsquo;\u00e9tablir une plate-forme en ligne remarquablement professionnelle dans un laps de temps remarquablement court.<\/p>\n<ul>\n<li>Design moderne et propre, parfait pour pr\u00e9senter votre contenu<\/li>\n<li>Options de personnalisation du th\u00e8me int\u00e9gr\u00e9 pour personnaliser facilement votre site<\/li>\n<li>Enti\u00e8rement r\u00e9actif et adapt\u00e9 aux mobiles, garantir que votre site a fi\u00e8re allure sur n&rsquo;importe quel appareil<\/li>\n<li>Compatible avec des plugins populaires tels que WooCommerce et WPForms pour des fonctionnalit\u00e9s suppl\u00e9mentaires<\/li>\n<li>De nombreuses options de mise en page au choix, y compris les dispositions pleine largeur et en bo\u00eete<\/li>\n<li>Comprend plusieurs mod\u00e8les de pages, tels que l&rsquo;archive et les pages pleine largeur<\/li>\n<li>Pied de page personnalisable avec plusieurs zones de widget<\/li>\n<li>SEO optimis\u00e9 pour un meilleur classement des moteurs de recherche<\/li>\n<li>Importation de d\u00e9mo en un clic pour configurer rapidement votre site pour ressembler \u00e0 la d\u00e9mo du th\u00e8me<\/li>\n<li>Soutien rapide et amical de l&rsquo;\u00e9quipe CSS Igniter.<\/li>\n<\/ul>\n","protected":false},"excerpt":{"rendered":"<p>D\u00e9couvrez la simplicit\u00e9 et l&rsquo;\u00e9l\u00e9gance du th\u00e8me WordPress de l&rsquo;Ingiliter Paperbag WordPress. Lib\u00e9rez votre cr\u00e9ativit\u00e9 avec notre th\u00e8me hautement personnalisable, con\u00e7u pour offrir une exp\u00e9rience transparente aux d\u00e9butants et aux d\u00e9veloppeurs exp\u00e9riment\u00e9s. Avec sa disposition propre, Paperbag vous permet de mettre en \u00e9vidence votre contenu de mani\u00e8re attrayante.<\/p>\n<p>Que vous soyez un blogueur, un professionnel cr\u00e9atif ou un propri\u00e9taire d&rsquo;entreprise, la flexibilit\u00e9 de Paperbag en fait un choix id\u00e9al pour toute pr\u00e9sence en ligne. Le th\u00e8me est incroyablement r\u00e9actif, garantissant que votre site Web est magnifique sur n&rsquo;importe quel appareil. Il prend \u00e9galement en charge plusieurs formats de poste, vous permettant d&rsquo;exprimer vos id\u00e9es de diverses mani\u00e8res.<\/p>\n<p>La fonction de personnalisation en direct vous permet de modifier l&rsquo;apparence du th\u00e8me en temps r\u00e9el. Vous pouvez changer les couleurs, les polices et les dispositions et voir les r\u00e9sultats instantan\u00e9ment. De plus, Paperbag prend en charge WooCommerce, vous permettant de configurer facilement une boutique en ligne.<\/p>\n<p>Avec une documentation approfondie et un soutien d\u00e9di\u00e9, le d\u00e9but de la papier est un jeu d&rsquo;enfant. Sa conception optimis\u00e9e SEO garantit que votre site Web se classe \u00e9lev\u00e9 dans les r\u00e9sultats de recherche, augmentant<\/p>\n","protected":false},"featured_media":143478,"comment_status":"open","ping_status":"open","template":"","meta":[],"product_brand":[2499],"product_cat":[1220,1212,1213],"product_tag":[2187],"class_list":{"0":"post-121296","1":"product","2":"type-product","3":"status-publish","4":"has-post-thumbnail","6":"product_brand-css-igniter","7":"product_cat-blog-magazine","8":"product_cat-themes","9":"product_cat-wordpress-themes","10":"product_tag-css-igniter","11":"member-discount","12":"discount-restricted","14":"first","15":"instock","16":"sale","17":"downloadable","18":"virtual","19":"sold-individually","20":"purchasable","21":"product-type-simple"},"_links":{"self":[{"href":"https:\/\/gpl-love.com\/fr\/wp-json\/wp\/v2\/product\/121296","targetHints":{"allow":["GET"]}}],"collection":[{"href":"https:\/\/gpl-love.com\/fr\/wp-json\/wp\/v2\/product"}],"about":[{"href":"https:\/\/gpl-love.com\/fr\/wp-json\/wp\/v2\/types\/product"}],"replies":[{"embeddable":true,"href":"https:\/\/gpl-love.com\/fr\/wp-json\/wp\/v2\/comments?post=121296"}],"wp:featuredmedia":[{"embeddable":true,"href":"https:\/\/gpl-love.com\/fr\/wp-json\/wp\/v2\/media\/143478"}],"wp:attachment":[{"href":"https:\/\/gpl-love.com\/fr\/wp-json\/wp\/v2\/media?parent=121296"}],"wp:term":[{"taxonomy":"product_brand","embeddable":true,"href":"https:\/\/gpl-love.com\/fr\/wp-json\/wp\/v2\/product_brand?post=121296"},{"taxonomy":"product_cat","embeddable":true,"href":"https:\/\/gpl-love.com\/fr\/wp-json\/wp\/v2\/product_cat?post=121296"},{"taxonomy":"product_tag","embeddable":true,"href":"https:\/\/gpl-love.com\/fr\/wp-json\/wp\/v2\/product_tag?post=121296"}],"curies":[{"name":"wp","href":"https:\/\/api.w.org\/{rel}","templated":true}]}}