{"id":121295,"date":"2022-02-10T00:00:00","date_gmt":"2022-02-09T23:00:00","guid":{"rendered":"https:\/\/gpl-love.com\/fr\/produit\/css-igniter-oscillator-wordpress-theme\/"},"modified":"2026-03-20T22:59:54","modified_gmt":"2026-03-20T21:59:54","slug":"css-igniter-oscillator-wordpress-theme","status":"publish","type":"product","link":"https:\/\/gpl-love.com\/fr\/produit\/css-igniter-oscillator-wordpress-theme\/","title":{"rendered":"CSS Igniter Oscillator WordPress Theme 1.5.2"},"content":{"rendered":"<h3>CSS Igniter Oscillator WordPress Theme Traits<\/h3>\n<p>Le th\u00e8me WordPress de l&rsquo;oscillateur CSS Igniter est un mod\u00e8le de conception tr\u00e8s sophistiqu\u00e9 et de pointe qui permet aux utilisateurs de cr\u00e9er sans effort un site Web qui d\u00e9gage le professionnalisme. En raison de ses options de personnalisation conviviales, les individus ont la possibilit\u00e9 d&rsquo;adapter la disposition, la palette de couleurs et les polices pour s&rsquo;aligner sur la personnalit\u00e9 unique de leur marque. De plus, ce th\u00e8me poss\u00e8de une r\u00e9activit\u00e9 compl\u00e8te, assurant ainsi une compatibilit\u00e9 transparente sur tous les appareils. De plus, il fournit une vaste gamme de mod\u00e8les pr\u00e9-con\u00e7us pour des pages cruciales telles que Home, About et Portfolio. Avec un accent ferme sur l&rsquo;optimisation des moteurs de recherche, le th\u00e8me de l&rsquo;oscillateur garantit que votre site Web obtiendra un placement louable dans les r\u00e9sultats de recherche. Par cons\u00e9quent, ce produit riche en fonctionnalit\u00e9s et polyvalent sert de solution ultime pour les propri\u00e9taires d&rsquo;entreprise, les blogueurs et les cr\u00e9atifs \u00e0 la recherche d&rsquo;une pr\u00e9sence en ligne impeccablement raffin\u00e9e et polie.<\/p>\n<ul>\n<li>Un th\u00e8me WordPress \u00e9l\u00e9gant et moderne qui est parfait pour pr\u00e9senter un travail cr\u00e9atif<\/li>\n<li>Options de couleurs vibrantes et audacieuses qui peuvent \u00eatre enti\u00e8rement personnalis\u00e9es pour correspondre \u00e0 votre marque ou \u00e0 votre style personnel<\/li>\n<li>Des images d&rsquo;arri\u00e8re-plan complet accrocheuses qui ajoutent de la profondeur et de l&rsquo;int\u00e9r\u00eat visuel \u00e0 votre site<\/li>\n<li>Options de personnalisation simples et intuitives, y compris un constructeur de page d&rsquo;accueil glisser-d\u00e9poser et un panneau d&rsquo;options de th\u00e8me facile \u00e0 utiliser<\/li>\n<li>Conception r\u00e9active qui a fi\u00e8re allure sur tous les appareils, des grands \u00e9crans de bureau aux petits appareils mobiles<\/li>\n<li>Int\u00e9gration avec des plugins WordPress populaires, y compris WooCommerce pour cr\u00e9er une boutique en ligne et des formulaires de gravit\u00e9 pour une cr\u00e9ation de formulaires faciles<\/li>\n<li>Mises \u00e0 jour r\u00e9guli\u00e8res et soutien continu de CSS Igniter, garantissant que votre site reste \u00e0 jour et fonctionne en douceur<\/li>\n<li>Importation de d\u00e9monstration en un clic pour mettre rapidement votre site Web en cours d&rsquo;ex\u00e9cution avec le contenu de d\u00e9monstration pr\u00e9d\u00e9fini pour une personnalisation facile<\/li>\n<li>Code rapide et l\u00e9ger pour am\u00e9liorer la vitesse et les performances du site Web.<\/li>\n<\/ul>\n","protected":false},"excerpt":{"rendered":"<p>Pr\u00e9sentation du th\u00e8me WordPress de l&rsquo;oscillateur par CSS Igniter. Ce th\u00e8me ax\u00e9 sur la musique est parfait pour les musiciens, les DJ, les organisateurs d&rsquo;\u00e9v\u00e9nements et les discoth\u00e8ques. Le th\u00e8me WordPress de l&rsquo;oscillateur propose un lecteur audio en streaming, garantissant que votre public ne manque jamais un battement. Avec son design \u00e9l\u00e9gant et moderne, ce th\u00e8me garantit une impressionnante pr\u00e9sence en ligne. Il a une page d&rsquo;accueil de glisser-d\u00e9poser, ce qui facilite la personnalisation et l&rsquo;adaptation de votre marque. Les autres fonctionnalit\u00e9s incluent la gestion de la discographie, le calendrier des expositions et les widgets personnalis\u00e9s. Le th\u00e8me WordPress de l&rsquo;oscillateur est \u00e9galement enti\u00e8rement r\u00e9actif, garantissant que votre contenu a fi\u00e8re allure sur tous les appareils. De plus, il est optimis\u00e9 SEO pour am\u00e9liorer votre classement de moteur de recherche. Ce th\u00e8me WordPress puissant vous aidera \u00e0 vous d\u00e9marquer dans l&rsquo;industrie de la musique.<\/p>\n","protected":false},"featured_media":143476,"comment_status":"open","ping_status":"open","template":"","meta":[],"product_brand":[2499],"product_cat":[1242,1212,1213],"product_tag":[2187],"class_list":{"0":"post-121295","1":"product","2":"type-product","3":"status-publish","4":"has-post-thumbnail","6":"product_brand-css-igniter","7":"product_cat-creatif","8":"product_cat-themes","9":"product_cat-wordpress-themes","10":"product_tag-css-igniter","11":"member-discount","12":"discount-restricted","14":"first","15":"instock","16":"sale","17":"downloadable","18":"virtual","19":"sold-individually","20":"purchasable","21":"product-type-simple"},"_links":{"self":[{"href":"https:\/\/gpl-love.com\/fr\/wp-json\/wp\/v2\/product\/121295","targetHints":{"allow":["GET"]}}],"collection":[{"href":"https:\/\/gpl-love.com\/fr\/wp-json\/wp\/v2\/product"}],"about":[{"href":"https:\/\/gpl-love.com\/fr\/wp-json\/wp\/v2\/types\/product"}],"replies":[{"embeddable":true,"href":"https:\/\/gpl-love.com\/fr\/wp-json\/wp\/v2\/comments?post=121295"}],"wp:featuredmedia":[{"embeddable":true,"href":"https:\/\/gpl-love.com\/fr\/wp-json\/wp\/v2\/media\/143476"}],"wp:attachment":[{"href":"https:\/\/gpl-love.com\/fr\/wp-json\/wp\/v2\/media?parent=121295"}],"wp:term":[{"taxonomy":"product_brand","embeddable":true,"href":"https:\/\/gpl-love.com\/fr\/wp-json\/wp\/v2\/product_brand?post=121295"},{"taxonomy":"product_cat","embeddable":true,"href":"https:\/\/gpl-love.com\/fr\/wp-json\/wp\/v2\/product_cat?post=121295"},{"taxonomy":"product_tag","embeddable":true,"href":"https:\/\/gpl-love.com\/fr\/wp-json\/wp\/v2\/product_tag?post=121295"}],"curies":[{"name":"wp","href":"https:\/\/api.w.org\/{rel}","templated":true}]}}